{"id":518,"date":"2019-12-29T20:21:09","date_gmt":"2019-12-29T19:21:09","guid":{"rendered":"http:\/\/psychologue-larochelle-rochefort.fr\/?page_id=518"},"modified":"2020-05-18T03:03:32","modified_gmt":"2020-05-18T02:03:32","slug":"pour-venir-au-cabinet","status":"publish","type":"page","link":"http:\/\/psychologue-larochelle-rochefort.fr\/?page_id=518","title":{"rendered":"Localisation"},"content":{"rendered":"\n<ul class=\"wp-block-gallery columns-2 is-cropped wp-block-gallery-1 is-layout-flex wp-block-gallery-is-layout-flex\"><li class=\"blocks-gallery-item\"><figure><img loading=\"lazy\" decoding=\"async\" width=\"800\" height=\"600\" src=\"http:\/\/psychologue-larochelle-rochefort.fr\/wp-content\/uploads\/2019\/12\/pole-m\u00e9dical-entr\u00e9e-1-2.jpg\" alt=\"\" data-id=\"515\" data-link=\"http:\/\/psychologue-larochelle-rochefort.fr\/?attachment_id=515\" class=\"wp-image-515\" srcset=\"http:\/\/psychologue-larochelle-rochefort.fr\/wp-content\/uploads\/2019\/12\/pole-m\u00e9dical-entr\u00e9e-1-2.jpg 800w, http:\/\/psychologue-larochelle-rochefort.fr\/wp-content\/uploads\/2019\/12\/pole-m\u00e9dical-entr\u00e9e-1-2-300x225.jpg 300w, http:\/\/psychologue-larochelle-rochefort.fr\/wp-content\/uploads\/2019\/12\/pole-m\u00e9dical-entr\u00e9e-1-2-768x576.jpg 768w\" sizes=\"auto, (max-width: 800px) 100vw, 800px\" \/><\/figure><\/li><li class=\"blocks-gallery-item\"><figure><img loading=\"lazy\" decoding=\"async\" width=\"490\" height=\"280\" src=\"http:\/\/psychologue-larochelle-rochefort.fr\/wp-content\/uploads\/2019\/12\/pole-m\u00e9dical-entr\u00e9e-2.jpg\" alt=\"\" data-id=\"444\" data-link=\"http:\/\/psychologue-larochelle-rochefort.fr\/?attachment_id=444\" class=\"wp-image-444\" srcset=\"http:\/\/psychologue-larochelle-rochefort.fr\/wp-content\/uploads\/2019\/12\/pole-m\u00e9dical-entr\u00e9e-2.jpg 490w, http:\/\/psychologue-larochelle-rochefort.fr\/wp-content\/uploads\/2019\/12\/pole-m\u00e9dical-entr\u00e9e-2-300x171.jpg 300w\" sizes=\"auto, (max-width: 490px) 100vw, 490px\" \/><\/figure><\/li><li class=\"blocks-gallery-item\"><figure><img loading=\"lazy\" decoding=\"async\" width=\"880\" height=\"370\" src=\"http:\/\/psychologue-larochelle-rochefort.fr\/wp-content\/uploads\/2019\/12\/plan-du-pole-m\u00e9dical-2.png\" alt=\"\" data-id=\"522\" data-link=\"http:\/\/psychologue-larochelle-rochefort.fr\/?attachment_id=522\" class=\"wp-image-522\" srcset=\"http:\/\/psychologue-larochelle-rochefort.fr\/wp-content\/uploads\/2019\/12\/plan-du-pole-m\u00e9dical-2.png 880w, http:\/\/psychologue-larochelle-rochefort.fr\/wp-content\/uploads\/2019\/12\/plan-du-pole-m\u00e9dical-2-300x126.png 300w, http:\/\/psychologue-larochelle-rochefort.fr\/wp-content\/uploads\/2019\/12\/plan-du-pole-m\u00e9dical-2-768x323.png 768w\" sizes=\"auto, (max-width: 880px) 100vw, 880px\" \/><\/figure><\/li><\/ul>\n\n\n<p><span style=\"color: #000080;\">P\u00f4le M\u00e9dical Centre Atlantic<\/span><br><span style=\"color: #000080;\">Cabinet de Psychologie, Neuropsychologie et Formations <\/span><br><span style=\"color: #000080;\">Les Petits Bonneveaux<\/span><br><span style=\"color: #000080;\">29 rue des Terriers &nbsp; (anciennement 29 rue des Petits Bonneveaux)<\/span><br><span style=\"color: #000080;\">17220 ST VIVIEN&nbsp;<\/span><\/p>\n<p><span style=\"text-decoration: underline;\">Venir en Bus y\u00e9lo ligne 19<\/span> : arr\u00eat au niveau du P\u00f4le M\u00e9dical <br><span style=\"text-decoration: underline;\">Venir en train<\/span> : Gare de Chatelaillon puis bus<br><span style=\"text-decoration: underline;\">Venir en voiture<\/span> : De la rocade La Rochelle \/ Rochefort : <br>1. Prendre <strong>sortie<\/strong> : <strong>Chatelaillon \/ Salles sur Mer \/ St Vivien<\/strong><br>2. Prendre la <strong>D109 \u00ab\u00a0rue des Petits Bonneveaux\u00a0\u00bb<\/strong> (route pour aller \u00e0 <strong>Salles sur Mer<\/strong>)<br>Le P\u00f4le M\u00e9dical Centre Atlantic n&rsquo;est pas visible de la route, <br>il est situ\u00e9 presqu&rsquo;en face de l&rsquo;Intermarch\u00e9 \/ Pharmacie l&rsquo;Oc\u00e9ane. <br>3. La rue des Terriers (nouvelle rue) se situe <strong>entre le B\u00e2timent bleu Isis M\u00e9dical et l&rsquo;Arr\u00eat de Bus.<\/strong> <br>4. Vous pourrez vous garer gratuitement juste devant le P\u00f4le M\u00e9dical. <br>5. <span style=\"text-decoration: underline;\"><strong>Le Cabinet se situe au 1er \u00e9tage<\/strong><\/span> escalier ou ascenseur, <br>le P\u00f4le M\u00e9dical et Cabinet respectent les Normes handicap\u00e9es.<\/p>\n\n\n<a href=\"https:\/\/www.doctolib.fr\/psychologue\/saint-vivien\/sabrina-mamoun-gailler?utm_campaign=website-button&amp;utm_source=sabrina-mamoun-gailler-website-button&amp;utm_medium=referral&amp;utm_content=option-5&amp;utm_term=sabrina-mamoun-gailler\" style=\"display:block;text-align:center;background-color:#0596DE;color:#ffffff;font-size:14px;overflow:hidden;width:257px;height:40px;border-bottom-right-radius:none;border-bottom-left-radius:none;position:fixed;bottom:0;right:5px;z-index:1000;border-top-left-radius:4px;border-top-right-radius:4px;line-height:40px\" target=\"_blank\" data-reactroot=\"\" rel=\"noopener noreferrer\"><span style=\"font-size:13px\">Prendre rendez-vous en ligne<\/span><img decoding=\"async\" style=\"height:15px;margin-bottom:3px;vertical-align:middle;width:auto\" src=\"https:\/\/pro.doctolib.fr\/external_button\/doctolib-white-transparent.png\" alt=\"Doctolib\"\/><\/a>\n","protected":false},"excerpt":{"rendered":"<p>P\u00f4le M\u00e9dical Centre AtlanticCabinet de Psychologie, Neuropsychologie et Formations Les Petits Bonneveaux29 rue des Terriers &nbsp; (anciennement 29 rue des Petits Bonneveaux)17220 ST VIVIEN&nbsp; Venir en Bus y\u00e9lo ligne 19 : arr\u00eat au niveau du P\u00f4le M\u00e9dical Venir en train : Gare de Chatelaillon puis busVenir en voiture : De la rocade La Rochelle \/ &hellip; <\/p>\n<p><a class=\"more-link btn\" href=\"http:\/\/psychologue-larochelle-rochefort.fr\/?page_id=518\">Lire la suite<\/a><\/p>\n","protected":false},"author":1,"featured_media":0,"parent":0,"menu_order":12,"comment_status":"closed","ping_status":"closed","template":"template-twocolumnsright.php","meta":{"footnotes":""},"class_list":["post-518","page","type-page","status-publish","hentry","nodate","item-wrap"],"yoast_head":"<!-- This site is optimized with the Yoast SEO plugin v20.1 - https:\/\/yoast.com\/wordpress\/plugins\/seo\/ -->\n<title>Localisation -<\/title>\n<meta name=\"robots\" content=\"index, follow, max-snippet:-1, max-image-preview:large, max-video-preview:-1\" \/>\n<link rel=\"canonical\" href=\"http:\/\/psychologue-larochelle-rochefort.fr\/?page_id=518\" \/>\n<meta property=\"og:locale\" content=\"fr_FR\" \/>\n<meta property=\"og:type\" content=\"article\" \/>\n<meta property=\"og:title\" content=\"Localisation -\" \/>\n<meta property=\"og:description\" content=\"P\u00f4le M\u00e9dical Centre AtlanticCabinet de Psychologie, Neuropsychologie et Formations Les Petits Bonneveaux29 rue des Terriers &nbsp; (anciennement 29 rue des Petits Bonneveaux)17220 ST VIVIEN&nbsp; Venir en Bus y\u00e9lo ligne 19 : arr\u00eat au niveau du P\u00f4le M\u00e9dical Venir en train : Gare de Chatelaillon puis busVenir en voiture : De la rocade La Rochelle \/ &hellip; Lire la suite\" \/>\n<meta property=\"og:url\" content=\"http:\/\/psychologue-larochelle-rochefort.fr\/?page_id=518\" \/>\n<meta property=\"article:modified_time\" content=\"2020-05-18T02:03:32+00:00\" \/>\n<meta property=\"og:image\" content=\"https:\/\/pro.doctolib.fr\/external_button\/doctolib-white-transparent.png\" \/>\n<meta name=\"twitter:label1\" content=\"Dur\u00e9e de lecture estim\u00e9e\" \/>\n\t<meta name=\"twitter:data1\" content=\"1 minute\" \/>\n<script type=\"application\/ld+json\" class=\"yoast-schema-graph\">{\"@context\":\"https:\/\/schema.org\",\"@graph\":[{\"@type\":\"WebPage\",\"@id\":\"http:\/\/psychologue-larochelle-rochefort.fr\/?page_id=518\",\"url\":\"http:\/\/psychologue-larochelle-rochefort.fr\/?page_id=518\",\"name\":\"Localisation -\",\"isPartOf\":{\"@id\":\"http:\/\/psychologue-larochelle-rochefort.fr\/#website\"},\"datePublished\":\"2019-12-29T19:21:09+00:00\",\"dateModified\":\"2020-05-18T02:03:32+00:00\",\"breadcrumb\":{\"@id\":\"http:\/\/psychologue-larochelle-rochefort.fr\/?page_id=518#breadcrumb\"},\"inLanguage\":\"fr-FR\",\"potentialAction\":[{\"@type\":\"ReadAction\",\"target\":[\"http:\/\/psychologue-larochelle-rochefort.fr\/?page_id=518\"]}]},{\"@type\":\"BreadcrumbList\",\"@id\":\"http:\/\/psychologue-larochelle-rochefort.fr\/?page_id=518#breadcrumb\",\"itemListElement\":[{\"@type\":\"ListItem\",\"position\":1,\"name\":\"Accueil\",\"item\":\"http:\/\/psychologue-larochelle-rochefort.fr\/\"},{\"@type\":\"ListItem\",\"position\":2,\"name\":\"Localisation\"}]},{\"@type\":\"WebSite\",\"@id\":\"http:\/\/psychologue-larochelle-rochefort.fr\/#website\",\"url\":\"http:\/\/psychologue-larochelle-rochefort.fr\/\",\"name\":\"\",\"description\":\"Cabinet de Psychologie\",\"potentialAction\":[{\"@type\":\"SearchAction\",\"target\":{\"@type\":\"EntryPoint\",\"urlTemplate\":\"http:\/\/psychologue-larochelle-rochefort.fr\/?s={search_term_string}\"},\"query-input\":\"required name=search_term_string\"}],\"inLanguage\":\"fr-FR\"}]}<\/script>\n<!-- \/ Yoast SEO plugin. -->","yoast_head_json":{"title":"Localisation -","robots":{"index":"index","follow":"follow","max-snippet":"max-snippet:-1","max-image-preview":"max-image-preview:large","max-video-preview":"max-video-preview:-1"},"canonical":"http:\/\/psychologue-larochelle-rochefort.fr\/?page_id=518","og_locale":"fr_FR","og_type":"article","og_title":"Localisation -","og_description":"P\u00f4le M\u00e9dical Centre AtlanticCabinet de Psychologie, Neuropsychologie et Formations Les Petits Bonneveaux29 rue des Terriers &nbsp; (anciennement 29 rue des Petits Bonneveaux)17220 ST VIVIEN&nbsp; Venir en Bus y\u00e9lo ligne 19 : arr\u00eat au niveau du P\u00f4le M\u00e9dical Venir en train : Gare de Chatelaillon puis busVenir en voiture : De la rocade La Rochelle \/ &hellip; Lire la suite","og_url":"http:\/\/psychologue-larochelle-rochefort.fr\/?page_id=518","article_modified_time":"2020-05-18T02:03:32+00:00","og_image":[{"url":"https:\/\/pro.doctolib.fr\/external_button\/doctolib-white-transparent.png"}],"twitter_misc":{"Dur\u00e9e de lecture estim\u00e9e":"1 minute"},"schema":{"@context":"https:\/\/schema.org","@graph":[{"@type":"WebPage","@id":"http:\/\/psychologue-larochelle-rochefort.fr\/?page_id=518","url":"http:\/\/psychologue-larochelle-rochefort.fr\/?page_id=518","name":"Localisation -","isPartOf":{"@id":"http:\/\/psychologue-larochelle-rochefort.fr\/#website"},"datePublished":"2019-12-29T19:21:09+00:00","dateModified":"2020-05-18T02:03:32+00:00","breadcrumb":{"@id":"http:\/\/psychologue-larochelle-rochefort.fr\/?page_id=518#breadcrumb"},"inLanguage":"fr-FR","potentialAction":[{"@type":"ReadAction","target":["http:\/\/psychologue-larochelle-rochefort.fr\/?page_id=518"]}]},{"@type":"BreadcrumbList","@id":"http:\/\/psychologue-larochelle-rochefort.fr\/?page_id=518#breadcrumb","itemListElement":[{"@type":"ListItem","position":1,"name":"Accueil","item":"http:\/\/psychologue-larochelle-rochefort.fr\/"},{"@type":"ListItem","position":2,"name":"Localisation"}]},{"@type":"WebSite","@id":"http:\/\/psychologue-larochelle-rochefort.fr\/#website","url":"http:\/\/psychologue-larochelle-rochefort.fr\/","name":"","description":"Cabinet de Psychologie","potentialAction":[{"@type":"SearchAction","target":{"@type":"EntryPoint","urlTemplate":"http:\/\/psychologue-larochelle-rochefort.fr\/?s={search_term_string}"},"query-input":"required name=search_term_string"}],"inLanguage":"fr-FR"}]}},"_links":{"self":[{"href":"http:\/\/psychologue-larochelle-rochefort.fr\/index.php?rest_route=\/wp\/v2\/pages\/518","targetHints":{"allow":["GET"]}}],"collection":[{"href":"http:\/\/psychologue-larochelle-rochefort.fr\/index.php?rest_route=\/wp\/v2\/pages"}],"about":[{"href":"http:\/\/psychologue-larochelle-rochefort.fr\/index.php?rest_route=\/wp\/v2\/types\/page"}],"author":[{"embeddable":true,"href":"http:\/\/psychologue-larochelle-rochefort.fr\/index.php?rest_route=\/wp\/v2\/users\/1"}],"replies":[{"embeddable":true,"href":"http:\/\/psychologue-larochelle-rochefort.fr\/index.php?rest_route=%2Fwp%2Fv2%2Fcomments&post=518"}],"version-history":[{"count":18,"href":"http:\/\/psychologue-larochelle-rochefort.fr\/index.php?rest_route=\/wp\/v2\/pages\/518\/revisions"}],"predecessor-version":[{"id":1220,"href":"http:\/\/psychologue-larochelle-rochefort.fr\/index.php?rest_route=\/wp\/v2\/pages\/518\/revisions\/1220"}],"wp:attachment":[{"href":"http:\/\/psychologue-larochelle-rochefort.fr\/index.php?rest_route=%2Fwp%2Fv2%2Fmedia&parent=518"}],"curies":[{"name":"wp","href":"https:\/\/api.w.org\/{rel}","templated":true}]}}