{"id":101,"date":"2016-08-25T17:17:48","date_gmt":"2016-08-25T16:17:48","guid":{"rendered":"http:\/\/psychologue-larochelle-rochefort.fr\/?page_id=101"},"modified":"2025-01-25T15:32:28","modified_gmt":"2025-01-25T14:32:28","slug":"communiquer-bebes-signes-bebes-signeurs","status":"publish","type":"page","link":"https:\/\/psychologue-larochelle-rochefort.fr\/?page_id=101","title":{"rendered":"Communiquer avec les b\u00e9b\u00e9s en signes (B\u00e9b\u00e9s Signeurs) &#8211;  Ateliers et Formation agr\u00e9\u00e9e AU CABINET \/ EN LIGNE"},"content":{"rendered":"\n<p><\/p>\n\n\n<h3 id=\"WRchTxta-3jv\" class=\"s4\" data-reactid=\".0.$SITE_ROOT.$desktop_siteRoot.$PAGES_CONTAINER.1.1.$SITE_PAGES.$c1w1e.1.$WRchTxta-3jv\"><span style=\"color: #ff0000;\"><strong><a href=\"http:\/\/psychologue-larochelle-rochefort.fr\/wp-content\/uploads\/2020\/01\/site-bb-signeurs.png\"><img loading=\"lazy\" decoding=\"async\" class=\"wp-image-760 alignleft\" src=\"http:\/\/psychologue-larochelle-rochefort.fr\/wp-content\/uploads\/2020\/01\/site-bb-signeurs.png\" alt=\"\" width=\"224\" height=\"154\" srcset=\"https:\/\/psychologue-larochelle-rochefort.fr\/wp-content\/uploads\/2020\/01\/site-bb-signeurs.png 331w, https:\/\/psychologue-larochelle-rochefort.fr\/wp-content\/uploads\/2020\/01\/site-bb-signeurs-300x206.png 300w\" sizes=\"auto, (max-width: 224px) 100vw, 224px\" \/><\/a><span style=\"color: #008080;\">Signer avec des enfants entendants? Une dr\u00f4le d&rsquo;id\u00e9e !!!<br \/><\/span><\/strong><\/span><span style=\"color: #008080;\"><strong>Eh bien pas du tout, c&rsquo;est une merveilleuse fa\u00e7on de communiquer avec eux avant qu&rsquo;ils ne parlent<\/strong><\/span><\/h3>\n<p class=\"s4\" data-reactid=\".0.$SITE_ROOT.$desktop_siteRoot.$PAGES_CONTAINER.1.1.$SITE_PAGES.$c1w1e.1.$WRchTxta-3jv\"><strong><span style=\"text-decoration: underline;\">Parents, Professionnel(le)s<\/span><\/strong> Petite Enfance, cet outil vous permettra de mieux comprendre les besoins des\u00a0touts petits qui ne parlent pas encore et vous permettra alors de mieux communiquer.<\/p>\n<p class=\"s4\" data-reactid=\".0.$SITE_ROOT.$desktop_siteRoot.$PAGES_CONTAINER.1.1.$SITE_PAGES.$c1w1e.1.$WRchTxta-3jv\">Je propose des ATELIERS individuels \/en groupe et des FORMATIONS depuis 2011 dans le d\u00e9partement 17<br \/>et depuis mars 2020, des ATELIERS EN LIGNE .<\/p>\n<h3><strong><span style=\"color: #008080;\">1. Pourquoi Signer avec des enfants entendants?<\/span><\/strong><\/h3>\n<p>Votre enfant a des choses \u00e0 vous dire bien avant de pouvoir parler !<\/p>\n<p>Les enfants <strong>ma\u00eetrisent bien plus t\u00f4t et plus rapidement les muscles de leurs bras et de leurs mains<\/strong> que ceux de leur bouche. Ils sont <strong>capables de communiquer par gestes bien avant de pouvoir le faire oralement<\/strong>.<\/p>\n<p>L&rsquo;utilisation de la langue des signes permet aux enfants \u201cpr\u00e9verbaux\u201d de disposer rapidement d&rsquo;un large vocabulaire pour <span style=\"text-decoration: underline;\"><strong>s&rsquo;exprimer et \u00eatre mieux compris<\/strong><\/span> de leur entourage en attendant que la parole se mette en place.<\/p>\n<p>A travers des <strong>ateliers ludiques<\/strong>, le jeune enfant de moins de 3 ans, va pouvoir <strong>communiquer avant de pouvoir parler <\/strong>d\u00e8s qu&rsquo;il en aura l&rsquo;envie et la capacit\u00e9 gestuelle (8\/9 mois).<\/p>\n<p>Il pourra exprimer ses <strong>\u00e9motions, ses ressentis, ses besoins<\/strong> : vous dire s&rsquo;il est\u00a0 fatigu\u00e9, s&rsquo;il est en col\u00e8re, s\u2019il veut faire pipi, caca, changer sa couche, s&rsquo;il veut jouer, se promener, ou bien s&rsquo;il veut encore un g\u00e2teau.<\/p>\n<p class=\"font_7\"><strong>Les ateliers\u00a0 B\u00e9b\u00e9s Signeurs <\/strong>permettent alors aux jeunes enfants de <strong>COMMUNIQUER\u00a0avec des signes appropri\u00e9s et compris des adultes rempla\u00e7ant ainsi les signes de frustrations : les pleurs,\u00a0cris, col\u00e8res, \u00a0\u2026<\/strong><\/p>\n<p class=\"font_7\">De ce fait, \u00a0les touts petits et les\u00a0adultes partageront une<strong> communication respectueuse,\u00a0privil\u00e9gi\u00e9e <\/strong>ainsi qu&rsquo;<strong>une complicit\u00e9 renforc\u00e9e.<\/strong><\/p>\n<p class=\"font_7\">Ce n&rsquo;est pas parce que vous signez que vous arr\u00eaterez de parler aux enfants!<\/p>\n<p class=\"font_7\">Vous continuerez \u00e0 <span style=\"text-decoration: underline;\"><strong>parler normalement mais vous accompagnerez \u00e0 votre parole,\u00a0quelques signes pour faciliter la communication<\/strong><\/span> avec les touts petits<br \/>Nous baignons dans la communication orale, le reste de l&rsquo;entourage continuera aussi \u00e0 s&rsquo;adresser oralement aux enfants, et les enfants continueront \u00e0 vouloir communiquer avec les autres!<\/p>\n<h3 class=\"font_7\"><strong><span class=\"color_3\" style=\"color: #008080;\">2. Quand commencer ?<\/span><\/strong><\/h3>\n<p class=\"font_7\">Certains <span style=\"text-decoration: underline;\"><strong>parents<\/strong> <\/span>commencent <strong>d\u00e8s la naissance<\/strong> de leur enfant et s&rsquo;approprient peu \u00e0 peu les signes relatifs \u00e0 leur quotidien.<\/p>\n<p class=\"font_7\">D&rsquo;autres parents commencent <strong>vers les 5-6 mois<\/strong> de leur enfant, quand il devient de plus en plus attentif et commence \u00e0 jouer avec ses mains.<\/p>\n<p class=\"font_7\">D&rsquo;autres commencent <strong>plus tard<\/strong>, parce qu&rsquo;ils ont d\u00e9couvert cette approche plus tard.<\/p>\n<p class=\"font_7\">En <span style=\"text-decoration: underline;\"><strong>structures<\/strong><\/span>, tout d\u00e9pend de votre projet : je peux intervenir aussi bien sur un groupe de \u00ab\u00a0b\u00e9b\u00e9s\u00a0\u00bb que de \u00ab\u00a0bambins\u00a0\u00bb tout comme un groupe mixte&#8230;.<br \/>je m&rsquo;adapte \u00e0 vos besoins !<\/p>\n<p class=\"font_7\">Les signes de la LSF que vous utiliserez seront produits <strong>en fonction des capacit\u00e9s physiques du jeune enfant<\/strong>.<br \/>Les signes deviendront plus pr\u00e9cis \u00e0 mesure que sa motricit\u00e9 s&rsquo;affinera.<\/p>\n<p class=\"font_7\">Ce qui compte, ce n&rsquo;est pas que l\u2019enfant reproduise les signes parfaitement tout de suite mais que vous le compreniez.<\/p>\n<p class=\"font_7\">Certains enfants commencent \u00e0 signer de fa\u00e7on reconnaissable vers 6 mois, d&rsquo;autres autour de 8-10 mois, d&rsquo;autres encore un peu plus tard.<\/p>\n<p class=\"font_7\">G\u00e9n\u00e9ralement, lorsque l&rsquo;enfant commence \u00e0 faire des geste de la main,\u00a0 tendre les bras, pointer du doigt, et si vous signez, il est fort probable qu&rsquo;il se mettra \u00e0 signer sous peu lui aussi.<\/p>\n<div id=\"WRchTxta-3jv\" class=\"s4\" data-reactid=\".0.$SITE_ROOT.$desktop_siteRoot.$PAGES_CONTAINER.1.1.$SITE_PAGES.$c1w1e.1.$WRchTxta-3jv\">\n<h3 class=\"font_8\"><strong><span style=\"color: #008080;\"><span class=\"color_5\">3. Les <span style=\"text-decoration: underline;\">Th\u00e8mes<\/span><\/span><span class=\"color_5\"> des Ateliers<\/span><\/span> <\/strong><\/h3>\n<p class=\"font_8\"><strong><span style=\"color: #ff6600;\"><span class=\"color_5\"><span style=\"color: #008080;\">\u00a0<\/span><\/span><\/span><\/strong><span style=\"color: #000000;\"><span class=\"color_5\">Ils abordent les th\u00e8mes de la vie du jeune enfant :<br \/><\/span>&#8211;\u00a0\u00a0 Ma journ\u00e9e.<\/span><br \/><span style=\"color: #000000;\"> &#8211;\u00a0\u00a0\u00a0Je me lave et je m&rsquo;habille<\/span><br \/><span style=\"color: #000000;\"> &#8211;\u00a0\u00a0 Je mange<\/span><br \/><span style=\"color: #000000;\"> &#8211;\u00a0\u00a0 Les animaux que j&rsquo;aime<\/span><br \/><span style=\"color: #000000;\"> &#8211;\u00a0\u00a0 Ma maison et l&rsquo;ext\u00e9rieur<\/span><br \/><span style=\"color: #000000;\"> &#8211;\u00a0\u00a0 J&rsquo;exprime mes besoins et mes \u00e9motions.<\/span><\/p>\n<\/div>\n<h4><span style=\"color: #008080;\"><strong>4. des Ateliers pour les PARENTS et PROFESSIONNELS au cabinet<br \/>mais aussi des FORMATIONS agr\u00e9\u00e9es en pr\u00e9sence des b\u00e9b\u00e9s au sein du cabinet ou en structures\u00a0<\/strong><\/span><\/h4>\n<p class=\"font_8\"><strong><span style=\"color: #0000ff;\">EN GROUPE :<\/span> <\/strong><br \/>s\u00e9ance de 45 minutes + un temps d&rsquo;accueil et de s\u00e9paration.<br \/>s\u00e9ances sur les matins.\u00a0<br \/>15 \u20ac la s\u00e9ance (un atelier)\u00a0 &#8211;\u00a0 72 \u20ac pour une session de 6 ateliers *<\/p>\n<p class=\"font_8\"><strong><span style=\"color: #0000ff;\">INDIVIDUELLEMENT<\/span><\/strong> : les s\u00e9ances sont POSSIBLES\u00a0<br \/>les s\u00e9ances sont de 30 minutes et ont lieu les matins sur RDV pris un mois avant.<br \/>au cabinet : 45\u20ac\u00a0 \u00a0 \u00a0 \u00a0 \u00a06 s\u00e9ances : 220\u20ac *<br \/>en visio : 25\u20ac\u00a0 \u00a0 \u00a0 \u00a0 \u00a0 \u00a0 6 s\u00e9ances : 125 \u20ac *<\/p>\n<p class=\"font_8\">R\u00e8glement : ch\u00e8que(s), esp\u00e8ces ou en ligne<br \/>uniquement en ligne pour les s\u00e9ances en visio<br \/>* les s\u00e9ances ne sont pas remboursables ni rattrapables mais une s\u00e9ance peut \u00eatre suivie en visio si b\u00e9b\u00e9 est malade\u00a0<\/p>\n<p><a href=\"http:\/\/psychologue-larochelle-rochefort.fr\/wp-content\/uploads\/2016\/08\/affiche-BS-en-2018.jpg\"><img loading=\"lazy\" decoding=\"async\" class=\"alignnone  wp-image-276\" src=\"http:\/\/psychologue-larochelle-rochefort.fr\/wp-content\/uploads\/2016\/08\/affiche-BS-en-2018-207x300.jpg\" alt=\"\" width=\"304\" height=\"441\" srcset=\"https:\/\/psychologue-larochelle-rochefort.fr\/wp-content\/uploads\/2016\/08\/affiche-BS-en-2018-207x300.jpg 207w, https:\/\/psychologue-larochelle-rochefort.fr\/wp-content\/uploads\/2016\/08\/affiche-BS-en-2018.jpg 530w\" sizes=\"auto, (max-width: 304px) 100vw, 304px\" \/><\/a><\/p>\n<p class=\"font_8\"><span style=\"color: #0000ff;\"><strong><span class=\"color_25\">&#8211; en <span style=\"text-decoration: underline;\">STRUCTURES<\/span> aupr\u00e8s des professionnel(lle)s <\/span><\/strong><\/span><span style=\"color: #000000;\"><span class=\"color_25\"><strong><span style=\"color: #333399;\"><span style=\"color: #0000ff;\">de la petite enfance en cr\u00e8ches, relais d&rsquo;assistantes Maternelles, haltes garderie, centres de loisirs, \u00e9coles, \u00a0&#8230;<\/span><br \/><\/span><\/strong><br \/><\/span><\/span><span style=\"color: #000000;\"><span class=\"color_25\">\u00a0 \u00a0 \u00a0 \u00a0 <\/span><\/span><span style=\"color: #000000;\"><span class=\"color_25\">une <span style=\"color: #0000ff;\"><strong>Formation agr\u00e9\u00e9e<\/strong><\/span> (adaptable \u00e0 vos besoins et ceux de votre \u00e9quipe et qui peut \u00eatre reco-construite)<\/span><\/span><\/p>\n<p class=\"font_8\"><span style=\"color: #000000;\"><span class=\"color_25\">pour les structures associatives, priv\u00e9es, professionnels (Assistantes Maternelles&#8230;. )<br \/>avec financement *\u00a0(contrat de formation, programme d\u00e9taill\u00e9 et facture)\u00a0<\/span><\/span><\/p>\n<p class=\"font_8\"><span style=\"color: #000000;\"><span class=\"color_25\">*Num\u00e9ro d&rsquo;agr\u00e9ment en tant que centre de formation ind\u00e9pendant <\/span><\/span><span style=\"color: #000000;\"><span class=\"color_25\">ou pour les structures municipales par le CNFPT<\/span><\/span><\/p>\n<p class=\"font_8\"><span style=\"color: #000000;\"><span class=\"color_25\">contact : Sabrina MAMOUN GAILLER au 06 26 68 61 78<\/span><\/span><\/p>\n<h4 class=\"font_8\"><span style=\"color: #ff0000;\"><strong>La presse parle des Ateliers &#8230;<\/strong><\/span><\/h4>\n<h4><a href=\"http:\/\/psychologue-larochelle-rochefort.fr\/wp-content\/uploads\/2016\/08\/ateliers-B\u00e9b\u00e9s-signeurs-sud-ouest.png\"><img loading=\"lazy\" decoding=\"async\" class=\"alignnone size-medium wp-image-213\" src=\"http:\/\/psychologue-larochelle-rochefort.fr\/wp-content\/uploads\/2016\/08\/ateliers-B\u00e9b\u00e9s-signeurs-sud-ouest-113x300.png\" alt=\"\" width=\"113\" height=\"300\" srcset=\"https:\/\/psychologue-larochelle-rochefort.fr\/wp-content\/uploads\/2016\/08\/ateliers-B\u00e9b\u00e9s-signeurs-sud-ouest-113x300.png 113w, https:\/\/psychologue-larochelle-rochefort.fr\/wp-content\/uploads\/2016\/08\/ateliers-B\u00e9b\u00e9s-signeurs-sud-ouest-768x2032.png 768w, https:\/\/psychologue-larochelle-rochefort.fr\/wp-content\/uploads\/2016\/08\/ateliers-B\u00e9b\u00e9s-signeurs-sud-ouest-387x1024.png 387w, https:\/\/psychologue-larochelle-rochefort.fr\/wp-content\/uploads\/2016\/08\/ateliers-B\u00e9b\u00e9s-signeurs-sud-ouest.png 786w\" sizes=\"auto, (max-width: 113px) 100vw, 113px\" \/><\/a><\/h4>\n<h5><a href=\"http:\/\/www.sudouest.fr\/2011\/11\/09\/fais-moi-un-signe-548853-1391.php#article-comments\" target=\"_blank\" rel=\"noopener noreferrer\">http:\/\/www.sudouest.fr\/2011\/11\/09\/fais-moi-un-signe-548853-1391.php#article-comments<\/a><\/h5>\n<h5>et \u00e0 la RADIO :\u00a0<a href=\"http:\/\/bebessigneurs17.kazeo.com\/mes-ateliers-bebes-signeurs-a-la-radio-a121525880\" target=\"_blank\" rel=\"noopener noreferrer\">http:\/\/bebessigneurs17.kazeo.com\/mes-ateliers-bebes-signeurs-a-la-radio-a121525880<\/a><\/h5>\n\n\n<a href=\"https:\/\/www.doctolib.fr\/psychologue\/saint-vivien\/sabrina-mamoun-gailler?utm_campaign=website-button&amp;utm_source=sabrina-mamoun-gailler-website-button&amp;utm_medium=referral&amp;utm_content=option-5&amp;utm_term=sabrina-mamoun-gailler\" style=\"display:block;text-align:center;background-color:#0596DE;color:#ffffff;font-size:14px;overflow:hidden;width:257px;height:40px;border-bottom-right-radius:none;border-bottom-left-radius:none;position:fixed;bottom:0;right:5px;z-index:1000;border-top-left-radius:4px;border-top-right-radius:4px;line-height:40px\" target=\"_blank\" data-reactroot=\"\" rel=\"noopener noreferrer\"><span style=\"font-size:13px\">Prendre rendez-vous en ligne<\/span><img decoding=\"async\" style=\"height:15px;margin-bottom:3px;vertical-align:middle;width:auto\" src=\"https:\/\/pro.doctolib.fr\/external_button\/doctolib-white-transparent.png\" alt=\"Doctolib\"><\/a>\n","protected":false},"excerpt":{"rendered":"<p>Signer avec des enfants entendants? Une dr\u00f4le d&rsquo;id\u00e9e !!!Eh bien pas du tout, c&rsquo;est une merveilleuse fa\u00e7on de communiquer avec eux avant qu&rsquo;ils ne parlent Parents, Professionnel(le)s Petite Enfance, cet outil vous permettra de mieux comprendre les besoins des\u00a0touts petits qui ne parlent pas encore et vous permettra alors de mieux communiquer. Je propose des &hellip; <\/p>\n<p><a class=\"more-link btn\" href=\"https:\/\/psychologue-larochelle-rochefort.fr\/?page_id=101\">Lire la suite<\/a><\/p>\n","protected":false},"author":1,"featured_media":0,"parent":677,"menu_order":3,"comment_status":"closed","ping_status":"closed","template":"template-twocolumnsright.php","meta":{"footnotes":""},"class_list":["post-101","page","type-page","status-publish","hentry","nodate","item-wrap"],"yoast_head":"<!-- This site is optimized with the Yoast SEO plugin v20.1 - https:\/\/yoast.com\/wordpress\/plugins\/seo\/ -->\n<title>Communiquer avec les b\u00e9b\u00e9s en signes (B\u00e9b\u00e9s Signeurs) - Ateliers et Formation agr\u00e9\u00e9e AU CABINET \/ EN LIGNE -<\/title>\n<meta name=\"robots\" content=\"index, follow, max-snippet:-1, max-image-preview:large, max-video-preview:-1\" \/>\n<link rel=\"canonical\" href=\"http:\/\/psychologue-larochelle-rochefort.fr\/?page_id=101\" \/>\n<meta property=\"og:locale\" content=\"fr_FR\" \/>\n<meta property=\"og:type\" content=\"article\" \/>\n<meta property=\"og:title\" content=\"Communiquer avec les b\u00e9b\u00e9s en signes (B\u00e9b\u00e9s Signeurs) - Ateliers et Formation agr\u00e9\u00e9e AU CABINET \/ EN LIGNE -\" \/>\n<meta property=\"og:description\" content=\"Signer avec des enfants entendants? Une dr\u00f4le d&rsquo;id\u00e9e !!!Eh bien pas du tout, c&rsquo;est une merveilleuse fa\u00e7on de communiquer avec eux avant qu&rsquo;ils ne parlent Parents, Professionnel(le)s Petite Enfance, cet outil vous permettra de mieux comprendre les besoins des\u00a0touts petits qui ne parlent pas encore et vous permettra alors de mieux communiquer. Je propose des &hellip; Lire la suite\" \/>\n<meta property=\"og:url\" content=\"http:\/\/psychologue-larochelle-rochefort.fr\/?page_id=101\" \/>\n<meta property=\"article:modified_time\" content=\"2025-01-25T14:32:28+00:00\" \/>\n<meta property=\"og:image\" content=\"http:\/\/psychologue-larochelle-rochefort.fr\/wp-content\/uploads\/2020\/01\/site-bb-signeurs.png\" \/>\n<meta name=\"twitter:label1\" content=\"Dur\u00e9e de lecture estim\u00e9e\" \/>\n\t<meta name=\"twitter:data1\" content=\"5 minutes\" \/>\n<script type=\"application\/ld+json\" class=\"yoast-schema-graph\">{\"@context\":\"https:\/\/schema.org\",\"@graph\":[{\"@type\":\"WebPage\",\"@id\":\"http:\/\/psychologue-larochelle-rochefort.fr\/?page_id=101\",\"url\":\"http:\/\/psychologue-larochelle-rochefort.fr\/?page_id=101\",\"name\":\"Communiquer avec les b\u00e9b\u00e9s en signes (B\u00e9b\u00e9s Signeurs) - Ateliers et Formation agr\u00e9\u00e9e AU CABINET \/ EN LIGNE -\",\"isPartOf\":{\"@id\":\"https:\/\/psychologue-larochelle-rochefort.fr\/#website\"},\"datePublished\":\"2016-08-25T16:17:48+00:00\",\"dateModified\":\"2025-01-25T14:32:28+00:00\",\"breadcrumb\":{\"@id\":\"http:\/\/psychologue-larochelle-rochefort.fr\/?page_id=101#breadcrumb\"},\"inLanguage\":\"fr-FR\",\"potentialAction\":[{\"@type\":\"ReadAction\",\"target\":[\"http:\/\/psychologue-larochelle-rochefort.fr\/?page_id=101\"]}]},{\"@type\":\"BreadcrumbList\",\"@id\":\"http:\/\/psychologue-larochelle-rochefort.fr\/?page_id=101#breadcrumb\",\"itemListElement\":[{\"@type\":\"ListItem\",\"position\":1,\"name\":\"Accueil\",\"item\":\"https:\/\/psychologue-larochelle-rochefort.fr\/\"},{\"@type\":\"ListItem\",\"position\":2,\"name\":\"ATELIERS \/ FORMATIONS \/ GROUPES de PAROLE \u2026 AU CABINET &#8211; EN STRUCTURES &#8211; EN LIGNE\",\"item\":\"https:\/\/psychologue-larochelle-rochefort.fr\/?page_id=677\"},{\"@type\":\"ListItem\",\"position\":3,\"name\":\"Communiquer avec les b\u00e9b\u00e9s en signes (B\u00e9b\u00e9s Signeurs) &#8211; Ateliers et Formation agr\u00e9\u00e9e AU CABINET \/ EN LIGNE\"}]},{\"@type\":\"WebSite\",\"@id\":\"https:\/\/psychologue-larochelle-rochefort.fr\/#website\",\"url\":\"https:\/\/psychologue-larochelle-rochefort.fr\/\",\"name\":\"\",\"description\":\"Cabinet de Psychologie\",\"potentialAction\":[{\"@type\":\"SearchAction\",\"target\":{\"@type\":\"EntryPoint\",\"urlTemplate\":\"https:\/\/psychologue-larochelle-rochefort.fr\/?s={search_term_string}\"},\"query-input\":\"required name=search_term_string\"}],\"inLanguage\":\"fr-FR\"}]}<\/script>\n<!-- \/ Yoast SEO plugin. -->","yoast_head_json":{"title":"Communiquer avec les b\u00e9b\u00e9s en signes (B\u00e9b\u00e9s Signeurs) - Ateliers et Formation agr\u00e9\u00e9e AU CABINET \/ EN LIGNE -","robots":{"index":"index","follow":"follow","max-snippet":"max-snippet:-1","max-image-preview":"max-image-preview:large","max-video-preview":"max-video-preview:-1"},"canonical":"http:\/\/psychologue-larochelle-rochefort.fr\/?page_id=101","og_locale":"fr_FR","og_type":"article","og_title":"Communiquer avec les b\u00e9b\u00e9s en signes (B\u00e9b\u00e9s Signeurs) - Ateliers et Formation agr\u00e9\u00e9e AU CABINET \/ EN LIGNE -","og_description":"Signer avec des enfants entendants? Une dr\u00f4le d&rsquo;id\u00e9e !!!Eh bien pas du tout, c&rsquo;est une merveilleuse fa\u00e7on de communiquer avec eux avant qu&rsquo;ils ne parlent Parents, Professionnel(le)s Petite Enfance, cet outil vous permettra de mieux comprendre les besoins des\u00a0touts petits qui ne parlent pas encore et vous permettra alors de mieux communiquer. Je propose des &hellip; Lire la suite","og_url":"http:\/\/psychologue-larochelle-rochefort.fr\/?page_id=101","article_modified_time":"2025-01-25T14:32:28+00:00","og_image":[{"url":"http:\/\/psychologue-larochelle-rochefort.fr\/wp-content\/uploads\/2020\/01\/site-bb-signeurs.png"}],"twitter_misc":{"Dur\u00e9e de lecture estim\u00e9e":"5 minutes"},"schema":{"@context":"https:\/\/schema.org","@graph":[{"@type":"WebPage","@id":"http:\/\/psychologue-larochelle-rochefort.fr\/?page_id=101","url":"http:\/\/psychologue-larochelle-rochefort.fr\/?page_id=101","name":"Communiquer avec les b\u00e9b\u00e9s en signes (B\u00e9b\u00e9s Signeurs) - Ateliers et Formation agr\u00e9\u00e9e AU CABINET \/ EN LIGNE -","isPartOf":{"@id":"https:\/\/psychologue-larochelle-rochefort.fr\/#website"},"datePublished":"2016-08-25T16:17:48+00:00","dateModified":"2025-01-25T14:32:28+00:00","breadcrumb":{"@id":"http:\/\/psychologue-larochelle-rochefort.fr\/?page_id=101#breadcrumb"},"inLanguage":"fr-FR","potentialAction":[{"@type":"ReadAction","target":["http:\/\/psychologue-larochelle-rochefort.fr\/?page_id=101"]}]},{"@type":"BreadcrumbList","@id":"http:\/\/psychologue-larochelle-rochefort.fr\/?page_id=101#breadcrumb","itemListElement":[{"@type":"ListItem","position":1,"name":"Accueil","item":"https:\/\/psychologue-larochelle-rochefort.fr\/"},{"@type":"ListItem","position":2,"name":"ATELIERS \/ FORMATIONS \/ GROUPES de PAROLE \u2026 AU CABINET &#8211; EN STRUCTURES &#8211; EN LIGNE","item":"https:\/\/psychologue-larochelle-rochefort.fr\/?page_id=677"},{"@type":"ListItem","position":3,"name":"Communiquer avec les b\u00e9b\u00e9s en signes (B\u00e9b\u00e9s Signeurs) &#8211; Ateliers et Formation agr\u00e9\u00e9e AU CABINET \/ EN LIGNE"}]},{"@type":"WebSite","@id":"https:\/\/psychologue-larochelle-rochefort.fr\/#website","url":"https:\/\/psychologue-larochelle-rochefort.fr\/","name":"","description":"Cabinet de Psychologie","potentialAction":[{"@type":"SearchAction","target":{"@type":"EntryPoint","urlTemplate":"https:\/\/psychologue-larochelle-rochefort.fr\/?s={search_term_string}"},"query-input":"required name=search_term_string"}],"inLanguage":"fr-FR"}]}},"_links":{"self":[{"href":"https:\/\/psychologue-larochelle-rochefort.fr\/index.php?rest_route=\/wp\/v2\/pages\/101","targetHints":{"allow":["GET"]}}],"collection":[{"href":"https:\/\/psychologue-larochelle-rochefort.fr\/index.php?rest_route=\/wp\/v2\/pages"}],"about":[{"href":"https:\/\/psychologue-larochelle-rochefort.fr\/index.php?rest_route=\/wp\/v2\/types\/page"}],"author":[{"embeddable":true,"href":"https:\/\/psychologue-larochelle-rochefort.fr\/index.php?rest_route=\/wp\/v2\/users\/1"}],"replies":[{"embeddable":true,"href":"https:\/\/psychologue-larochelle-rochefort.fr\/index.php?rest_route=%2Fwp%2Fv2%2Fcomments&post=101"}],"version-history":[{"count":81,"href":"https:\/\/psychologue-larochelle-rochefort.fr\/index.php?rest_route=\/wp\/v2\/pages\/101\/revisions"}],"predecessor-version":[{"id":1793,"href":"https:\/\/psychologue-larochelle-rochefort.fr\/index.php?rest_route=\/wp\/v2\/pages\/101\/revisions\/1793"}],"up":[{"embeddable":true,"href":"https:\/\/psychologue-larochelle-rochefort.fr\/index.php?rest_route=\/wp\/v2\/pages\/677"}],"wp:attachment":[{"href":"https:\/\/psychologue-larochelle-rochefort.fr\/index.php?rest_route=%2Fwp%2Fv2%2Fmedia&parent=101"}],"curies":[{"name":"wp","href":"https:\/\/api.w.org\/{rel}","templated":true}]}}