{"id":121,"date":"2016-09-13T21:46:04","date_gmt":"2016-09-13T20:46:04","guid":{"rendered":"http:\/\/psychologue-larochelle-rochefort.fr\/?page_id=121"},"modified":"2022-10-04T22:17:11","modified_gmt":"2022-10-04T21:17:11","slug":"pedagogies-alternatives-montessori-steiner","status":"publish","type":"page","link":"https:\/\/psychologue-larochelle-rochefort.fr\/?page_id=121","title":{"rendered":"Groupes de parole \/ Photolangage"},"content":{"rendered":"<h3 class=\"s6bg\" data-reactid=\".0.$SITE_ROOT.$desktop_siteRoot.$PAGES_CONTAINER.1.0\"><span style=\"text-decoration: underline;\"><img loading=\"lazy\" decoding=\"async\" class=\"alignnone wp-image-764\" src=\"http:\/\/psychologue-larochelle-rochefort.fr\/wp-content\/uploads\/2020\/01\/site-groupe-parole-1.png\" alt=\"\" width=\"240\" height=\"168\" srcset=\"https:\/\/psychologue-larochelle-rochefort.fr\/wp-content\/uploads\/2020\/01\/site-groupe-parole-1.png 329w, https:\/\/psychologue-larochelle-rochefort.fr\/wp-content\/uploads\/2020\/01\/site-groupe-parole-1-300x210.png 300w\" sizes=\"auto, (max-width: 240px) 100vw, 240px\" \/><\/span><a href=\"http:\/\/psychologue-larochelle-rochefort.fr\/wp-content\/uploads\/2020\/01\/site-groupe-parole-1.png\"> &nbsp; &nbsp; &nbsp; <\/a><span style=\"text-decoration: underline;\">des petits groupes de 3 \u00e0 6 participants.<\/span><\/h3>\n<h4 class=\"s6bg\" data-reactid=\".0.$SITE_ROOT.$desktop_siteRoot.$PAGES_CONTAINER.1.0\">1. Groupe de parole en PERINATALITE<br>par th\u00e8mes :<\/h4>\n<h4 class=\"s6bg\" data-reactid=\".0.$SITE_ROOT.$desktop_siteRoot.$PAGES_CONTAINER.1.0\">&#8211; deuil p\u00e9rinatal (apr\u00e8s FC,IVG\/IMG, d\u00e9c\u00e8s ant\u00e9 ou post natal,<br>&#8211; d\u00e9pression post natale,<br>&#8211; d\u00e9ni de grossesse partiel ou total<br>&#8211; le premier trimestre apr\u00e8s l&rsquo;accouchement afin d&rsquo;aborder toutes difficult\u00e9s, questionnement sur l&rsquo;accouchement et \u00ab\u00a0\u00eatre m\u00e8re\u00a0\u00bb.<\/h4>\n<div id=\"PAGES_CONTAINERinlineContent\" class=\"s6inlineContent\" data-reactid=\".0.$SITE_ROOT.$desktop_siteRoot.$PAGES_CONTAINER.1.1\">\n<div id=\"SITE_PAGES\" class=\"s7\" data-reactid=\".0.$SITE_ROOT.$desktop_siteRoot.$PAGES_CONTAINER.1.1.$SITE_PAGES\">\n<div id=\"c7d3\" class=\"s13\" data-reactid=\".0.$SITE_ROOT.$desktop_siteRoot.$PAGES_CONTAINER.1.1.$SITE_PAGES.$c7d3\">\n<div id=\"c7d3inlineContent\" class=\"s13inlineContent\" data-reactid=\".0.$SITE_ROOT.$desktop_siteRoot.$PAGES_CONTAINER.1.1.$SITE_PAGES.$c7d3.1\">\n<h4>(voir autres th\u00e9matiques dans consultations p\u00e9rinatales)<\/h4>\n<h4>2. PETITE ENFANCE 0\/3 ans<br>Groupes de parole pour les PARENTS et PROFESSIONNELS<br>Le d\u00e9veloppement du jeune enfant, ses besoins et ses difficult\u00e9s :<br>alimentation, sommeil, propret\u00e9, attachement &#8230;<\/h4>\n<h4>3. Groupes de parole \/ Ateliers pour ENFANTS ADOLESCENTS :<\/h4>\n<h4>&#8211; Rep\u00e9rer ses \u00e9motions, et les g\u00e9rer : \u00e9changes et sophrologie pour conclure.<br>&#8211; l&rsquo;\u00e9cole, les apprentissages, diverses p\u00e9dagogies (Montessori en autres) : conseils et outils.<br>&#8211; les enfants aux besoins particuliers \/ hypersensibilit\u00e9 : TDAH, DYS, TSA, HPI, &#8230;<br>( j&rsquo;anime un groupe de parole)<br>&#8211; les conflits, la violence, le harc\u00e8lement,<br>&#8211; l&rsquo;alimentation et la relation avec la nourriture<br>etc&#8230;<\/h4>\n<h4>4. PARENTALITE<\/h4>\n<h4>&#8211; Jouer avec son enfant \u00e0 tout \u00e2ge : A quoi \u00e7a sert de jouer et \u00e0 quoi jouer ?<br>&#8211; Mieux communiquer avec son enfant \/ son adolescent (CNV)<br>Communication Positive &amp; Gestion des \u00e9motions<br>&#8211; G\u00e9rer les conflits entre fr\u00e8res et s\u0153urs,<br>&#8211; pour les parents concern\u00e9s par les th\u00e9matiques \u00ab\u00a0ENFANTS ADOLESCENTS\u00a0\u00bb ( cit\u00e9es en 3.)<\/h4>\n<h4>Les s\u00e9ances peuvent se Faire en famille d\u00e8s 3 personnes (parents, fratrie, famille recompos\u00e9e &#8230;)<\/h4>\n<\/div>\n<p>OUTILS :&nbsp;<br>&#8211; jeux divers, cartes, &#8230;<br>&#8211; photolangage sur les th\u00e9matiques d&rsquo;adolescents \/ jeunes adultes\/ parents : Addictions, relations sociales, le corps, le deuil&nbsp;<\/p>\n<div id=\"c7d3inlineContent\" class=\"s13inlineContent\" data-reactid=\".0.$SITE_ROOT.$desktop_siteRoot.$PAGES_CONTAINER.1.1.$SITE_PAGES.$c7d3.1\">\n<p><a href=\"http:\/\/psychologue-larochelle-rochefort.fr\/wp-content\/uploads\/2020\/01\/IMG_20200103_192536.jpg\"><img loading=\"lazy\" decoding=\"async\" class=\"wp-image-848 alignleft\" src=\"http:\/\/psychologue-larochelle-rochefort.fr\/wp-content\/uploads\/2020\/01\/IMG_20200103_192536.jpg\" alt=\"\" width=\"315\" height=\"237\" srcset=\"https:\/\/psychologue-larochelle-rochefort.fr\/wp-content\/uploads\/2020\/01\/IMG_20200103_192536.jpg 3968w, https:\/\/psychologue-larochelle-rochefort.fr\/wp-content\/uploads\/2020\/01\/IMG_20200103_192536-300x225.jpg 300w, https:\/\/psychologue-larochelle-rochefort.fr\/wp-content\/uploads\/2020\/01\/IMG_20200103_192536-768x576.jpg 768w, https:\/\/psychologue-larochelle-rochefort.fr\/wp-content\/uploads\/2020\/01\/IMG_20200103_192536-1024x768.jpg 1024w\" sizes=\"auto, (max-width: 315px) 100vw, 315px\" \/><\/a><\/p>\n<h4>Contact :<br>Sabrina MAMOUN GAILLER<br>au 06 26 68 61 78<\/h4>\n<h4 id=\"i1uxpwss\" class=\"s4\" data-reactid=\".0.$SITE_ROOT.$desktop_siteRoot.$PAGES_CONTAINER.1.1.$SITE_PAGES.$c7d3.1.$i1uxpwss\">&nbsp;<\/h4>\n<\/div>\n<\/div>\n<\/div>\n<\/div>\n\n\n<a href=\"https:\/\/www.doctolib.fr\/psychologue\/saint-vivien\/sabrina-mamoun-gailler?utm_campaign=website-button&amp;utm_source=sabrina-mamoun-gailler-website-button&amp;utm_medium=referral&amp;utm_content=option-5&amp;utm_term=sabrina-mamoun-gailler\" style=\"display:block;text-align:center;background-color:#0596DE;color:#ffffff;font-size:14px;overflow:hidden;width:257px;height:40px;border-bottom-right-radius:none;border-bottom-left-radius:none;position:fixed;bottom:0;right:5px;z-index:1000;border-top-left-radius:4px;border-top-right-radius:4px;line-height:40px\" target=\"_blank\" data-reactroot=\"\" rel=\"noopener noreferrer\"><span style=\"font-size:13px\">Prendre rendez-vous en ligne<\/span><img decoding=\"async\" style=\"height:15px;margin-bottom:3px;vertical-align:middle;width:auto\" src=\"https:\/\/pro.doctolib.fr\/external_button\/doctolib-white-transparent.png\" alt=\"Doctolib\"><\/a>\n","protected":false},"excerpt":{"rendered":"<p>&nbsp; &nbsp; &nbsp; des petits groupes de 3 \u00e0 6 participants. 1. Groupe de parole en PERINATALITEpar th\u00e8mes : &#8211; deuil p\u00e9rinatal (apr\u00e8s FC,IVG\/IMG, d\u00e9c\u00e8s ant\u00e9 ou post natal,&#8211; d\u00e9pression post natale,&#8211; d\u00e9ni de grossesse partiel ou total&#8211; le premier trimestre apr\u00e8s l&rsquo;accouchement afin d&rsquo;aborder toutes difficult\u00e9s, questionnement sur l&rsquo;accouchement et \u00ab\u00a0\u00eatre m\u00e8re\u00a0\u00bb. (voir autres &hellip; <\/p>\n<p><a class=\"more-link btn\" href=\"https:\/\/psychologue-larochelle-rochefort.fr\/?page_id=121\">Lire la suite<\/a><\/p>\n","protected":false},"author":1,"featured_media":0,"parent":677,"menu_order":4,"comment_status":"closed","ping_status":"closed","template":"template-twocolumnsright.php","meta":{"footnotes":""},"class_list":["post-121","page","type-page","status-publish","hentry","nodate","item-wrap"],"yoast_head":"<!-- This site is optimized with the Yoast SEO plugin v20.1 - https:\/\/yoast.com\/wordpress\/plugins\/seo\/ -->\n<title>Groupes de parole \/ Photolangage -<\/title>\n<meta name=\"robots\" content=\"index, follow, max-snippet:-1, max-image-preview:large, max-video-preview:-1\" \/>\n<link rel=\"canonical\" href=\"http:\/\/psychologue-larochelle-rochefort.fr\/?page_id=121\" \/>\n<meta property=\"og:locale\" content=\"fr_FR\" \/>\n<meta property=\"og:type\" content=\"article\" \/>\n<meta property=\"og:title\" content=\"Groupes de parole \/ Photolangage -\" \/>\n<meta property=\"og:description\" content=\"&nbsp; &nbsp; &nbsp; des petits groupes de 3 \u00e0 6 participants. 1. Groupe de parole en PERINATALITEpar th\u00e8mes : &#8211; deuil p\u00e9rinatal (apr\u00e8s FC,IVG\/IMG, d\u00e9c\u00e8s ant\u00e9 ou post natal,&#8211; d\u00e9pression post natale,&#8211; d\u00e9ni de grossesse partiel ou total&#8211; le premier trimestre apr\u00e8s l&rsquo;accouchement afin d&rsquo;aborder toutes difficult\u00e9s, questionnement sur l&rsquo;accouchement et \u00ab\u00a0\u00eatre m\u00e8re\u00a0\u00bb. (voir autres &hellip; Lire la suite\" \/>\n<meta property=\"og:url\" content=\"http:\/\/psychologue-larochelle-rochefort.fr\/?page_id=121\" \/>\n<meta property=\"article:modified_time\" content=\"2022-10-04T21:17:11+00:00\" \/>\n<meta property=\"og:image\" content=\"http:\/\/psychologue-larochelle-rochefort.fr\/wp-content\/uploads\/2020\/01\/site-groupe-parole-1.png\" \/>\n<meta name=\"twitter:label1\" content=\"Dur\u00e9e de lecture estim\u00e9e\" \/>\n\t<meta name=\"twitter:data1\" content=\"1 minute\" \/>\n<script type=\"application\/ld+json\" class=\"yoast-schema-graph\">{\"@context\":\"https:\/\/schema.org\",\"@graph\":[{\"@type\":\"WebPage\",\"@id\":\"http:\/\/psychologue-larochelle-rochefort.fr\/?page_id=121\",\"url\":\"http:\/\/psychologue-larochelle-rochefort.fr\/?page_id=121\",\"name\":\"Groupes de parole \/ Photolangage -\",\"isPartOf\":{\"@id\":\"https:\/\/psychologue-larochelle-rochefort.fr\/#website\"},\"datePublished\":\"2016-09-13T20:46:04+00:00\",\"dateModified\":\"2022-10-04T21:17:11+00:00\",\"breadcrumb\":{\"@id\":\"http:\/\/psychologue-larochelle-rochefort.fr\/?page_id=121#breadcrumb\"},\"inLanguage\":\"fr-FR\",\"potentialAction\":[{\"@type\":\"ReadAction\",\"target\":[\"http:\/\/psychologue-larochelle-rochefort.fr\/?page_id=121\"]}]},{\"@type\":\"BreadcrumbList\",\"@id\":\"http:\/\/psychologue-larochelle-rochefort.fr\/?page_id=121#breadcrumb\",\"itemListElement\":[{\"@type\":\"ListItem\",\"position\":1,\"name\":\"Accueil\",\"item\":\"https:\/\/psychologue-larochelle-rochefort.fr\/\"},{\"@type\":\"ListItem\",\"position\":2,\"name\":\"ATELIERS \/ FORMATIONS \/ GROUPES de PAROLE \u2026 AU CABINET &#8211; EN STRUCTURES &#8211; EN LIGNE\",\"item\":\"https:\/\/psychologue-larochelle-rochefort.fr\/?page_id=677\"},{\"@type\":\"ListItem\",\"position\":3,\"name\":\"Groupes de parole \/ Photolangage\"}]},{\"@type\":\"WebSite\",\"@id\":\"https:\/\/psychologue-larochelle-rochefort.fr\/#website\",\"url\":\"https:\/\/psychologue-larochelle-rochefort.fr\/\",\"name\":\"\",\"description\":\"Cabinet de Psychologie\",\"potentialAction\":[{\"@type\":\"SearchAction\",\"target\":{\"@type\":\"EntryPoint\",\"urlTemplate\":\"https:\/\/psychologue-larochelle-rochefort.fr\/?s={search_term_string}\"},\"query-input\":\"required name=search_term_string\"}],\"inLanguage\":\"fr-FR\"}]}<\/script>\n<!-- \/ Yoast SEO plugin. -->","yoast_head_json":{"title":"Groupes de parole \/ Photolangage -","robots":{"index":"index","follow":"follow","max-snippet":"max-snippet:-1","max-image-preview":"max-image-preview:large","max-video-preview":"max-video-preview:-1"},"canonical":"http:\/\/psychologue-larochelle-rochefort.fr\/?page_id=121","og_locale":"fr_FR","og_type":"article","og_title":"Groupes de parole \/ Photolangage -","og_description":"&nbsp; &nbsp; &nbsp; des petits groupes de 3 \u00e0 6 participants. 1. Groupe de parole en PERINATALITEpar th\u00e8mes : &#8211; deuil p\u00e9rinatal (apr\u00e8s FC,IVG\/IMG, d\u00e9c\u00e8s ant\u00e9 ou post natal,&#8211; d\u00e9pression post natale,&#8211; d\u00e9ni de grossesse partiel ou total&#8211; le premier trimestre apr\u00e8s l&rsquo;accouchement afin d&rsquo;aborder toutes difficult\u00e9s, questionnement sur l&rsquo;accouchement et \u00ab\u00a0\u00eatre m\u00e8re\u00a0\u00bb. (voir autres &hellip; Lire la suite","og_url":"http:\/\/psychologue-larochelle-rochefort.fr\/?page_id=121","article_modified_time":"2022-10-04T21:17:11+00:00","og_image":[{"url":"http:\/\/psychologue-larochelle-rochefort.fr\/wp-content\/uploads\/2020\/01\/site-groupe-parole-1.png"}],"twitter_misc":{"Dur\u00e9e de lecture estim\u00e9e":"1 minute"},"schema":{"@context":"https:\/\/schema.org","@graph":[{"@type":"WebPage","@id":"http:\/\/psychologue-larochelle-rochefort.fr\/?page_id=121","url":"http:\/\/psychologue-larochelle-rochefort.fr\/?page_id=121","name":"Groupes de parole \/ Photolangage -","isPartOf":{"@id":"https:\/\/psychologue-larochelle-rochefort.fr\/#website"},"datePublished":"2016-09-13T20:46:04+00:00","dateModified":"2022-10-04T21:17:11+00:00","breadcrumb":{"@id":"http:\/\/psychologue-larochelle-rochefort.fr\/?page_id=121#breadcrumb"},"inLanguage":"fr-FR","potentialAction":[{"@type":"ReadAction","target":["http:\/\/psychologue-larochelle-rochefort.fr\/?page_id=121"]}]},{"@type":"BreadcrumbList","@id":"http:\/\/psychologue-larochelle-rochefort.fr\/?page_id=121#breadcrumb","itemListElement":[{"@type":"ListItem","position":1,"name":"Accueil","item":"https:\/\/psychologue-larochelle-rochefort.fr\/"},{"@type":"ListItem","position":2,"name":"ATELIERS \/ FORMATIONS \/ GROUPES de PAROLE \u2026 AU CABINET &#8211; EN STRUCTURES &#8211; EN LIGNE","item":"https:\/\/psychologue-larochelle-rochefort.fr\/?page_id=677"},{"@type":"ListItem","position":3,"name":"Groupes de parole \/ Photolangage"}]},{"@type":"WebSite","@id":"https:\/\/psychologue-larochelle-rochefort.fr\/#website","url":"https:\/\/psychologue-larochelle-rochefort.fr\/","name":"","description":"Cabinet de Psychologie","potentialAction":[{"@type":"SearchAction","target":{"@type":"EntryPoint","urlTemplate":"https:\/\/psychologue-larochelle-rochefort.fr\/?s={search_term_string}"},"query-input":"required name=search_term_string"}],"inLanguage":"fr-FR"}]}},"_links":{"self":[{"href":"https:\/\/psychologue-larochelle-rochefort.fr\/index.php?rest_route=\/wp\/v2\/pages\/121","targetHints":{"allow":["GET"]}}],"collection":[{"href":"https:\/\/psychologue-larochelle-rochefort.fr\/index.php?rest_route=\/wp\/v2\/pages"}],"about":[{"href":"https:\/\/psychologue-larochelle-rochefort.fr\/index.php?rest_route=\/wp\/v2\/types\/page"}],"author":[{"embeddable":true,"href":"https:\/\/psychologue-larochelle-rochefort.fr\/index.php?rest_route=\/wp\/v2\/users\/1"}],"replies":[{"embeddable":true,"href":"https:\/\/psychologue-larochelle-rochefort.fr\/index.php?rest_route=%2Fwp%2Fv2%2Fcomments&post=121"}],"version-history":[{"count":37,"href":"https:\/\/psychologue-larochelle-rochefort.fr\/index.php?rest_route=\/wp\/v2\/pages\/121\/revisions"}],"predecessor-version":[{"id":1579,"href":"https:\/\/psychologue-larochelle-rochefort.fr\/index.php?rest_route=\/wp\/v2\/pages\/121\/revisions\/1579"}],"up":[{"embeddable":true,"href":"https:\/\/psychologue-larochelle-rochefort.fr\/index.php?rest_route=\/wp\/v2\/pages\/677"}],"wp:attachment":[{"href":"https:\/\/psychologue-larochelle-rochefort.fr\/index.php?rest_route=%2Fwp%2Fv2%2Fmedia&parent=121"}],"curies":[{"name":"wp","href":"https:\/\/api.w.org\/{rel}","templated":true}]}}