{"id":27,"date":"2016-08-23T08:41:05","date_gmt":"2016-08-23T07:41:05","guid":{"rendered":"http:\/\/psychologue-larochelle-rochefort.fr\/?page_id=27"},"modified":"2026-02-14T12:02:32","modified_gmt":"2026-02-14T11:02:32","slug":"consultations-perinatales","status":"publish","type":"page","link":"https:\/\/psychologue-larochelle-rochefort.fr\/?page_id=27","title":{"rendered":"CONSULTATIONS en P\u00c9RINATALIT\u00c9 \/ MATERNIT\u00c9 \/ POST PARTUM  &#8211; au cabinet St Vivien \/ \u00e0 domicile (Tonnay Charente \/ Rochefort)  \/ en ligne"},"content":{"rendered":"<h4><a href=\"http:\/\/psychologue-larochelle-rochefort.fr\/wp-content\/uploads\/2020\/01\/consultations-p\u00e9rinat-pour-site-2.png\"><img loading=\"lazy\" decoding=\"async\" class=\"wp-image-709 alignleft\" src=\"http:\/\/psychologue-larochelle-rochefort.fr\/wp-content\/uploads\/2020\/01\/consultations-p\u00e9rinat-pour-site-2.png\" alt=\"\" width=\"116\" height=\"107\" srcset=\"https:\/\/psychologue-larochelle-rochefort.fr\/wp-content\/uploads\/2020\/01\/consultations-p\u00e9rinat-pour-site-2.png 376w, https:\/\/psychologue-larochelle-rochefort.fr\/wp-content\/uploads\/2020\/01\/consultations-p\u00e9rinat-pour-site-2-300x278.png 300w\" sizes=\"auto, (max-width: 116px) 100vw, 116px\" \/><\/a><\/h4>\n<h3><span style=\"color: #8c0b52;\">Form\u00e9e en Psychiatrie et Psychologie de la P\u00e9rinatalit\u00e9 et Maternit\u00e9,<\/span><\/h3>\n<h4><span style=\"color: #8c0b52;\">je vous propose des consultations P\u00e9rinatales, qui englobent \u00a0les th\u00e9matiques suivantes :<\/span><\/h4>\n<h4>&#8211; La Maternit\u00e9 et le devenir d&rsquo;\u00catre M\u00e8re (durant la grossesse)<br \/>&#8211; le post partum : pour parler de la grossesse, de l&rsquo;accouchement, \u00eatre soutenue, \u00e9cout\u00e9e et accompagn\u00e9e dans ce changement \u00ab\u00a0d&rsquo;\u00eatre maman\u00a0\u00bb .<br \/>&#8211; les Interactions M\u00e8re &#8211; B\u00e9b\u00e9\/Bambin (de 0 \u00e0 2\/3 ans )<br \/>&#8211; les difficult\u00e9s rencontr\u00e9es avec votre b\u00e9b\u00e9 : alimentation, sommeil, pleurs,<br \/>&#8211; la d\u00e9pression Pr\u00e9 \/ Post Natale,<br \/>&#8211; le deuil p\u00e9rinatal (d\u00e9c\u00e8s ant\u00e9natal, \u00e0 la naissance ou apr\u00e8s&#8230;) ,<br \/>besoin de surmonter la perte de votre b\u00e9b\u00e9 apr\u00e8s IVG, fausse couche, IMG ou apr\u00e8s sa naissance<br \/>&#8211; le d\u00e9ni de grossesse partiel ou total<br \/>&#8211; les difficult\u00e9s d&rsquo;infertilit\u00e9<br \/>&#8230;<\/h4>\n<h4><strong>Mes pratiques : <\/strong><br \/><strong>&#8211; Sp\u00e9cialisation P\u00e9rinatalit\u00e9 \/ Jeunes enfants (DU psychiatrie P\u00e9rinatale Bordeaux)<br \/>&#8211; Psychoth\u00e9rapie Interpersonnelle, Sophrologie, TCC, EMDR .<\/strong>..<\/h4>\n<h4>&#8212;&#8212;&#8212;&#8212;&#8212;&#8212;&#8212;&#8212;&#8212;&#8212;&#8212;&#8212;<\/h4>\n<h4><a href=\"https:\/\/www.doctolib.fr\/psychologue\/saint-vivien\/sabrina-mamoun-gailler\" target=\"_blank\" rel=\"noopener noreferrer\">Vous pouvez prendre rendez-vous, sur <span style=\"text-decoration: underline;\">l&rsquo;agenda en ligne doctolib<\/span> du CABINET\u00a0<\/a><\/h4>\n<p>LISEZ BIEN LES MODALITES SVP avant de valider votre cr\u00e9neau.<\/p>\n<ul>\n<li><a href=\"https:\/\/www.doctolib.fr\/psychologue\/saint-vivien\/sabrina-mamoun-gailler\" target=\"_blank\" rel=\"noopener noreferrer\">CONSULTATION de PSYCHOLOGIE\/ PSYCHOTHERAPIE EN PERINATALITE AU CABINET de ST VIVIEN \u00a0dont EMDR\u00a0<\/a><\/li>\n<li><a href=\"https:\/\/www.doctolib.fr\/psychologue\/saint-vivien\/sabrina-mamoun-gailler\" target=\"_blank\" rel=\"noopener noreferrer\">CONSULTATION EN LIGNE en PERINATALITE en VISIO \u00a0&#8230;<\/a><\/li>\n<li><a href=\"https:\/\/www.doctolib.fr\/psychologue\/saint-vivien\/sabrina-mamoun-gailler\" target=\"_blank\" rel=\"noopener noreferrer\">CONSULTATION A DOMICILE sur TONNAY CHARENTE \/ ROCHEFORT<\/a><\/li>\n<li>CONSULTATION DE SOUTIEN EN PSYCHOLOGIE MON SOUTIEN PSY (s\u00e9ance conventionn\u00e9e, plus courte <br \/>= courriers adressage et d&rsquo;accompagnement compl\u00e9t\u00e9s par votre gyn\u00e9cologue ou sage femme\u00a0<\/li>\n<\/ul>\n<h4><span style=\"color: #333333;\">Veuillez SVP me laisser un message doctolib \u00a0pour m&rsquo;indiquer les raisons de votre prise de RDV\u00a0<\/span><\/h4>\n<h4>En cas de psychotraumatismes = EMDR\u00a0<br \/>\u00a0il est possible d&rsquo;alterner avec les s\u00e9ances mon soutien psy\u00a0<br \/>1ere consultation (55 min) ou 1ere s\u00e9ance Mon Soutien Psy\u00a0<\/h4>\n<p>puis des s\u00e9ances Mon SOUTIEN PSY pour pr\u00e9parer le protocole EMDR et des consultations EMDR\u00a0<\/p>\n<p class=\"body-large\">Le protocole EMDR se d\u00e9roule en 8 phases : <br \/>anamn\u00e8se, pr\u00e9paration, \u00e9valuation, d\u00e9sensibilisation, installation, scanner corporel, cl\u00f4ture, r\u00e9\u00e9valuation.<\/p>\n<p class=\"body-large\"><strong><span style=\"color: #339966;\">S\u00e9ances possibles avec le dispositif MON SOUTIEN PSY :<\/span><\/strong><\/p>\n<p class=\"body-large\">&#8211; La <strong>prise d\u2019histoire<\/strong> ou anamn\u00e8se permet de retracer des \u00e9l\u00e9ments de votre \u00a0parcours de vie , d\u2019\u00e9valuer l\u2019intensit\u00e9 du traumatisme et de pr\u00e9parer un plan de ciblage concernant un souvenir. <br \/>Le travail se concentre sur les m\u00e9moires du pass\u00e9, du pr\u00e9sent et sur des \u00e9v\u00e8nements du futur.<\/p>\n<p class=\"body-large\">&#8211; La <strong>phase de pr\u00e9paration<\/strong> a pour objectifs d&rsquo;effectuer des exercices de stabilisation \u00e9motionnelle, d\u2019\u00e9tablir un cadre th\u00e9rapeutique s\u00e9curisant.<\/p>\n<p class=\"body-large\">&#8211; Lors de la <strong>phase d\u2019\u00e9valuation<\/strong>, une image du souvenir est choisie et li\u00e9e \u00e0 une croyance, une \u00e9motion, une sensation corporelle.<\/p>\n<p><strong><span style=\"color: #339966;\">Consultations EMDR \u00a0(impossible avec le dispositif MSP) =<\/span><\/strong><\/p>\n<p class=\"body-large\">&#8211; <strong>D\u00e9sensibilisation<\/strong> : les m\u00e9moires seront ensuite retrait\u00e9es une \u00e0 une lors des consultations. <br \/>Il faut parfois plusieurs consultations pour traiter un seul souvenir. <br \/>Le processus de traitement activ\u00e9 par la m\u00e9thode est un processus conscient. Il correspond \u00e0 ce que fait naturellement le cerveau quand il ne se bloque pas. <br \/>Au d\u00e9but d\u2019une s\u00e9ance EMDR, je vous demanderai de vous concentrer sur l\u2019\u00e9v\u00e9nement perturbant, en gardant \u00e0 l\u2019esprit les souvenirs sensoriels du souvenir (image, son, odeur, sensation physique), ainsi que les pens\u00e9es et ressentis actuels qui y sont associ\u00e9s. <br \/>Ensuite je commencerai alors des s\u00e9ries de stimulations bilat\u00e9rales altern\u00e9es, c\u2019est-\u00e0-dire que je stimule le cerveau alternativement du c\u00f4t\u00e9 gauche puis droit par mouvements oculaires (et\/ou tactiles et auditives.) Entre chaque s\u00e9rie, il suffit alors de m&rsquo;indiquer \u00a0ce qui vous vient \u00e0 l\u2019esprit. Il n\u2019y a aucun effort \u00e0 faire pendant la stimulation pour obtenir tel ou tel type de r\u00e9sultat ; l\u2019\u00e9v\u00e8nement se retraite spontan\u00e9ment. <br \/>Les s\u00e9ries de stimulations bilat\u00e9rales continuent jusqu\u2019\u00e0 ce que le souvenir de l\u2019\u00e9v\u00e8nement ne soit plus source de perturbations mais soit associ\u00e9 \u00e0 des ressentis calmes ainsi qu\u2019\u00e0 des pens\u00e9es positives et constructives.<\/p>\n<p class=\"body-large\">&#8211; La <strong>phase d\u2019installation<\/strong> a pour objectif de contr\u00f4ler la validit\u00e9 de la croyance positive et de renforcer son lien avec le souvenir cibl\u00e9.<\/p>\n<p class=\"body-large\">&#8211; Le <strong>scanner corporel<\/strong> permet de lier la phase d\u2019installation avec les r\u00e9actions physiques.<\/p>\n<p class=\"body-large\">&#8211; Lors de la <strong>cl\u00f4ture<\/strong> on s\u2019assure de votre stabilit\u00e9 \u00a0jusqu\u2019\u00e0 la fin de la s\u00e9ance et on d\u00e9brief rapidement (possible sur une \u00a0s\u00e9ance MSP apr\u00e8s la consultation EMDR )\u00a0<\/p>\n<p class=\"body-large\"><span style=\"color: #339966;\">s\u00e9ance MSP :<\/span> <br \/>&#8211; La <strong>r\u00e9\u00e9valuation<\/strong> permet d\u2019\u00e9valuer les effets de la s\u00e9ance pr\u00e9c\u00e9dente,<br \/><strong><span style=\"color: #339966;\">SAUF<\/span><\/strong> \u00a0si besoin de continuer le traitement du souvenir <strong>ou<\/strong> de passer \u00e0 un autre souvenir cibl\u00e9.<\/p>\n<p class=\"body-large\">\u00a0<\/p>\n\n\n<a href=\"https:\/\/www.doctolib.fr\/psychologue\/saint-vivien\/sabrina-mamoun-gailler?utm_campaign=website-button&amp;utm_source=sabrina-mamoun-gailler-website-button&amp;utm_medium=referral&amp;utm_content=option-5&amp;utm_term=sabrina-mamoun-gailler\" style=\"display:block;text-align:center;background-color:#0596DE;color:#ffffff;font-size:14px;overflow:hidden;width:257px;height:40px;border-bottom-right-radius:none;border-bottom-left-radius:none;position:fixed;bottom:0;right:5px;z-index:1000;border-top-left-radius:4px;border-top-right-radius:4px;line-height:40px\" target=\"_blank\" data-reactroot=\"\" rel=\"noopener noreferrer\"><span style=\"font-size:13px\">Prendre rendez-vous en ligne<\/span><img decoding=\"async\" style=\"height:15px;margin-bottom:3px;vertical-align:middle;width:auto\" src=\"https:\/\/pro.doctolib.fr\/external_button\/doctolib-white-transparent.png\" alt=\"Doctolib\"><\/a>\n","protected":false},"excerpt":{"rendered":"<p>Form\u00e9e en Psychiatrie et Psychologie de la P\u00e9rinatalit\u00e9 et Maternit\u00e9, je vous propose des consultations P\u00e9rinatales, qui englobent \u00a0les th\u00e9matiques suivantes : &#8211; La Maternit\u00e9 et le devenir d&rsquo;\u00catre M\u00e8re (durant la grossesse)&#8211; le post partum : pour parler de la grossesse, de l&rsquo;accouchement, \u00eatre soutenue, \u00e9cout\u00e9e et accompagn\u00e9e dans ce changement \u00ab\u00a0d&rsquo;\u00eatre maman\u00a0\u00bb .&#8211; &hellip; <\/p>\n<p><a class=\"more-link btn\" href=\"https:\/\/psychologue-larochelle-rochefort.fr\/?page_id=27\">Lire la suite<\/a><\/p>\n","protected":false},"author":1,"featured_media":0,"parent":682,"menu_order":4,"comment_status":"closed","ping_status":"closed","template":"template-twocolumnsright.php","meta":{"footnotes":""},"class_list":["post-27","page","type-page","status-publish","hentry","nodate","item-wrap"],"yoast_head":"<!-- This site is optimized with the Yoast SEO plugin v20.1 - https:\/\/yoast.com\/wordpress\/plugins\/seo\/ -->\n<title>CONSULTATIONS en P\u00c9RINATALIT\u00c9 \/ MATERNIT\u00c9 \/ POST PARTUM - au cabinet St Vivien \/ \u00e0 domicile (Tonnay Charente \/ Rochefort) \/ en ligne -<\/title>\n<meta name=\"robots\" content=\"index, follow, max-snippet:-1, max-image-preview:large, max-video-preview:-1\" \/>\n<link rel=\"canonical\" href=\"https:\/\/psychologue-larochelle-rochefort.fr\/?page_id=27\" \/>\n<meta property=\"og:locale\" content=\"fr_FR\" \/>\n<meta property=\"og:type\" content=\"article\" \/>\n<meta property=\"og:title\" content=\"CONSULTATIONS en P\u00c9RINATALIT\u00c9 \/ MATERNIT\u00c9 \/ POST PARTUM - au cabinet St Vivien \/ \u00e0 domicile (Tonnay Charente \/ Rochefort) \/ en ligne -\" \/>\n<meta property=\"og:description\" content=\"Form\u00e9e en Psychiatrie et Psychologie de la P\u00e9rinatalit\u00e9 et Maternit\u00e9, je vous propose des consultations P\u00e9rinatales, qui englobent \u00a0les th\u00e9matiques suivantes : &#8211; La Maternit\u00e9 et le devenir d&rsquo;\u00catre M\u00e8re (durant la grossesse)&#8211; le post partum : pour parler de la grossesse, de l&rsquo;accouchement, \u00eatre soutenue, \u00e9cout\u00e9e et accompagn\u00e9e dans ce changement \u00ab\u00a0d&rsquo;\u00eatre maman\u00a0\u00bb .&#8211; &hellip; Lire la suite\" \/>\n<meta property=\"og:url\" content=\"https:\/\/psychologue-larochelle-rochefort.fr\/?page_id=27\" \/>\n<meta property=\"article:modified_time\" content=\"2026-02-14T11:02:32+00:00\" \/>\n<meta property=\"og:image\" content=\"https:\/\/pro.doctolib.fr\/external_button\/doctolib-white-transparent.png\" \/>\n<meta name=\"twitter:label1\" content=\"Dur\u00e9e de lecture estim\u00e9e\" \/>\n\t<meta name=\"twitter:data1\" content=\"4 minutes\" \/>\n<script type=\"application\/ld+json\" class=\"yoast-schema-graph\">{\"@context\":\"https:\/\/schema.org\",\"@graph\":[{\"@type\":\"WebPage\",\"@id\":\"https:\/\/psychologue-larochelle-rochefort.fr\/?page_id=27\",\"url\":\"https:\/\/psychologue-larochelle-rochefort.fr\/?page_id=27\",\"name\":\"CONSULTATIONS en P\u00c9RINATALIT\u00c9 \/ MATERNIT\u00c9 \/ POST PARTUM - au cabinet St Vivien \/ \u00e0 domicile (Tonnay Charente \/ Rochefort) \/ en ligne -\",\"isPartOf\":{\"@id\":\"https:\/\/psychologue-larochelle-rochefort.fr\/#website\"},\"datePublished\":\"2016-08-23T07:41:05+00:00\",\"dateModified\":\"2026-02-14T11:02:32+00:00\",\"breadcrumb\":{\"@id\":\"https:\/\/psychologue-larochelle-rochefort.fr\/?page_id=27#breadcrumb\"},\"inLanguage\":\"fr-FR\",\"potentialAction\":[{\"@type\":\"ReadAction\",\"target\":[\"https:\/\/psychologue-larochelle-rochefort.fr\/?page_id=27\"]}]},{\"@type\":\"BreadcrumbList\",\"@id\":\"https:\/\/psychologue-larochelle-rochefort.fr\/?page_id=27#breadcrumb\",\"itemListElement\":[{\"@type\":\"ListItem\",\"position\":1,\"name\":\"Accueil\",\"item\":\"https:\/\/psychologue-larochelle-rochefort.fr\/\"},{\"@type\":\"ListItem\",\"position\":2,\"name\":\"CONSULTATIONS\",\"item\":\"https:\/\/psychologue-larochelle-rochefort.fr\/?page_id=682\"},{\"@type\":\"ListItem\",\"position\":3,\"name\":\"CONSULTATIONS en P\u00c9RINATALIT\u00c9 \/ MATERNIT\u00c9 \/ POST PARTUM &#8211; au cabinet St Vivien \/ \u00e0 domicile (Tonnay Charente \/ Rochefort) \/ en ligne\"}]},{\"@type\":\"WebSite\",\"@id\":\"https:\/\/psychologue-larochelle-rochefort.fr\/#website\",\"url\":\"https:\/\/psychologue-larochelle-rochefort.fr\/\",\"name\":\"\",\"description\":\"Cabinet de Psychologie\",\"potentialAction\":[{\"@type\":\"SearchAction\",\"target\":{\"@type\":\"EntryPoint\",\"urlTemplate\":\"https:\/\/psychologue-larochelle-rochefort.fr\/?s={search_term_string}\"},\"query-input\":\"required name=search_term_string\"}],\"inLanguage\":\"fr-FR\"}]}<\/script>\n<!-- \/ Yoast SEO plugin. -->","yoast_head_json":{"title":"CONSULTATIONS en P\u00c9RINATALIT\u00c9 \/ MATERNIT\u00c9 \/ POST PARTUM - au cabinet St Vivien \/ \u00e0 domicile (Tonnay Charente \/ Rochefort) \/ en ligne -","robots":{"index":"index","follow":"follow","max-snippet":"max-snippet:-1","max-image-preview":"max-image-preview:large","max-video-preview":"max-video-preview:-1"},"canonical":"https:\/\/psychologue-larochelle-rochefort.fr\/?page_id=27","og_locale":"fr_FR","og_type":"article","og_title":"CONSULTATIONS en P\u00c9RINATALIT\u00c9 \/ MATERNIT\u00c9 \/ POST PARTUM - au cabinet St Vivien \/ \u00e0 domicile (Tonnay Charente \/ Rochefort) \/ en ligne -","og_description":"Form\u00e9e en Psychiatrie et Psychologie de la P\u00e9rinatalit\u00e9 et Maternit\u00e9, je vous propose des consultations P\u00e9rinatales, qui englobent \u00a0les th\u00e9matiques suivantes : &#8211; La Maternit\u00e9 et le devenir d&rsquo;\u00catre M\u00e8re (durant la grossesse)&#8211; le post partum : pour parler de la grossesse, de l&rsquo;accouchement, \u00eatre soutenue, \u00e9cout\u00e9e et accompagn\u00e9e dans ce changement \u00ab\u00a0d&rsquo;\u00eatre maman\u00a0\u00bb .&#8211; &hellip; Lire la suite","og_url":"https:\/\/psychologue-larochelle-rochefort.fr\/?page_id=27","article_modified_time":"2026-02-14T11:02:32+00:00","og_image":[{"url":"https:\/\/pro.doctolib.fr\/external_button\/doctolib-white-transparent.png"}],"twitter_misc":{"Dur\u00e9e de lecture estim\u00e9e":"4 minutes"},"schema":{"@context":"https:\/\/schema.org","@graph":[{"@type":"WebPage","@id":"https:\/\/psychologue-larochelle-rochefort.fr\/?page_id=27","url":"https:\/\/psychologue-larochelle-rochefort.fr\/?page_id=27","name":"CONSULTATIONS en P\u00c9RINATALIT\u00c9 \/ MATERNIT\u00c9 \/ POST PARTUM - au cabinet St Vivien \/ \u00e0 domicile (Tonnay Charente \/ Rochefort) \/ en ligne -","isPartOf":{"@id":"https:\/\/psychologue-larochelle-rochefort.fr\/#website"},"datePublished":"2016-08-23T07:41:05+00:00","dateModified":"2026-02-14T11:02:32+00:00","breadcrumb":{"@id":"https:\/\/psychologue-larochelle-rochefort.fr\/?page_id=27#breadcrumb"},"inLanguage":"fr-FR","potentialAction":[{"@type":"ReadAction","target":["https:\/\/psychologue-larochelle-rochefort.fr\/?page_id=27"]}]},{"@type":"BreadcrumbList","@id":"https:\/\/psychologue-larochelle-rochefort.fr\/?page_id=27#breadcrumb","itemListElement":[{"@type":"ListItem","position":1,"name":"Accueil","item":"https:\/\/psychologue-larochelle-rochefort.fr\/"},{"@type":"ListItem","position":2,"name":"CONSULTATIONS","item":"https:\/\/psychologue-larochelle-rochefort.fr\/?page_id=682"},{"@type":"ListItem","position":3,"name":"CONSULTATIONS en P\u00c9RINATALIT\u00c9 \/ MATERNIT\u00c9 \/ POST PARTUM &#8211; au cabinet St Vivien \/ \u00e0 domicile (Tonnay Charente \/ Rochefort) \/ en ligne"}]},{"@type":"WebSite","@id":"https:\/\/psychologue-larochelle-rochefort.fr\/#website","url":"https:\/\/psychologue-larochelle-rochefort.fr\/","name":"","description":"Cabinet de Psychologie","potentialAction":[{"@type":"SearchAction","target":{"@type":"EntryPoint","urlTemplate":"https:\/\/psychologue-larochelle-rochefort.fr\/?s={search_term_string}"},"query-input":"required name=search_term_string"}],"inLanguage":"fr-FR"}]}},"_links":{"self":[{"href":"https:\/\/psychologue-larochelle-rochefort.fr\/index.php?rest_route=\/wp\/v2\/pages\/27","targetHints":{"allow":["GET"]}}],"collection":[{"href":"https:\/\/psychologue-larochelle-rochefort.fr\/index.php?rest_route=\/wp\/v2\/pages"}],"about":[{"href":"https:\/\/psychologue-larochelle-rochefort.fr\/index.php?rest_route=\/wp\/v2\/types\/page"}],"author":[{"embeddable":true,"href":"https:\/\/psychologue-larochelle-rochefort.fr\/index.php?rest_route=\/wp\/v2\/users\/1"}],"replies":[{"embeddable":true,"href":"https:\/\/psychologue-larochelle-rochefort.fr\/index.php?rest_route=%2Fwp%2Fv2%2Fcomments&post=27"}],"version-history":[{"count":79,"href":"https:\/\/psychologue-larochelle-rochefort.fr\/index.php?rest_route=\/wp\/v2\/pages\/27\/revisions"}],"predecessor-version":[{"id":2017,"href":"https:\/\/psychologue-larochelle-rochefort.fr\/index.php?rest_route=\/wp\/v2\/pages\/27\/revisions\/2017"}],"up":[{"embeddable":true,"href":"https:\/\/psychologue-larochelle-rochefort.fr\/index.php?rest_route=\/wp\/v2\/pages\/682"}],"wp:attachment":[{"href":"https:\/\/psychologue-larochelle-rochefort.fr\/index.php?rest_route=%2Fwp%2Fv2%2Fmedia&parent=27"}],"curies":[{"name":"wp","href":"https:\/\/api.w.org\/{rel}","templated":true}]}}