{"id":303,"date":"2018-10-24T23:11:35","date_gmt":"2018-10-24T22:11:35","guid":{"rendered":"http:\/\/psychologue-larochelle-rochefort.fr\/?page_id=303"},"modified":"2021-02-06T14:40:58","modified_gmt":"2021-02-06T13:40:58","slug":"ateliers-groupe-naitre-o-monde-bien-etre-bien-naitre-bien-vivre","status":"publish","type":"page","link":"https:\/\/psychologue-larochelle-rochefort.fr\/?page_id=303","title":{"rendered":"Ateliers groupe Naitre O Monde : Bien \u00catre &#8211; Bien Na\u00eetre &#8211; Bien Vivre"},"content":{"rendered":"<p><a href=\"http:\/\/psychologue-larochelle-rochefort.fr\/wp-content\/uploads\/2020\/01\/site-ateliers-NOM.png\"><img loading=\"lazy\" decoding=\"async\" class=\"alignnone  wp-image-763\" src=\"http:\/\/psychologue-larochelle-rochefort.fr\/wp-content\/uploads\/2020\/01\/site-ateliers-NOM.png\" alt=\"\" width=\"209\" height=\"147\" srcset=\"https:\/\/psychologue-larochelle-rochefort.fr\/wp-content\/uploads\/2020\/01\/site-ateliers-NOM.png 332w, https:\/\/psychologue-larochelle-rochefort.fr\/wp-content\/uploads\/2020\/01\/site-ateliers-NOM-300x211.png 300w\" sizes=\"auto, (max-width: 209px) 100vw, 209px\" \/> Pas en cette p\u00e9riode COVID\u00a0 (2020\/2021): <\/a><a href=\"http:\/\/psychologue-larochelle-rochefort.fr\/wp-content\/uploads\/2018\/10\/flyer-ateliers-naitre-o-monde-site-1.jpg\"><img loading=\"lazy\" decoding=\"async\" class=\"alignnone  wp-image-310\" src=\"http:\/\/psychologue-larochelle-rochefort.fr\/wp-content\/uploads\/2018\/10\/flyer-ateliers-naitre-o-monde-site-1.jpg\" alt=\"\" width=\"666\" height=\"362\" srcset=\"https:\/\/psychologue-larochelle-rochefort.fr\/wp-content\/uploads\/2018\/10\/flyer-ateliers-naitre-o-monde-site-1.jpg 1022w, https:\/\/psychologue-larochelle-rochefort.fr\/wp-content\/uploads\/2018\/10\/flyer-ateliers-naitre-o-monde-site-1-300x163.jpg 300w, https:\/\/psychologue-larochelle-rochefort.fr\/wp-content\/uploads\/2018\/10\/flyer-ateliers-naitre-o-monde-site-1-768x418.jpg 768w\" sizes=\"auto, (max-width: 666px) 100vw, 666px\" \/><\/a><\/p>\n\n\n<a href=\"https:\/\/www.doctolib.fr\/psychologue\/saint-vivien\/sabrina-mamoun-gailler?utm_campaign=website-button&amp;utm_source=sabrina-mamoun-gailler-website-button&amp;utm_medium=referral&amp;utm_content=option-5&amp;utm_term=sabrina-mamoun-gailler\" style=\"display:block;text-align:center;background-color:#0596DE;color:#ffffff;font-size:14px;overflow:hidden;width:257px;height:40px;border-bottom-right-radius:none;border-bottom-left-radius:none;position:fixed;bottom:0;right:5px;z-index:1000;border-top-left-radius:4px;border-top-right-radius:4px;line-height:40px\" target=\"_blank\" data-reactroot=\"\" rel=\"noopener noreferrer\"><span style=\"font-size:13px\">Prendre rendez-vous en ligne<\/span><img decoding=\"async\" style=\"height:15px;margin-bottom:3px;vertical-align:middle;width:auto\" src=\"https:\/\/pro.doctolib.fr\/external_button\/doctolib-white-transparent.png\" alt=\"Doctolib\"><\/a>\n","protected":false},"excerpt":{"rendered":"<p>Pas en cette p\u00e9riode COVID\u00a0 (2020\/2021): Prendre rendez-vous en ligne<\/p>\n","protected":false},"author":1,"featured_media":0,"parent":677,"menu_order":5,"comment_status":"closed","ping_status":"closed","template":"template-twocolumnsright.php","meta":{"footnotes":""},"class_list":["post-303","page","type-page","status-publish","hentry","nodate","item-wrap"],"yoast_head":"<!-- This site is optimized with the Yoast SEO plugin v20.1 - https:\/\/yoast.com\/wordpress\/plugins\/seo\/ -->\n<title>Ateliers groupe Naitre O Monde : Bien \u00catre - Bien Na\u00eetre - Bien Vivre -<\/title>\n<meta name=\"robots\" content=\"index, follow, max-snippet:-1, max-image-preview:large, max-video-preview:-1\" \/>\n<link rel=\"canonical\" href=\"http:\/\/psychologue-larochelle-rochefort.fr\/?page_id=303\" \/>\n<meta property=\"og:locale\" content=\"fr_FR\" \/>\n<meta property=\"og:type\" content=\"article\" \/>\n<meta property=\"og:title\" content=\"Ateliers groupe Naitre O Monde : Bien \u00catre - Bien Na\u00eetre - Bien Vivre -\" \/>\n<meta property=\"og:description\" content=\"Pas en cette p\u00e9riode COVID\u00a0 (2020\/2021): Prendre rendez-vous en ligne\" \/>\n<meta property=\"og:url\" content=\"http:\/\/psychologue-larochelle-rochefort.fr\/?page_id=303\" \/>\n<meta property=\"article:modified_time\" content=\"2021-02-06T13:40:58+00:00\" \/>\n<meta property=\"og:image\" content=\"http:\/\/psychologue-larochelle-rochefort.fr\/wp-content\/uploads\/2020\/01\/site-ateliers-NOM.png\" \/>\n<script type=\"application\/ld+json\" class=\"yoast-schema-graph\">{\"@context\":\"https:\/\/schema.org\",\"@graph\":[{\"@type\":\"WebPage\",\"@id\":\"http:\/\/psychologue-larochelle-rochefort.fr\/?page_id=303\",\"url\":\"http:\/\/psychologue-larochelle-rochefort.fr\/?page_id=303\",\"name\":\"Ateliers groupe Naitre O Monde : Bien \u00catre - Bien Na\u00eetre - Bien Vivre -\",\"isPartOf\":{\"@id\":\"https:\/\/psychologue-larochelle-rochefort.fr\/#website\"},\"datePublished\":\"2018-10-24T22:11:35+00:00\",\"dateModified\":\"2021-02-06T13:40:58+00:00\",\"breadcrumb\":{\"@id\":\"http:\/\/psychologue-larochelle-rochefort.fr\/?page_id=303#breadcrumb\"},\"inLanguage\":\"fr-FR\",\"potentialAction\":[{\"@type\":\"ReadAction\",\"target\":[\"http:\/\/psychologue-larochelle-rochefort.fr\/?page_id=303\"]}]},{\"@type\":\"BreadcrumbList\",\"@id\":\"http:\/\/psychologue-larochelle-rochefort.fr\/?page_id=303#breadcrumb\",\"itemListElement\":[{\"@type\":\"ListItem\",\"position\":1,\"name\":\"Accueil\",\"item\":\"https:\/\/psychologue-larochelle-rochefort.fr\/\"},{\"@type\":\"ListItem\",\"position\":2,\"name\":\"ATELIERS \/ FORMATIONS \/ GROUPES de PAROLE \u2026 AU CABINET &#8211; EN STRUCTURES &#8211; EN LIGNE\",\"item\":\"https:\/\/psychologue-larochelle-rochefort.fr\/?page_id=677\"},{\"@type\":\"ListItem\",\"position\":3,\"name\":\"Ateliers groupe Naitre O Monde : Bien \u00catre &#8211; Bien Na\u00eetre &#8211; Bien Vivre\"}]},{\"@type\":\"WebSite\",\"@id\":\"https:\/\/psychologue-larochelle-rochefort.fr\/#website\",\"url\":\"https:\/\/psychologue-larochelle-rochefort.fr\/\",\"name\":\"\",\"description\":\"Cabinet de Psychologie\",\"potentialAction\":[{\"@type\":\"SearchAction\",\"target\":{\"@type\":\"EntryPoint\",\"urlTemplate\":\"https:\/\/psychologue-larochelle-rochefort.fr\/?s={search_term_string}\"},\"query-input\":\"required name=search_term_string\"}],\"inLanguage\":\"fr-FR\"}]}<\/script>\n<!-- \/ Yoast SEO plugin. -->","yoast_head_json":{"title":"Ateliers groupe Naitre O Monde : Bien \u00catre - Bien Na\u00eetre - Bien Vivre -","robots":{"index":"index","follow":"follow","max-snippet":"max-snippet:-1","max-image-preview":"max-image-preview:large","max-video-preview":"max-video-preview:-1"},"canonical":"http:\/\/psychologue-larochelle-rochefort.fr\/?page_id=303","og_locale":"fr_FR","og_type":"article","og_title":"Ateliers groupe Naitre O Monde : Bien \u00catre - Bien Na\u00eetre - Bien Vivre -","og_description":"Pas en cette p\u00e9riode COVID\u00a0 (2020\/2021): Prendre rendez-vous en ligne","og_url":"http:\/\/psychologue-larochelle-rochefort.fr\/?page_id=303","article_modified_time":"2021-02-06T13:40:58+00:00","og_image":[{"url":"http:\/\/psychologue-larochelle-rochefort.fr\/wp-content\/uploads\/2020\/01\/site-ateliers-NOM.png"}],"schema":{"@context":"https:\/\/schema.org","@graph":[{"@type":"WebPage","@id":"http:\/\/psychologue-larochelle-rochefort.fr\/?page_id=303","url":"http:\/\/psychologue-larochelle-rochefort.fr\/?page_id=303","name":"Ateliers groupe Naitre O Monde : Bien \u00catre - Bien Na\u00eetre - Bien Vivre -","isPartOf":{"@id":"https:\/\/psychologue-larochelle-rochefort.fr\/#website"},"datePublished":"2018-10-24T22:11:35+00:00","dateModified":"2021-02-06T13:40:58+00:00","breadcrumb":{"@id":"http:\/\/psychologue-larochelle-rochefort.fr\/?page_id=303#breadcrumb"},"inLanguage":"fr-FR","potentialAction":[{"@type":"ReadAction","target":["http:\/\/psychologue-larochelle-rochefort.fr\/?page_id=303"]}]},{"@type":"BreadcrumbList","@id":"http:\/\/psychologue-larochelle-rochefort.fr\/?page_id=303#breadcrumb","itemListElement":[{"@type":"ListItem","position":1,"name":"Accueil","item":"https:\/\/psychologue-larochelle-rochefort.fr\/"},{"@type":"ListItem","position":2,"name":"ATELIERS \/ FORMATIONS \/ GROUPES de PAROLE \u2026 AU CABINET &#8211; EN STRUCTURES &#8211; EN LIGNE","item":"https:\/\/psychologue-larochelle-rochefort.fr\/?page_id=677"},{"@type":"ListItem","position":3,"name":"Ateliers groupe Naitre O Monde : Bien \u00catre &#8211; Bien Na\u00eetre &#8211; Bien Vivre"}]},{"@type":"WebSite","@id":"https:\/\/psychologue-larochelle-rochefort.fr\/#website","url":"https:\/\/psychologue-larochelle-rochefort.fr\/","name":"","description":"Cabinet de Psychologie","potentialAction":[{"@type":"SearchAction","target":{"@type":"EntryPoint","urlTemplate":"https:\/\/psychologue-larochelle-rochefort.fr\/?s={search_term_string}"},"query-input":"required name=search_term_string"}],"inLanguage":"fr-FR"}]}},"_links":{"self":[{"href":"https:\/\/psychologue-larochelle-rochefort.fr\/index.php?rest_route=\/wp\/v2\/pages\/303","targetHints":{"allow":["GET"]}}],"collection":[{"href":"https:\/\/psychologue-larochelle-rochefort.fr\/index.php?rest_route=\/wp\/v2\/pages"}],"about":[{"href":"https:\/\/psychologue-larochelle-rochefort.fr\/index.php?rest_route=\/wp\/v2\/types\/page"}],"author":[{"embeddable":true,"href":"https:\/\/psychologue-larochelle-rochefort.fr\/index.php?rest_route=\/wp\/v2\/users\/1"}],"replies":[{"embeddable":true,"href":"https:\/\/psychologue-larochelle-rochefort.fr\/index.php?rest_route=%2Fwp%2Fv2%2Fcomments&post=303"}],"version-history":[{"count":9,"href":"https:\/\/psychologue-larochelle-rochefort.fr\/index.php?rest_route=\/wp\/v2\/pages\/303\/revisions"}],"predecessor-version":[{"id":1361,"href":"https:\/\/psychologue-larochelle-rochefort.fr\/index.php?rest_route=\/wp\/v2\/pages\/303\/revisions\/1361"}],"up":[{"embeddable":true,"href":"https:\/\/psychologue-larochelle-rochefort.fr\/index.php?rest_route=\/wp\/v2\/pages\/677"}],"wp:attachment":[{"href":"https:\/\/psychologue-larochelle-rochefort.fr\/index.php?rest_route=%2Fwp%2Fv2%2Fmedia&parent=303"}],"curies":[{"name":"wp","href":"https:\/\/api.w.org\/{rel}","templated":true}]}}