{"id":319,"date":"2018-10-26T13:17:39","date_gmt":"2018-10-26T12:17:39","guid":{"rendered":"http:\/\/psychologue-larochelle-rochefort.fr\/?page_id=319"},"modified":"2021-05-14T01:21:19","modified_gmt":"2021-05-14T00:21:19","slug":"remediations-psychopedagogique-cognitive-attentionmemoire","status":"publish","type":"page","link":"https:\/\/psychologue-larochelle-rochefort.fr\/?page_id=319","title":{"rendered":"REMEDIATIONS Psychop\u00e9dagogiques \/ Cognitives Attention\/M\u00e9moire\/Fonctions ex\u00e9cutives\/Habilet\u00e9s sociales"},"content":{"rendered":"<h4>Une fois le Bilan r\u00e9alis\u00e9 (au cabinet ou dans un autre cabinet), je propose aux Enfants \/ Adolescents :<strong><br><\/strong>des consultations de REMEDIATIONS Cognitives et Psychop\u00e9dagogiques pour :<\/h4>\n<p><span style=\"font-size: 1.1em;\">&#8211; l&rsquo;attention<br>&#8211; la m\u00e9moire de Travail<br>&#8211; la flexibilit\u00e9<\/span><br><span style=\"font-size: 1.1em;\">&#8211; l&rsquo;inhibition<br>&#8211; la planification<br>&#8211; le raisonnement<br><\/span><strong>&#8211;<\/strong> <span style=\"font-size: 1.1em;\">les habilet\u00e9s sociales &#8230;<\/span><\/p>\n<p>Ayant enseign\u00e9 en \u00e9coles primaires et form\u00e9e en p\u00e9dagogie Montessori, Neurosciences et Neuropsychologie Enfant \/ Adolescent, je propose en fonction des besoins, des rem\u00e9diations avec plusieurs outils:<br>&#8211;&nbsp; Mat\u00e9riel Montessori<br>&#8211;&nbsp; Cartes Mentales \/ Mind Mapping \/ cartes heuristiques<br>&#8211;&nbsp; Outils de rem\u00e9diations<br>&#8211; Jeux&nbsp;<\/p>\n<p>Ces REMEDIATIONS se font EN CONSULTATIONS AU CABINET <br>mais \u00e9galement EN LIGNE en VISIO avec ZOOOM ou SKYPE ou FACETIME<\/p>\n<h4>Vous pouvez prendre rendez-vous, en me contactant au <strong><span style=\"color: #0000ff;\">06 26 68 61 78<\/span><\/strong><br>ou sur <span style=\"text-decoration: underline;\">mon agenda en ligne doctolib <\/span>en pr\u00e9cisant si vous souhaitez une consultation au cabinet ou en visio :<\/h4>\n\n\n<a href=\"https:\/\/www.doctolib.fr\/psychologue\/saint-vivien\/sabrina-mamoun-gailler?utm_campaign=website-button&amp;utm_source=sabrina-mamoun-gailler-website-button&amp;utm_medium=referral&amp;utm_content=option-5&amp;utm_term=sabrina-mamoun-gailler\" style=\"display:block;text-align:center;background-color:#0596DE;color:#ffffff;font-size:14px;overflow:hidden;width:257px;height:40px;border-bottom-right-radius:none;border-bottom-left-radius:none;position:fixed;bottom:0;right:5px;z-index:1000;border-top-left-radius:4px;border-top-right-radius:4px;line-height:40px\" target=\"_blank\" data-reactroot=\"\" rel=\"noopener noreferrer\"><span style=\"font-size:13px\">Prendre rendez-vous en ligne<\/span><img decoding=\"async\" style=\"height:15px;margin-bottom:3px;vertical-align:middle;width:auto\" src=\"https:\/\/pro.doctolib.fr\/external_button\/doctolib-white-transparent.png\" alt=\"Doctolib\"><\/a>\n","protected":false},"excerpt":{"rendered":"<p>Une fois le Bilan r\u00e9alis\u00e9 (au cabinet ou dans un autre cabinet), je propose aux Enfants \/ Adolescents :des consultations de REMEDIATIONS Cognitives et Psychop\u00e9dagogiques pour : &#8211; l&rsquo;attention&#8211; la m\u00e9moire de Travail&#8211; la flexibilit\u00e9&#8211; l&rsquo;inhibition&#8211; la planification&#8211; le raisonnement&#8211; les habilet\u00e9s sociales &#8230; Ayant enseign\u00e9 en \u00e9coles primaires et form\u00e9e en p\u00e9dagogie Montessori, Neurosciences &hellip; <\/p>\n<p><a class=\"more-link btn\" href=\"https:\/\/psychologue-larochelle-rochefort.fr\/?page_id=319\">Lire la suite<\/a><\/p>\n","protected":false},"author":1,"featured_media":0,"parent":682,"menu_order":2,"comment_status":"closed","ping_status":"closed","template":"template-twocolumnsright.php","meta":{"footnotes":""},"class_list":["post-319","page","type-page","status-publish","hentry","nodate","item-wrap"],"yoast_head":"<!-- This site is optimized with the Yoast SEO plugin v20.1 - https:\/\/yoast.com\/wordpress\/plugins\/seo\/ -->\n<title>REMEDIATIONS Psychop\u00e9dagogiques \/ Cognitives Attention\/M\u00e9moire\/Fonctions ex\u00e9cutives\/Habilet\u00e9s sociales -<\/title>\n<meta name=\"robots\" content=\"index, follow, max-snippet:-1, max-image-preview:large, max-video-preview:-1\" \/>\n<link rel=\"canonical\" href=\"http:\/\/psychologue-larochelle-rochefort.fr\/?page_id=319\" \/>\n<meta property=\"og:locale\" content=\"fr_FR\" \/>\n<meta property=\"og:type\" content=\"article\" \/>\n<meta property=\"og:title\" content=\"REMEDIATIONS Psychop\u00e9dagogiques \/ Cognitives Attention\/M\u00e9moire\/Fonctions ex\u00e9cutives\/Habilet\u00e9s sociales -\" \/>\n<meta property=\"og:description\" content=\"Une fois le Bilan r\u00e9alis\u00e9 (au cabinet ou dans un autre cabinet), je propose aux Enfants \/ Adolescents :des consultations de REMEDIATIONS Cognitives et Psychop\u00e9dagogiques pour : &#8211; l&rsquo;attention&#8211; la m\u00e9moire de Travail&#8211; la flexibilit\u00e9&#8211; l&rsquo;inhibition&#8211; la planification&#8211; le raisonnement&#8211; les habilet\u00e9s sociales &#8230; Ayant enseign\u00e9 en \u00e9coles primaires et form\u00e9e en p\u00e9dagogie Montessori, Neurosciences &hellip; Lire la suite\" \/>\n<meta property=\"og:url\" content=\"http:\/\/psychologue-larochelle-rochefort.fr\/?page_id=319\" \/>\n<meta property=\"article:modified_time\" content=\"2021-05-14T00:21:19+00:00\" \/>\n<meta property=\"og:image\" content=\"https:\/\/pro.doctolib.fr\/external_button\/doctolib-white-transparent.png\" \/>\n<meta name=\"twitter:label1\" content=\"Dur\u00e9e de lecture estim\u00e9e\" \/>\n\t<meta name=\"twitter:data1\" content=\"1 minute\" \/>\n<script type=\"application\/ld+json\" class=\"yoast-schema-graph\">{\"@context\":\"https:\/\/schema.org\",\"@graph\":[{\"@type\":\"WebPage\",\"@id\":\"http:\/\/psychologue-larochelle-rochefort.fr\/?page_id=319\",\"url\":\"http:\/\/psychologue-larochelle-rochefort.fr\/?page_id=319\",\"name\":\"REMEDIATIONS Psychop\u00e9dagogiques \/ Cognitives Attention\/M\u00e9moire\/Fonctions ex\u00e9cutives\/Habilet\u00e9s sociales -\",\"isPartOf\":{\"@id\":\"https:\/\/psychologue-larochelle-rochefort.fr\/#website\"},\"datePublished\":\"2018-10-26T12:17:39+00:00\",\"dateModified\":\"2021-05-14T00:21:19+00:00\",\"breadcrumb\":{\"@id\":\"http:\/\/psychologue-larochelle-rochefort.fr\/?page_id=319#breadcrumb\"},\"inLanguage\":\"fr-FR\",\"potentialAction\":[{\"@type\":\"ReadAction\",\"target\":[\"http:\/\/psychologue-larochelle-rochefort.fr\/?page_id=319\"]}]},{\"@type\":\"BreadcrumbList\",\"@id\":\"http:\/\/psychologue-larochelle-rochefort.fr\/?page_id=319#breadcrumb\",\"itemListElement\":[{\"@type\":\"ListItem\",\"position\":1,\"name\":\"Accueil\",\"item\":\"https:\/\/psychologue-larochelle-rochefort.fr\/\"},{\"@type\":\"ListItem\",\"position\":2,\"name\":\"CONSULTATIONS\",\"item\":\"https:\/\/psychologue-larochelle-rochefort.fr\/?page_id=682\"},{\"@type\":\"ListItem\",\"position\":3,\"name\":\"REMEDIATIONS Psychop\u00e9dagogiques \/ Cognitives Attention\/M\u00e9moire\/Fonctions ex\u00e9cutives\/Habilet\u00e9s sociales\"}]},{\"@type\":\"WebSite\",\"@id\":\"https:\/\/psychologue-larochelle-rochefort.fr\/#website\",\"url\":\"https:\/\/psychologue-larochelle-rochefort.fr\/\",\"name\":\"\",\"description\":\"Cabinet de Psychologie\",\"potentialAction\":[{\"@type\":\"SearchAction\",\"target\":{\"@type\":\"EntryPoint\",\"urlTemplate\":\"https:\/\/psychologue-larochelle-rochefort.fr\/?s={search_term_string}\"},\"query-input\":\"required name=search_term_string\"}],\"inLanguage\":\"fr-FR\"}]}<\/script>\n<!-- \/ Yoast SEO plugin. -->","yoast_head_json":{"title":"REMEDIATIONS Psychop\u00e9dagogiques \/ Cognitives Attention\/M\u00e9moire\/Fonctions ex\u00e9cutives\/Habilet\u00e9s sociales -","robots":{"index":"index","follow":"follow","max-snippet":"max-snippet:-1","max-image-preview":"max-image-preview:large","max-video-preview":"max-video-preview:-1"},"canonical":"http:\/\/psychologue-larochelle-rochefort.fr\/?page_id=319","og_locale":"fr_FR","og_type":"article","og_title":"REMEDIATIONS Psychop\u00e9dagogiques \/ Cognitives Attention\/M\u00e9moire\/Fonctions ex\u00e9cutives\/Habilet\u00e9s sociales -","og_description":"Une fois le Bilan r\u00e9alis\u00e9 (au cabinet ou dans un autre cabinet), je propose aux Enfants \/ Adolescents :des consultations de REMEDIATIONS Cognitives et Psychop\u00e9dagogiques pour : &#8211; l&rsquo;attention&#8211; la m\u00e9moire de Travail&#8211; la flexibilit\u00e9&#8211; l&rsquo;inhibition&#8211; la planification&#8211; le raisonnement&#8211; les habilet\u00e9s sociales &#8230; Ayant enseign\u00e9 en \u00e9coles primaires et form\u00e9e en p\u00e9dagogie Montessori, Neurosciences &hellip; Lire la suite","og_url":"http:\/\/psychologue-larochelle-rochefort.fr\/?page_id=319","article_modified_time":"2021-05-14T00:21:19+00:00","og_image":[{"url":"https:\/\/pro.doctolib.fr\/external_button\/doctolib-white-transparent.png"}],"twitter_misc":{"Dur\u00e9e de lecture estim\u00e9e":"1 minute"},"schema":{"@context":"https:\/\/schema.org","@graph":[{"@type":"WebPage","@id":"http:\/\/psychologue-larochelle-rochefort.fr\/?page_id=319","url":"http:\/\/psychologue-larochelle-rochefort.fr\/?page_id=319","name":"REMEDIATIONS Psychop\u00e9dagogiques \/ Cognitives Attention\/M\u00e9moire\/Fonctions ex\u00e9cutives\/Habilet\u00e9s sociales -","isPartOf":{"@id":"https:\/\/psychologue-larochelle-rochefort.fr\/#website"},"datePublished":"2018-10-26T12:17:39+00:00","dateModified":"2021-05-14T00:21:19+00:00","breadcrumb":{"@id":"http:\/\/psychologue-larochelle-rochefort.fr\/?page_id=319#breadcrumb"},"inLanguage":"fr-FR","potentialAction":[{"@type":"ReadAction","target":["http:\/\/psychologue-larochelle-rochefort.fr\/?page_id=319"]}]},{"@type":"BreadcrumbList","@id":"http:\/\/psychologue-larochelle-rochefort.fr\/?page_id=319#breadcrumb","itemListElement":[{"@type":"ListItem","position":1,"name":"Accueil","item":"https:\/\/psychologue-larochelle-rochefort.fr\/"},{"@type":"ListItem","position":2,"name":"CONSULTATIONS","item":"https:\/\/psychologue-larochelle-rochefort.fr\/?page_id=682"},{"@type":"ListItem","position":3,"name":"REMEDIATIONS Psychop\u00e9dagogiques \/ Cognitives Attention\/M\u00e9moire\/Fonctions ex\u00e9cutives\/Habilet\u00e9s sociales"}]},{"@type":"WebSite","@id":"https:\/\/psychologue-larochelle-rochefort.fr\/#website","url":"https:\/\/psychologue-larochelle-rochefort.fr\/","name":"","description":"Cabinet de Psychologie","potentialAction":[{"@type":"SearchAction","target":{"@type":"EntryPoint","urlTemplate":"https:\/\/psychologue-larochelle-rochefort.fr\/?s={search_term_string}"},"query-input":"required name=search_term_string"}],"inLanguage":"fr-FR"}]}},"_links":{"self":[{"href":"https:\/\/psychologue-larochelle-rochefort.fr\/index.php?rest_route=\/wp\/v2\/pages\/319","targetHints":{"allow":["GET"]}}],"collection":[{"href":"https:\/\/psychologue-larochelle-rochefort.fr\/index.php?rest_route=\/wp\/v2\/pages"}],"about":[{"href":"https:\/\/psychologue-larochelle-rochefort.fr\/index.php?rest_route=\/wp\/v2\/types\/page"}],"author":[{"embeddable":true,"href":"https:\/\/psychologue-larochelle-rochefort.fr\/index.php?rest_route=\/wp\/v2\/users\/1"}],"replies":[{"embeddable":true,"href":"https:\/\/psychologue-larochelle-rochefort.fr\/index.php?rest_route=%2Fwp%2Fv2%2Fcomments&post=319"}],"version-history":[{"count":31,"href":"https:\/\/psychologue-larochelle-rochefort.fr\/index.php?rest_route=\/wp\/v2\/pages\/319\/revisions"}],"predecessor-version":[{"id":1411,"href":"https:\/\/psychologue-larochelle-rochefort.fr\/index.php?rest_route=\/wp\/v2\/pages\/319\/revisions\/1411"}],"up":[{"embeddable":true,"href":"https:\/\/psychologue-larochelle-rochefort.fr\/index.php?rest_route=\/wp\/v2\/pages\/682"}],"wp:attachment":[{"href":"https:\/\/psychologue-larochelle-rochefort.fr\/index.php?rest_route=%2Fwp%2Fv2%2Fmedia&parent=319"}],"curies":[{"name":"wp","href":"https:\/\/api.w.org\/{rel}","templated":true}]}}