{"id":36,"date":"2016-08-24T13:48:22","date_gmt":"2016-08-24T12:48:22","guid":{"rendered":"http:\/\/psychologue-larochelle-rochefort.fr\/?page_id=36"},"modified":"2026-04-12T11:36:05","modified_gmt":"2026-04-12T10:36:05","slug":"bilans-remediations","status":"publish","type":"page","link":"https:\/\/psychologue-larochelle-rochefort.fr\/?page_id=36","title":{"rendered":"BILANS psychom\u00e9triques, neuropsychologiques, cognitifs, de l&rsquo;attention et des fonctions ex\u00e9cutives, TSA, psychoaffectifs&#8230;    \/ Accompagnements HPI TND Psychologue conventionn\u00e9e"},"content":{"rendered":"<p>Psychologue sp\u00e9cialis\u00e9e en psychopathologie, psychologie d\u00e9veloppementale et neuropsychologie et en formation continue de mise \u00e0 jour.<br \/>j&rsquo;ai \u00e9t\u00e9 form\u00e9e pour r\u00e9aliser diff\u00e9rents <span style=\"color: #3366ff;\"><strong>TESTS<\/strong><\/span> et des <span style=\"color: #3366ff;\"><strong>REMEDIATIONS<\/strong><\/span> <br \/>aupr\u00e8s de <span style=\"color: #3366ff;\"><strong>JEUNES ENFANTS \/ ENFANTS \/ ADOLESCENTS<\/strong><\/span><\/p>\n<h4><strong><span style=\"text-decoration: underline;\"><span style=\"color: #000080; text-decoration: underline;\">1. ENTRETIEN : <\/span><\/span><\/strong><\/h4>\n<h4><strong style=\"font-size: 1.1em;\"><span style=\"color: #000080;\">anamn\u00e8se (recueil d&rsquo;informations)\u00a0<\/span><\/strong><\/h4>\n<p>Je vous propose 2 OPTIONS<\/p>\n<p>-&gt; une <span style=\"color: #0000ff;\">CONSULTATION avant BILAN de 55 minutes<\/span> <br \/>Le Bilan (psychom\u00e9trique ou attentionnel si bilan psychom\u00e9trique fait) sera fait ensuite dans les 8 jours en moyenne<\/p>\n<p>ou <span style=\"text-decoration: underline;\">si besoin d&rsquo;un ACCOMPAGNEMENT :<\/span>, <br \/>il est possible d&rsquo;effectuer un BILAN \u00a0APRES <br \/>\u00a0une <span style=\"color: #0000ff;\">S\u00c9ANCE d&rsquo;\u00c9VALUATION MON SOUTIEN PSY (35 min)*\u00a0<\/span> = les 2 parents et votre enfant \/ adolescent\/e<br \/>et <span style=\"color: #0000ff;\">DEUX \u00a0s\u00e9ance\/s avec votre enfant ou votre adolescent\/e *<\/span><br \/>sur des dates diff\u00e9rentes<br \/>A la suite du BILAN des s\u00e9ances de soutien et rem\u00e9diations seront propos\u00e9es <br \/>(* dispositif Mon Soutien Psy jusqu&rsquo;\u00e0 11 s\u00e9ances par an apr\u00e8s une premi\u00e8re s\u00e9ance d&rsquo;\u00e9valuation, une s\u00e9ance = 35 minutes &#8211; 50\u20ac \u00e0 r\u00e9gler \u00e0 chaque s\u00e9ance par ch\u00e8que ou especes)<\/p>\n<p>ATTENTION dans ce cadre, le BILAN ne sera pas r\u00e9alis\u00e9 sur des s\u00e9ances Mon Soutien Psy (honoraires BILAN)\u00a0<\/p>\n<h4>\u00a0<\/h4>\n<h4><strong><span style=\"text-decoration: underline;\"><span style=\"color: #000080; text-decoration: underline;\">2. BILANS \u00a0(un ou plusieurs TEST(S) selon les besoins<\/span><\/span><\/strong><\/h4>\n<h4><strong><span style=\"text-decoration: underline;\"><span style=\"color: #000080; text-decoration: underline;\">un BILAN PSYCHOM\u00c9TRIQUE \u00a0(INTELLECTUEL\/ COGNITIF ) =\u00a0<\/span><\/span><\/strong><\/h4>\n<p><span style=\"text-decoration: underline;\"><span style=\"text-decoration: underline;\">1\u00b0) <strong>JEUNES ENFANTS &#8211; ENFANTS &#8211; ADOLESCENTS \u00a0(2 \u00a0ans et demi \u00a0\u00e0 16 ans et 11 mois) :<\/strong><br \/><strong>WPPSI IV et WISC V<\/strong><\/span><\/span><\/p>\n<div class=\"elementor-element elementor-element-a92dc32 elementor-widget elementor-widget-heading\" data-id=\"a92dc32\" data-element_type=\"widget\" data-widget_type=\"heading.default\">\n<div class=\"elementor-widget-container\">\n<p class=\"elementor-heading-title elementor-size-default\">Le Bilan Psychom\u00e9trique ou intellectuel (QI) a pour objectifs d&rsquo;\u00e9valuer les \u00a0capacit\u00e9s langagi\u00e8res, le raisonnement logico-d\u00e9ductif, les comp\u00e9tences visuo-spatiales, \u00a0la m\u00e9moire de travail et la vitesse de traitement.<\/p>\n<p>Les tests : WPPSI 4 et WISC 5 se composent de 5 indices :<br \/><span style=\"font-size: revert;\">\u00a0&#8211; Indice de compr\u00e9hension verbale<br \/><\/span><span style=\"font-size: revert;\">&#8211; \u00a0indice visuospatial<br \/><\/span><span style=\"font-size: revert;\">&#8211; Indice de Raisonnement Fluide<br \/><\/span><span style=\"font-size: revert;\">&#8211; Indice de M\u00e9moire de Travail<br \/><\/span><span style=\"font-size: revert;\">&#8211; Indice de Vitesse de Traitement<\/span><\/p>\n<\/div>\n<\/div>\n<h4><span style=\"text-decoration: underline;\">2\u00b0) ADOLESCENTS \u00a0de plus de 16 ans\u00a0 :\u00a0 WAIS IV\u00a0<\/span><\/h4>\n<h5>(Ce sont les derni\u00e8res versions, qui sont les seules VALIDES actuellement)<\/h5>\n<h4>\u00a0<\/h4>\n<h4><strong><span style=\"text-decoration: underline;\"><span style=\"color: #000080; text-decoration: underline;\">Un \u00a0BILAN \u00a0NEUROPSYCHOLOGIQUE\u00a0<\/span><\/span><\/strong><\/h4>\n<p>Pour un Bilan Neuropsychologique<strong> il est imp\u00e9ratif de r\u00e9aliser un BILAN PSYCHOM\u00c9TRIQUE <\/strong>en premier temps ( ou venir \u00e0 la consultation avec un bilan psychom\u00e9trique r\u00e9alis\u00e9 depuis moins de 18 mois qui soit : WISC 5 )\u00a0<br \/><strong>ET UN AUTRE TEST comme un BILAN ATTENTIONNEL ou un BILAN TSA (ADI R *puis ADOS 2)\u00a0<\/strong><\/p>\n<div class=\"elementor-element elementor-element-52b508aa elementor-widget elementor-widget-heading\" data-id=\"52b508aa\" data-element_type=\"widget\" data-widget_type=\"heading.default\">\n<div class=\"elementor-widget-container\">\n<p class=\"elementor-heading-title elementor-size-default\"><strong>La neuropsychologie<\/strong>, est une branche de la psychologie qui s\u2019int\u00e9resse aux relations entre le fonctionnement de notre cerveau et notre comportement (en termes de ph\u00e9nom\u00e8nes psychologiques, cognitifs et \u00e9motionnels).\u00a0 Elle va donc s\u2019int\u00e9resser non seulement \u00e0 la cognition (Fonctions attentionnelles, mn\u00e9siques, ex\u00e9cutives, langage, praxies, \u2026) mais \u00e9galement \u00e0 la confiance en soi, \u00e0 l\u2019agitation, \u00e0 la gestion des \u00e9motions, \u00e0 l\u2019autonomie, \u2026<\/p>\n<\/div>\n<\/div>\n<div class=\"elementor-element elementor-element-446679df elementor-widget elementor-widget-heading\" data-id=\"446679df\" data-element_type=\"widget\" data-widget_type=\"heading.default\">\n<div class=\"elementor-widget-container\">\n<div class=\"elementor-element elementor-element-195cd79 elementor-widget elementor-widget-heading\" data-id=\"195cd79\" data-element_type=\"widget\" data-widget_type=\"heading.default\">\n<div class=\"elementor-widget-container\">\n<p class=\"elementor-heading-title elementor-size-default\">Le Bilan neuropsychologique a pour but l&rsquo;\u00e9valuation des capacit\u00e9s cognitives : <br \/>la concentration, la m\u00e9moire, l&rsquo;attention, l\u2019impulsivit\u00e9, la flexibilit\u00e9, la planification, l&rsquo;inhibition \u2026<\/p>\n<\/div>\n<\/div>\n<\/div>\n<\/div>\n<p><span style=\"color: #000080;\"><strong><span style=\"text-decoration: underline;\">Des tests et \u00e9chelles compl\u00e9tent le Bilan Psychom\u00e9trique <\/span><\/strong><\/span>afin d&rsquo;\u00e9valuer des DIFFICULT\u00c9S ou TROUBLES des apprentissages\u00a0 \u00a0DYS, fonctions attentionnelles et ex\u00e9cutives de l\u2019enfant et de l\u2019adolescent \/ Trouble du Spectre Autistique\u00a0<\/p>\n<p>Pour \u00e9valuer <br \/><strong>l&rsquo; HYPERSENSIBILITE<\/strong> = Evaluation \u00a0PROFIL SENSORIEL,<br \/><strong style=\"font-size: revert;\">l&rsquo; ADAPTATION<\/strong><span style=\"font-size: revert;\"> : \u00a0Evaluation VINELAND 2,<\/span><\/p>\n<p><strong>l&rsquo;ATTENTION<\/strong> = CONNERS, SNAP IV, TEA-CH (jusqu&rsquo;\u00e0 12 ans et 11 mois) , BRIEF version Parents version Enseignant et \u00e9preuves NEPSY 2<br \/><strong><br \/>le TSA<\/strong> = \u00a0ADI-R, M-CHAT, CAST, CARS, &#8230;<br \/>*ATTENTION : pour qu&rsquo;un bilan TSA soit VALIDE il faut imp\u00e9rativement que les tests soient r\u00e9alis\u00e9s par DEUX professionnel\/les diff\u00e9rent\/es puis c&rsquo;est le MEDECIN sp\u00e9cialis\u00e9 en AUTISME, qui POSERA LE DIAGNOSTIC de TSA \u00a0( je suis en lien avec le CRA de Poitiers)\u00a0<br \/>Ainsi, le test \u00a0ADOS -2 ne devant pas \u00eatre pass\u00e9 par le\/la m\u00eame neuropsychologue, je vous rapprocherai de professionnels comp\u00e9tents et il se fera \u00e0 la suite de l&rsquo;ADI R.\u00a0<br \/>ADI-R : \u00a0Pr\u00e9voir 2h30 \/ 3h sur 2 s\u00e9ances au cabinet et\/ou \u00a0en t\u00e9l\u00e9 consultation.<\/p>\n<p><strong style=\"color: #000080;\">Je r\u00e9alise \u00a0si besoin des Tests PsychoAffectifs\u00a0 et des \u00e9chelles pour<br \/><\/strong>&#8211; la personnalit\u00e9 du jeune enfant, enfant, adolescent<br \/>&#8211; la repr\u00e9sentation de la famille et de sa place<br \/>&#8211; \u00a0son lien d&rsquo;attachement aux autres<br \/>PATTE NOIRE, TSEA, CAT, TAT, MDI -C, R-CMAS, et diverses \u00e9chelles \u00a0&#8230;<\/p>\n<p><em><strong style=\"color: #000080;\">Accompagnements \/ soutien en psychologie\/ rem\u00e9diation\u00a0<br \/><\/strong>s\u00e9ance conventionn\u00e9e CPAM ou MDPH <\/em><\/p>\n<p>&#8212;-<br \/>ENTRETIEN : 75\u20ac \u00a0ou apr\u00e8s \u00a0des s\u00e9ances Mon Soutien Psy \u00a0sur des dates diff\u00e9rentes<br \/><em>le BILAN PSYCHOMETRIQUE (WPPSI 4, WISC5, WAIS 4)\u00a0 : 225 \u20ac<\/em><br \/><em>autre(s) TESTS : de 100 \u00e0 300 \u20ac voir \u00a0\u00bb honoraires \u00ab\u00a0<\/em><\/p>\n<h4>\u00a04. Une <span style=\"text-decoration: underline;\">restitution<\/span> du bilan se fait <span style=\"text-decoration: underline;\">oralement en fin de s\u00e9ances<\/span> PUIS \u00a0une remise d&rsquo;un <span style=\"text-decoration: underline;\">compte rendu \u00e9crit d\u00e9taill\u00e9<\/span> est transmis en version PDF (Inclus dans le tarif du TEST \/\u00c9CHELLE) avec des pr\u00e9conisations environ 3 semaines apr\u00e8s la fin du Bilan (ou transmission de tous les \u00a0documents), dans \u00ab\u00a0documents\u00a0\u00bbpartag\u00e9s sur Doctolib.<\/h4>\n<h4>5. A l\u2019issue du BILAN, je peux vous proposer :<\/h4>\n<p>=&gt; des CONSULTATIONS ou des REMEDIATIONS cognitives (attention, m\u00e9moire, habilet\u00e9s sociales) et psychop\u00e9dagogie ENFANTS \/ ADOLESCENTS non conventionn\u00e9es CPAM mais prises en charge par de nombreuses mutuelles\u00a0<br \/>&#8211;&gt; des S\u00e9ances de soutien en Psychologie conventionn\u00e9es \u00a0\u00bb MON SOUTIEN PSY\u00a0\u00bb (MSP), \u00a0tant que l&rsquo;enfant ou adolescent\/e n&rsquo;a pas de dossier MDPH confirm\u00e9,\u00a0<br \/>&#8211;&gt; si dossier MDPH = \u00ab\u00a0des consultations MDPH\u00a0\u00bb avec validation d&rsquo;un devis que je vous transmettrai<br \/>&#8211;&gt; des s\u00e9ances de Guidance Parentale avec le dispositif MSP\u00a0<\/p>\n<h5><a href=\"http:\/\/psychologue-larochelle-rochefort.fr\/wp-content\/uploads\/2020\/01\/IMG_20200103_191422.jpg\"><img loading=\"lazy\" decoding=\"async\" class=\"wp-image-847 alignright\" src=\"http:\/\/psychologue-larochelle-rochefort.fr\/wp-content\/uploads\/2020\/01\/IMG_20200103_191422.jpg\" alt=\"\" width=\"156\" height=\"208\" srcset=\"https:\/\/psychologue-larochelle-rochefort.fr\/wp-content\/uploads\/2020\/01\/IMG_20200103_191422.jpg 2976w, https:\/\/psychologue-larochelle-rochefort.fr\/wp-content\/uploads\/2020\/01\/IMG_20200103_191422-225x300.jpg 225w, https:\/\/psychologue-larochelle-rochefort.fr\/wp-content\/uploads\/2020\/01\/IMG_20200103_191422-768x1024.jpg 768w\" sizes=\"auto, (max-width: 156px) 100vw, 156px\" \/><\/a>&#8212;&#8212;&#8212;&#8212;&#8212;&#8212;&#8212;&#8212;&#8212;&#8212;&#8212;&#8212;<\/h5>\n<h4><a href=\"https:\/\/www.doctolib.fr\/psychologue\/saint-vivien\/sabrina-mamoun-gailler\" target=\"_blank\" rel=\"noopener noreferrer\">Vous pouvez prendre rendez-vous,\u00a0sur <span style=\"text-decoration: underline;\">l&rsquo;agenda en ligne doctolib<\/span> du CABINET, au motif : <\/a><br \/>Bilan Enfant ou Bilan\u00a0 Adolescent(e)<br \/>au NOM pr\u00e9nom date de naissance de votre enfant \/ adolescent(e).\u00a0<\/h4>\n<h4><span style=\"color: #ff0000;\">\u00a0 <\/span><\/h4>\n\n\n<a href=\"https:\/\/www.doctolib.fr\/psychologue\/saint-vivien\/sabrina-mamoun-gailler?utm_campaign=website-button&amp;utm_source=sabrina-mamoun-gailler-website-button&amp;utm_medium=referral&amp;utm_content=option-5&amp;utm_term=sabrina-mamoun-gailler\" style=\"display:block;text-align:center;background-color:#0596DE;color:#ffffff;font-size:14px;overflow:hidden;width:257px;height:40px;border-bottom-right-radius:none;border-bottom-left-radius:none;position:fixed;bottom:0;right:5px;z-index:1000;border-top-left-radius:4px;border-top-right-radius:4px;line-height:40px\" target=\"_blank\" data-reactroot=\"\" rel=\"noopener noreferrer\"><span style=\"font-size:13px\">Prendre rendez-vous en ligne<\/span><img decoding=\"async\" style=\"height:15px;margin-bottom:3px;vertical-align:middle;width:auto\" src=\"https:\/\/pro.doctolib.fr\/external_button\/doctolib-white-transparent.png\" alt=\"Doctolib\"><\/a>\n","protected":false},"excerpt":{"rendered":"<p>Psychologue sp\u00e9cialis\u00e9e en psychopathologie, psychologie d\u00e9veloppementale et neuropsychologie et en formation continue de mise \u00e0 jour.j&rsquo;ai \u00e9t\u00e9 form\u00e9e pour r\u00e9aliser diff\u00e9rents TESTS et des REMEDIATIONS aupr\u00e8s de JEUNES ENFANTS \/ ENFANTS \/ ADOLESCENTS 1. ENTRETIEN : anamn\u00e8se (recueil d&rsquo;informations)\u00a0 Je vous propose 2 OPTIONS -&gt; une CONSULTATION avant BILAN de 55 minutes Le Bilan (psychom\u00e9trique &hellip; <\/p>\n<p><a class=\"more-link btn\" href=\"https:\/\/psychologue-larochelle-rochefort.fr\/?page_id=36\">Lire la suite<\/a><\/p>\n","protected":false},"author":1,"featured_media":0,"parent":0,"menu_order":3,"comment_status":"closed","ping_status":"closed","template":"template-twocolumnsright.php","meta":{"footnotes":""},"class_list":["post-36","page","type-page","status-publish","hentry","nodate","item-wrap"],"yoast_head":"<!-- This site is optimized with the Yoast SEO plugin v20.1 - https:\/\/yoast.com\/wordpress\/plugins\/seo\/ -->\n<title>BILANS psychom\u00e9triques, neuropsychologiques, cognitifs, de l&#039;attention et des fonctions ex\u00e9cutives, TSA, psychoaffectifs...  \/ Accompagnements HPI TND Psychologue conventionn\u00e9e -<\/title>\n<meta name=\"robots\" content=\"index, follow, max-snippet:-1, max-image-preview:large, max-video-preview:-1\" \/>\n<link rel=\"canonical\" href=\"https:\/\/psychologue-larochelle-rochefort.fr\/?page_id=36\" \/>\n<meta property=\"og:locale\" content=\"fr_FR\" \/>\n<meta property=\"og:type\" content=\"article\" \/>\n<meta property=\"og:title\" content=\"BILANS psychom\u00e9triques, neuropsychologiques, cognitifs, de l&#039;attention et des fonctions ex\u00e9cutives, TSA, psychoaffectifs...  \/ Accompagnements HPI TND Psychologue conventionn\u00e9e -\" \/>\n<meta property=\"og:description\" content=\"Psychologue sp\u00e9cialis\u00e9e en psychopathologie, psychologie d\u00e9veloppementale et neuropsychologie et en formation continue de mise \u00e0 jour.j&rsquo;ai \u00e9t\u00e9 form\u00e9e pour r\u00e9aliser diff\u00e9rents TESTS et des REMEDIATIONS aupr\u00e8s de JEUNES ENFANTS \/ ENFANTS \/ ADOLESCENTS 1. ENTRETIEN : anamn\u00e8se (recueil d&rsquo;informations)\u00a0 Je vous propose 2 OPTIONS -&gt; une CONSULTATION avant BILAN de 55 minutes Le Bilan (psychom\u00e9trique &hellip; Lire la suite\" \/>\n<meta property=\"og:url\" content=\"https:\/\/psychologue-larochelle-rochefort.fr\/?page_id=36\" \/>\n<meta property=\"article:modified_time\" content=\"2026-04-12T10:36:05+00:00\" \/>\n<meta property=\"og:image\" content=\"http:\/\/psychologue-larochelle-rochefort.fr\/wp-content\/uploads\/2020\/01\/IMG_20200103_191422.jpg\" \/>\n<meta name=\"twitter:label1\" content=\"Dur\u00e9e de lecture estim\u00e9e\" \/>\n\t<meta name=\"twitter:data1\" content=\"5 minutes\" \/>\n<script type=\"application\/ld+json\" class=\"yoast-schema-graph\">{\"@context\":\"https:\/\/schema.org\",\"@graph\":[{\"@type\":\"WebPage\",\"@id\":\"https:\/\/psychologue-larochelle-rochefort.fr\/?page_id=36\",\"url\":\"https:\/\/psychologue-larochelle-rochefort.fr\/?page_id=36\",\"name\":\"BILANS psychom\u00e9triques, neuropsychologiques, cognitifs, de l'attention et des fonctions ex\u00e9cutives, TSA, psychoaffectifs... \/ Accompagnements HPI TND Psychologue conventionn\u00e9e -\",\"isPartOf\":{\"@id\":\"https:\/\/psychologue-larochelle-rochefort.fr\/#website\"},\"datePublished\":\"2016-08-24T12:48:22+00:00\",\"dateModified\":\"2026-04-12T10:36:05+00:00\",\"breadcrumb\":{\"@id\":\"https:\/\/psychologue-larochelle-rochefort.fr\/?page_id=36#breadcrumb\"},\"inLanguage\":\"fr-FR\",\"potentialAction\":[{\"@type\":\"ReadAction\",\"target\":[\"https:\/\/psychologue-larochelle-rochefort.fr\/?page_id=36\"]}]},{\"@type\":\"BreadcrumbList\",\"@id\":\"https:\/\/psychologue-larochelle-rochefort.fr\/?page_id=36#breadcrumb\",\"itemListElement\":[{\"@type\":\"ListItem\",\"position\":1,\"name\":\"Accueil\",\"item\":\"https:\/\/psychologue-larochelle-rochefort.fr\/\"},{\"@type\":\"ListItem\",\"position\":2,\"name\":\"BILANS psychom\u00e9triques, neuropsychologiques, cognitifs, de l&rsquo;attention et des fonctions ex\u00e9cutives, TSA, psychoaffectifs&#8230; \/ Accompagnements HPI TND Psychologue conventionn\u00e9e\"}]},{\"@type\":\"WebSite\",\"@id\":\"https:\/\/psychologue-larochelle-rochefort.fr\/#website\",\"url\":\"https:\/\/psychologue-larochelle-rochefort.fr\/\",\"name\":\"\",\"description\":\"Cabinet de Psychologie\",\"potentialAction\":[{\"@type\":\"SearchAction\",\"target\":{\"@type\":\"EntryPoint\",\"urlTemplate\":\"https:\/\/psychologue-larochelle-rochefort.fr\/?s={search_term_string}\"},\"query-input\":\"required name=search_term_string\"}],\"inLanguage\":\"fr-FR\"}]}<\/script>\n<!-- \/ Yoast SEO plugin. -->","yoast_head_json":{"title":"BILANS psychom\u00e9triques, neuropsychologiques, cognitifs, de l'attention et des fonctions ex\u00e9cutives, TSA, psychoaffectifs...  \/ Accompagnements HPI TND Psychologue conventionn\u00e9e -","robots":{"index":"index","follow":"follow","max-snippet":"max-snippet:-1","max-image-preview":"max-image-preview:large","max-video-preview":"max-video-preview:-1"},"canonical":"https:\/\/psychologue-larochelle-rochefort.fr\/?page_id=36","og_locale":"fr_FR","og_type":"article","og_title":"BILANS psychom\u00e9triques, neuropsychologiques, cognitifs, de l'attention et des fonctions ex\u00e9cutives, TSA, psychoaffectifs...  \/ Accompagnements HPI TND Psychologue conventionn\u00e9e -","og_description":"Psychologue sp\u00e9cialis\u00e9e en psychopathologie, psychologie d\u00e9veloppementale et neuropsychologie et en formation continue de mise \u00e0 jour.j&rsquo;ai \u00e9t\u00e9 form\u00e9e pour r\u00e9aliser diff\u00e9rents TESTS et des REMEDIATIONS aupr\u00e8s de JEUNES ENFANTS \/ ENFANTS \/ ADOLESCENTS 1. ENTRETIEN : anamn\u00e8se (recueil d&rsquo;informations)\u00a0 Je vous propose 2 OPTIONS -&gt; une CONSULTATION avant BILAN de 55 minutes Le Bilan (psychom\u00e9trique &hellip; Lire la suite","og_url":"https:\/\/psychologue-larochelle-rochefort.fr\/?page_id=36","article_modified_time":"2026-04-12T10:36:05+00:00","og_image":[{"url":"http:\/\/psychologue-larochelle-rochefort.fr\/wp-content\/uploads\/2020\/01\/IMG_20200103_191422.jpg"}],"twitter_misc":{"Dur\u00e9e de lecture estim\u00e9e":"5 minutes"},"schema":{"@context":"https:\/\/schema.org","@graph":[{"@type":"WebPage","@id":"https:\/\/psychologue-larochelle-rochefort.fr\/?page_id=36","url":"https:\/\/psychologue-larochelle-rochefort.fr\/?page_id=36","name":"BILANS psychom\u00e9triques, neuropsychologiques, cognitifs, de l'attention et des fonctions ex\u00e9cutives, TSA, psychoaffectifs... \/ Accompagnements HPI TND Psychologue conventionn\u00e9e -","isPartOf":{"@id":"https:\/\/psychologue-larochelle-rochefort.fr\/#website"},"datePublished":"2016-08-24T12:48:22+00:00","dateModified":"2026-04-12T10:36:05+00:00","breadcrumb":{"@id":"https:\/\/psychologue-larochelle-rochefort.fr\/?page_id=36#breadcrumb"},"inLanguage":"fr-FR","potentialAction":[{"@type":"ReadAction","target":["https:\/\/psychologue-larochelle-rochefort.fr\/?page_id=36"]}]},{"@type":"BreadcrumbList","@id":"https:\/\/psychologue-larochelle-rochefort.fr\/?page_id=36#breadcrumb","itemListElement":[{"@type":"ListItem","position":1,"name":"Accueil","item":"https:\/\/psychologue-larochelle-rochefort.fr\/"},{"@type":"ListItem","position":2,"name":"BILANS psychom\u00e9triques, neuropsychologiques, cognitifs, de l&rsquo;attention et des fonctions ex\u00e9cutives, TSA, psychoaffectifs&#8230; \/ Accompagnements HPI TND Psychologue conventionn\u00e9e"}]},{"@type":"WebSite","@id":"https:\/\/psychologue-larochelle-rochefort.fr\/#website","url":"https:\/\/psychologue-larochelle-rochefort.fr\/","name":"","description":"Cabinet de Psychologie","potentialAction":[{"@type":"SearchAction","target":{"@type":"EntryPoint","urlTemplate":"https:\/\/psychologue-larochelle-rochefort.fr\/?s={search_term_string}"},"query-input":"required name=search_term_string"}],"inLanguage":"fr-FR"}]}},"_links":{"self":[{"href":"https:\/\/psychologue-larochelle-rochefort.fr\/index.php?rest_route=\/wp\/v2\/pages\/36","targetHints":{"allow":["GET"]}}],"collection":[{"href":"https:\/\/psychologue-larochelle-rochefort.fr\/index.php?rest_route=\/wp\/v2\/pages"}],"about":[{"href":"https:\/\/psychologue-larochelle-rochefort.fr\/index.php?rest_route=\/wp\/v2\/types\/page"}],"author":[{"embeddable":true,"href":"https:\/\/psychologue-larochelle-rochefort.fr\/index.php?rest_route=\/wp\/v2\/users\/1"}],"replies":[{"embeddable":true,"href":"https:\/\/psychologue-larochelle-rochefort.fr\/index.php?rest_route=%2Fwp%2Fv2%2Fcomments&post=36"}],"version-history":[{"count":136,"href":"https:\/\/psychologue-larochelle-rochefort.fr\/index.php?rest_route=\/wp\/v2\/pages\/36\/revisions"}],"predecessor-version":[{"id":2038,"href":"https:\/\/psychologue-larochelle-rochefort.fr\/index.php?rest_route=\/wp\/v2\/pages\/36\/revisions\/2038"}],"wp:attachment":[{"href":"https:\/\/psychologue-larochelle-rochefort.fr\/index.php?rest_route=%2Fwp%2Fv2%2Fmedia&parent=36"}],"curies":[{"name":"wp","href":"https:\/\/api.w.org\/{rel}","templated":true}]}}