{"id":368,"date":"2019-12-06T01:06:33","date_gmt":"2019-12-06T00:06:33","guid":{"rendered":"http:\/\/psychologue-larochelle-rochefort.fr\/?page_id=368"},"modified":"2026-04-12T18:05:39","modified_gmt":"2026-04-12T17:05:39","slug":"tarifs-2","status":"publish","type":"page","link":"https:\/\/psychologue-larochelle-rochefort.fr\/?page_id=368","title":{"rendered":"HONORAIRES  2026"},"content":{"rendered":"\n<p>Mis \u00e0 jour : janvier 2026<\/p>\n\n\n\n<figure class=\"wp-block-image size-large\"><a href=\"http:\/\/psychologue-larochelle-rochefort.fr\/wp-content\/uploads\/2026\/04\/Capture-decran-2026-04-12-a-19.00.19.png\"><img loading=\"lazy\" decoding=\"async\" width=\"1024\" height=\"916\" src=\"http:\/\/psychologue-larochelle-rochefort.fr\/wp-content\/uploads\/2026\/04\/Capture-decran-2026-04-12-a-19.00.19-1024x916.png\" alt=\"\" class=\"wp-image-2050\" srcset=\"https:\/\/psychologue-larochelle-rochefort.fr\/wp-content\/uploads\/2026\/04\/Capture-decran-2026-04-12-a-19.00.19-1024x916.png 1024w, https:\/\/psychologue-larochelle-rochefort.fr\/wp-content\/uploads\/2026\/04\/Capture-decran-2026-04-12-a-19.00.19-300x268.png 300w, https:\/\/psychologue-larochelle-rochefort.fr\/wp-content\/uploads\/2026\/04\/Capture-decran-2026-04-12-a-19.00.19-768x687.png 768w, https:\/\/psychologue-larochelle-rochefort.fr\/wp-content\/uploads\/2026\/04\/Capture-decran-2026-04-12-a-19.00.19-750x671.png 750w, https:\/\/psychologue-larochelle-rochefort.fr\/wp-content\/uploads\/2026\/04\/Capture-decran-2026-04-12-a-19.00.19.png 1138w\" sizes=\"auto, (max-width: 1024px) 100vw, 1024px\" \/><\/a><\/figure>\n\n\n\n<p><\/p>\n\n\n\n<p class=\"has-text-color has-link-color has-small-font-size wp-elements-549ee821da134f095de21bc7ede50f7b\" style=\"color:#28425e\"><strong>Consultations en LIGNE : m\u00eames honoraires  qu&rsquo;au cabinet mais \u00e0 r\u00e9gler 48h hors WE avant le RDV  : paiement en ligne par virement ou PayPal<br><\/strong><br>Pour les Groupes, Ateliers, Formations il vous sera possible, de r\u00e9gler par virement ou en ligne par CB<\/p>\n\n\n\n<h4 class=\"wp-block-heading has-small-font-size\"><strong>Prises en charge :<\/strong><br>&#8211; <span style=\"font-weight: normal;\">MDPH (avec devis)<br>&#8211; Compl\u00e9mentaires sant\u00e9 (Mutuelles \/ MGEN) : <\/span><span style=\"font-weight: 400;\">Les mutuelles prennent en charge au moins 4 s\u00e9ances d&rsquo;un montant de 60\u20ac maximum par personne et parfois plus si vous avez un forfait, avec facture. <\/span><span style=\"font-weight: normal;\"> <\/span><br><span style=\"font-weight: normal;\">&#8211; CPAM (demande exceptionnelle \u00e0 effectuer aupr\u00e8s de la CPAM \/CAF selon votre situation avec devis)<\/span><br><span style=\"font-weight: normal;\">&#8211; Certaines assurances (\u00e0 la suite d&rsquo;un accident) <\/span><br><span style=\"font-weight: normal;\">&#8211; Conventions avec des Institutions M\u00e9dico Sociales \/ Sociales (si adressage de leur part)<\/span><br><span style=\"font-weight: normal;\">&#8211; UDAF (salari\u00e9s)<\/span><br><span style=\"font-weight: normal;\">&#8211; S\u00e9ances Mon Parcours Psy (MPP )<\/span><br><\/h4>\n\n\n\n<p>RPPS : 1000 866 79 32<\/p>\n\n\n\n<p><span style=\"font-weight: normal;\"><br><\/span><br><\/p>\n\n\n\n<a href=\"https:\/\/www.doctolib.fr\/psychologue\/saint-vivien\/sabrina-mamoun-gailler?utm_campaign=website-button&amp;utm_source=sabrina-mamoun-gailler-website-button&amp;utm_medium=referral&amp;utm_content=option-5&amp;utm_term=sabrina-mamoun-gailler\" style=\"display:block;text-align:center;background-color:#0596DE;color:#ffffff;font-size:14px;overflow:hidden;width:257px;height:40px;border-bottom-right-radius:none;border-bottom-left-radius:none;position:fixed;bottom:0;right:5px;z-index:1000;border-top-left-radius:4px;border-top-right-radius:4px;line-height:40px\" target=\"_blank\" data-reactroot=\"\" rel=\"noopener noreferrer\"><span style=\"font-size:13px\">Prendre rendez-vous en ligne<\/span><img decoding=\"async\" style=\"height:15px;margin-bottom:3px;vertical-align:middle;width:auto\" src=\"https:\/\/pro.doctolib.fr\/external_button\/doctolib-white-transparent.png\" alt=\"Doctolib\"><\/a>\n\n\n\n<p><\/p>\n","protected":false},"excerpt":{"rendered":"<p>Mis \u00e0 jour : janvier 2026 Consultations en LIGNE : m\u00eames honoraires qu&rsquo;au cabinet mais \u00e0 r\u00e9gler 48h hors WE avant le RDV : paiement en ligne par virement ou PayPalPour les Groupes, Ateliers, Formations il vous sera possible, de r\u00e9gler par virement ou en ligne par CB Prises en charge :&#8211; MDPH (avec devis)&#8211; &hellip; <\/p>\n<p><a class=\"more-link btn\" href=\"https:\/\/psychologue-larochelle-rochefort.fr\/?page_id=368\">Lire la suite<\/a><\/p>\n","protected":false},"author":1,"featured_media":0,"parent":0,"menu_order":8,"comment_status":"closed","ping_status":"closed","template":"template-twocolumnsright.php","meta":{"footnotes":""},"class_list":["post-368","page","type-page","status-publish","hentry","nodate","item-wrap"],"yoast_head":"<!-- This site is optimized with the Yoast SEO plugin v20.1 - https:\/\/yoast.com\/wordpress\/plugins\/seo\/ -->\n<title>HONORAIRES 2026 -<\/title>\n<meta name=\"robots\" content=\"index, follow, max-snippet:-1, max-image-preview:large, max-video-preview:-1\" \/>\n<link rel=\"canonical\" href=\"https:\/\/psychologue-larochelle-rochefort.fr\/?page_id=368\" \/>\n<meta property=\"og:locale\" content=\"fr_FR\" \/>\n<meta property=\"og:type\" content=\"article\" \/>\n<meta property=\"og:title\" content=\"HONORAIRES 2026 -\" \/>\n<meta property=\"og:description\" content=\"Mis \u00e0 jour : janvier 2026 Consultations en LIGNE : m\u00eames honoraires qu&rsquo;au cabinet mais \u00e0 r\u00e9gler 48h hors WE avant le RDV : paiement en ligne par virement ou PayPalPour les Groupes, Ateliers, Formations il vous sera possible, de r\u00e9gler par virement ou en ligne par CB Prises en charge :&#8211; MDPH (avec devis)&#8211; &hellip; Lire la suite\" \/>\n<meta property=\"og:url\" content=\"https:\/\/psychologue-larochelle-rochefort.fr\/?page_id=368\" \/>\n<meta property=\"article:modified_time\" content=\"2026-04-12T17:05:39+00:00\" \/>\n<meta property=\"og:image\" content=\"http:\/\/psychologue-larochelle-rochefort.fr\/wp-content\/uploads\/2026\/04\/Capture-decran-2026-04-12-a-19.00.19-1024x916.png\" \/>\n<meta name=\"twitter:label1\" content=\"Dur\u00e9e de lecture estim\u00e9e\" \/>\n\t<meta name=\"twitter:data1\" content=\"2 minutes\" \/>\n<script type=\"application\/ld+json\" class=\"yoast-schema-graph\">{\"@context\":\"https:\/\/schema.org\",\"@graph\":[{\"@type\":\"WebPage\",\"@id\":\"https:\/\/psychologue-larochelle-rochefort.fr\/?page_id=368\",\"url\":\"https:\/\/psychologue-larochelle-rochefort.fr\/?page_id=368\",\"name\":\"HONORAIRES 2026 -\",\"isPartOf\":{\"@id\":\"https:\/\/psychologue-larochelle-rochefort.fr\/#website\"},\"datePublished\":\"2019-12-06T00:06:33+00:00\",\"dateModified\":\"2026-04-12T17:05:39+00:00\",\"breadcrumb\":{\"@id\":\"https:\/\/psychologue-larochelle-rochefort.fr\/?page_id=368#breadcrumb\"},\"inLanguage\":\"fr-FR\",\"potentialAction\":[{\"@type\":\"ReadAction\",\"target\":[\"https:\/\/psychologue-larochelle-rochefort.fr\/?page_id=368\"]}]},{\"@type\":\"BreadcrumbList\",\"@id\":\"https:\/\/psychologue-larochelle-rochefort.fr\/?page_id=368#breadcrumb\",\"itemListElement\":[{\"@type\":\"ListItem\",\"position\":1,\"name\":\"Accueil\",\"item\":\"https:\/\/psychologue-larochelle-rochefort.fr\/\"},{\"@type\":\"ListItem\",\"position\":2,\"name\":\"HONORAIRES 2026\"}]},{\"@type\":\"WebSite\",\"@id\":\"https:\/\/psychologue-larochelle-rochefort.fr\/#website\",\"url\":\"https:\/\/psychologue-larochelle-rochefort.fr\/\",\"name\":\"\",\"description\":\"Cabinet de Psychologie\",\"potentialAction\":[{\"@type\":\"SearchAction\",\"target\":{\"@type\":\"EntryPoint\",\"urlTemplate\":\"https:\/\/psychologue-larochelle-rochefort.fr\/?s={search_term_string}\"},\"query-input\":\"required name=search_term_string\"}],\"inLanguage\":\"fr-FR\"}]}<\/script>\n<!-- \/ Yoast SEO plugin. -->","yoast_head_json":{"title":"HONORAIRES 2026 -","robots":{"index":"index","follow":"follow","max-snippet":"max-snippet:-1","max-image-preview":"max-image-preview:large","max-video-preview":"max-video-preview:-1"},"canonical":"https:\/\/psychologue-larochelle-rochefort.fr\/?page_id=368","og_locale":"fr_FR","og_type":"article","og_title":"HONORAIRES 2026 -","og_description":"Mis \u00e0 jour : janvier 2026 Consultations en LIGNE : m\u00eames honoraires qu&rsquo;au cabinet mais \u00e0 r\u00e9gler 48h hors WE avant le RDV : paiement en ligne par virement ou PayPalPour les Groupes, Ateliers, Formations il vous sera possible, de r\u00e9gler par virement ou en ligne par CB Prises en charge :&#8211; MDPH (avec devis)&#8211; &hellip; Lire la suite","og_url":"https:\/\/psychologue-larochelle-rochefort.fr\/?page_id=368","article_modified_time":"2026-04-12T17:05:39+00:00","og_image":[{"url":"http:\/\/psychologue-larochelle-rochefort.fr\/wp-content\/uploads\/2026\/04\/Capture-decran-2026-04-12-a-19.00.19-1024x916.png"}],"twitter_misc":{"Dur\u00e9e de lecture estim\u00e9e":"2 minutes"},"schema":{"@context":"https:\/\/schema.org","@graph":[{"@type":"WebPage","@id":"https:\/\/psychologue-larochelle-rochefort.fr\/?page_id=368","url":"https:\/\/psychologue-larochelle-rochefort.fr\/?page_id=368","name":"HONORAIRES 2026 -","isPartOf":{"@id":"https:\/\/psychologue-larochelle-rochefort.fr\/#website"},"datePublished":"2019-12-06T00:06:33+00:00","dateModified":"2026-04-12T17:05:39+00:00","breadcrumb":{"@id":"https:\/\/psychologue-larochelle-rochefort.fr\/?page_id=368#breadcrumb"},"inLanguage":"fr-FR","potentialAction":[{"@type":"ReadAction","target":["https:\/\/psychologue-larochelle-rochefort.fr\/?page_id=368"]}]},{"@type":"BreadcrumbList","@id":"https:\/\/psychologue-larochelle-rochefort.fr\/?page_id=368#breadcrumb","itemListElement":[{"@type":"ListItem","position":1,"name":"Accueil","item":"https:\/\/psychologue-larochelle-rochefort.fr\/"},{"@type":"ListItem","position":2,"name":"HONORAIRES 2026"}]},{"@type":"WebSite","@id":"https:\/\/psychologue-larochelle-rochefort.fr\/#website","url":"https:\/\/psychologue-larochelle-rochefort.fr\/","name":"","description":"Cabinet de Psychologie","potentialAction":[{"@type":"SearchAction","target":{"@type":"EntryPoint","urlTemplate":"https:\/\/psychologue-larochelle-rochefort.fr\/?s={search_term_string}"},"query-input":"required name=search_term_string"}],"inLanguage":"fr-FR"}]}},"_links":{"self":[{"href":"https:\/\/psychologue-larochelle-rochefort.fr\/index.php?rest_route=\/wp\/v2\/pages\/368","targetHints":{"allow":["GET"]}}],"collection":[{"href":"https:\/\/psychologue-larochelle-rochefort.fr\/index.php?rest_route=\/wp\/v2\/pages"}],"about":[{"href":"https:\/\/psychologue-larochelle-rochefort.fr\/index.php?rest_route=\/wp\/v2\/types\/page"}],"author":[{"embeddable":true,"href":"https:\/\/psychologue-larochelle-rochefort.fr\/index.php?rest_route=\/wp\/v2\/users\/1"}],"replies":[{"embeddable":true,"href":"https:\/\/psychologue-larochelle-rochefort.fr\/index.php?rest_route=%2Fwp%2Fv2%2Fcomments&post=368"}],"version-history":[{"count":214,"href":"https:\/\/psychologue-larochelle-rochefort.fr\/index.php?rest_route=\/wp\/v2\/pages\/368\/revisions"}],"predecessor-version":[{"id":2051,"href":"https:\/\/psychologue-larochelle-rochefort.fr\/index.php?rest_route=\/wp\/v2\/pages\/368\/revisions\/2051"}],"wp:attachment":[{"href":"https:\/\/psychologue-larochelle-rochefort.fr\/index.php?rest_route=%2Fwp%2Fv2%2Fmedia&parent=368"}],"curies":[{"name":"wp","href":"https:\/\/api.w.org\/{rel}","templated":true}]}}