{"id":62,"date":"2016-08-24T22:45:57","date_gmt":"2016-08-24T21:45:57","guid":{"rendered":"http:\/\/psychologue-larochelle-rochefort.fr\/?page_id=62"},"modified":"2026-04-28T00:04:12","modified_gmt":"2026-04-27T23:04:12","slug":"consultations-adultes-psychotherapie-interpersonnelle","status":"publish","type":"page","link":"https:\/\/psychologue-larochelle-rochefort.fr\/?page_id=62","title":{"rendered":"CONSULTATIONS pour  ADULTES *  &#8211; au cabinet \/ en ligne"},"content":{"rendered":"<h4><a href=\"http:\/\/psychologue-larochelle-rochefort.fr\/wp-content\/uploads\/2020\/01\/consultations-adulte-PA-pour-site-1.png\"><img loading=\"lazy\" decoding=\"async\" class=\"wp-image-692 alignleft\" src=\"http:\/\/psychologue-larochelle-rochefort.fr\/wp-content\/uploads\/2020\/01\/consultations-adulte-PA-pour-site-1.png\" alt=\"\" width=\"152\" height=\"138\" srcset=\"https:\/\/psychologue-larochelle-rochefort.fr\/wp-content\/uploads\/2020\/01\/consultations-adulte-PA-pour-site-1.png 384w, https:\/\/psychologue-larochelle-rochefort.fr\/wp-content\/uploads\/2020\/01\/consultations-adulte-PA-pour-site-1-300x272.png 300w\" sizes=\"auto, (max-width: 152px) 100vw, 152px\" \/><\/a><\/h4>\n<h3>\u00a0<\/h3>\n<h4>Les consultations ont lieu<\/h4>\n<h4>AU CABINET \u00a0\/ \u00a0en VISIO \u00a0(EN ATTENTE D&rsquo;UN\/E PSYCHOLOGUE EN COLLABORATION)\u00a0<\/h4>\n<h4>Une aide psychologique s&rsquo;av\u00e8re souvent n\u00e9cessaire pour surmonter une \u00e9preuve difficile telle qu&rsquo;un deuil, un divorce, une maladie ou toute autre souffrance.\u00a0<br \/>Il est \u00e9galement envisageable de consulter afin de mieux se comprendre, mieux se rep\u00e9rer dans son parcours de vie, pour mieux g\u00e9rer ses \u00e9motions, pour prendre ou reprendre confiance en soi&#8230;<\/h4>\n<h4>Vous pouvez consulter pour diverses difficult\u00e9s :<\/h4>\n<h4>Souffrances psychiques : <br \/>\u00a0-Tristesse\u00a0<br \/>&#8211; D\u00e9valorisation de soi, Honte<br \/>&#8211; Sentiment d&rsquo;abandon<br \/>&#8211; Stress \/ Angoisses, Phobies<br \/>&#8211; Etat de col\u00e8re, Comportement agressif envers les autres \/ vous m\u00eame<br \/>&#8211; Somatisation : douleurs ou perturbations corporelles sans raison m\u00e9dicale (maladies psycho-somatiques comme ecz\u00e9ma \u2026)<br \/>&#8211; Agitation\u00a0<br \/>&#8211; Difficult\u00e9s de Sommeil (endormissement, r\u00e9veils, impossibilit\u00e9 de dormir )<br \/>&#8211; Difficult\u00e9s Alimentaires<\/h4>\n<h4>Face \u00e0 un \u00e9v\u00e8nement difficile r\u00e9cent ou ancien :<br \/>&#8211; <span style=\"color: #000080;\">Deuil<\/span> : un parent, un ami, un coll\u00e8gue ou un enfant, deuil p\u00e9rinatal *\u00a0<br \/>&#8211; <span style=\"color: #000080;\">D\u00e9m\u00e9nagement<\/span>, Isolement social, pertes de rep\u00e8res \u2026.<br \/>&#8211; <span style=\"color: #000080;\">Harc\u00e8lement<\/span>, <span style=\"color: #000080;\">Violences<\/span> physiques, psychiques, sexuelles, Violences conjugales ..<br \/>&#8211; <span style=\"color: #000080;\">Perturbations corporelles sans raison m\u00e9dicale<\/span> &#8230;<\/h4>\n<h4>La psychoth\u00e9rapie vous permettra de puiser en vous la force de vivre en prenant en compte vos difficult\u00e9s afin d&rsquo;aller de l&rsquo;avant et de vous sentir plus confiant(e). Selon les situations, elle sera compl\u00e9mentaire \u00e0 une prise en charge m\u00e9dicale.<br \/>La psychoth\u00e9rapie vous aidera \u00e0 prendre du recul sur les situations conflictuelles ou g\u00e9n\u00e9ratrices d&rsquo;anxi\u00e9t\u00e9, en apprenant \u00e0 mieux g\u00e9rer vos \u00e9motions et votre communication. Elle vous permettra \u00e9galement de r\u00e9soudre ou d&rsquo;am\u00e9liorer vos difficult\u00e9s relationnelles et vous sortir de l&rsquo;isolement.\u00a0<\/h4>\n<h4>&#8212;&#8212;&#8212;&#8212;&#8212;&#8212;&#8212;&#8212;&#8212;&#8212;&#8212;&#8212;<\/h4>\n<h4><span style=\"color: #333333;\">ATTENTION :<br \/>=&gt; Je re\u00e7ois les ADULTES * UNIQUEMENT pour des <\/span><span style=\"color: #3366ff;\">accompagnements en <strong>p\u00e9rinatalit\u00e9<\/strong> (grossesse\/maternit\u00e9\/post partum&#8230;) \/ Guidance parentale<\/span><span style=\"color: #333333;\">.<\/span><br \/><strong><br \/><span style=\"color: #333333;\">Je n&rsquo;accompagne pas pour difficult\u00e9s conjugales \/ \u00a0en lien avec le travail \/ addictologie et autres difficult\u00e9s qu &lsquo;en p\u00e9rinatalit\u00e9 ou pour une guidance parentale.<\/span><\/strong><\/h4>\n<p><span style=\"color: #333333;\">Actuellement, je suis en attente d&rsquo;un\/e PSYCHOLOGUE pour recevoir la <span style=\"caret-color: #333333;\">patient\u00e8le<\/span> ADULTES car exer\u00e7ant 2 jours en SESSAD, je ne re\u00e7ois que dans le cadre de mes sp\u00e9cialit\u00e9s : <br \/><\/span><\/p>\n<h4><strong><span style=\"color: #333333;\">jeunes enfants \/ enfants \/ adolescents\/ p\u00e9rinatalit\u00e9 \/ parentalit\u00e9\u00a0<\/span><\/strong><\/h4>\n<h4><a href=\"https:\/\/www.doctolib.fr\/psychologue\/saint-vivien\/sabrina-mamoun-gailler\" target=\"_blank\" rel=\"noopener noreferrer\"><span style=\"color: #333333;\">Les consultations au cabinet ou en VISIO se prennent sur l&rsquo;AGENDA DOCTOLIB \u00a0Sabrina MAMOUN GAILLER<\/span><\/a><\/h4>\n<p><span style=\"color: #ffffff;\">et ma REMPLACANTE Psychologue Clinicienne, <\/span><br \/><span style=\"color: #ffffff;\">pour les SEANCES MON SOUTIEN PSY \u2013 PATIENTS ADULTES \/ PERSONNES \u00c2GEES = RDV sur doctolib\u00a0<\/span><\/p>\n<h4>\u2013&gt; Pour un PREMIER RDV = ME CONTACTER via la MESSAGERIE DOCTOLIB \u00a0<\/h4>\n\n\n<a href=\"https:\/\/www.doctolib.fr\/psychologue\/saint-vivien\/sabrina-mamoun-gailler?utm_campaign=website-button&amp;utm_source=sabrina-mamoun-gailler-website-button&amp;utm_medium=referral&amp;utm_content=option-5&amp;utm_term=sabrina-mamoun-gailler\" style=\"display:block;text-align:center;background-color:#0596DE;color:#ffffff;font-size:14px;overflow:hidden;width:257px;height:40px;border-bottom-right-radius:none;border-bottom-left-radius:none;position:fixed;bottom:0;right:5px;z-index:1000;border-top-left-radius:4px;border-top-right-radius:4px;line-height:40px\" target=\"_blank\" data-reactroot=\"\" rel=\"noopener noreferrer\"><span style=\"font-size:13px\">Prendre rendez-vous en ligne<\/span><img decoding=\"async\" style=\"height:15px;margin-bottom:3px;vertical-align:middle;width:auto\" src=\"https:\/\/pro.doctolib.fr\/external_button\/doctolib-white-transparent.png\" alt=\"Doctolib\"><\/a>\n","protected":false},"excerpt":{"rendered":"<p>\u00a0 Les consultations ont lieu AU CABINET \u00a0\/ \u00a0en VISIO \u00a0(EN ATTENTE D&rsquo;UN\/E PSYCHOLOGUE EN COLLABORATION)\u00a0 Une aide psychologique s&rsquo;av\u00e8re souvent n\u00e9cessaire pour surmonter une \u00e9preuve difficile telle qu&rsquo;un deuil, un divorce, une maladie ou toute autre souffrance.\u00a0Il est \u00e9galement envisageable de consulter afin de mieux se comprendre, mieux se rep\u00e9rer dans son parcours de &hellip; <\/p>\n<p><a class=\"more-link btn\" href=\"https:\/\/psychologue-larochelle-rochefort.fr\/?page_id=62\">Lire la suite<\/a><\/p>\n","protected":false},"author":1,"featured_media":0,"parent":682,"menu_order":4,"comment_status":"closed","ping_status":"closed","template":"template-twocolumnsright.php","meta":{"footnotes":""},"class_list":["post-62","page","type-page","status-publish","hentry","nodate","item-wrap"],"yoast_head":"<!-- This site is optimized with the Yoast SEO plugin v20.1 - https:\/\/yoast.com\/wordpress\/plugins\/seo\/ -->\n<title>CONSULTATIONS pour ADULTES * - au cabinet \/ en ligne -<\/title>\n<meta name=\"robots\" content=\"index, follow, max-snippet:-1, max-image-preview:large, max-video-preview:-1\" \/>\n<link rel=\"canonical\" href=\"https:\/\/psychologue-larochelle-rochefort.fr\/?page_id=62\" \/>\n<meta property=\"og:locale\" content=\"fr_FR\" \/>\n<meta property=\"og:type\" content=\"article\" \/>\n<meta property=\"og:title\" content=\"CONSULTATIONS pour ADULTES * - au cabinet \/ en ligne -\" \/>\n<meta property=\"og:description\" content=\"\u00a0 Les consultations ont lieu AU CABINET \u00a0\/ \u00a0en VISIO \u00a0(EN ATTENTE D&rsquo;UN\/E PSYCHOLOGUE EN COLLABORATION)\u00a0 Une aide psychologique s&rsquo;av\u00e8re souvent n\u00e9cessaire pour surmonter une \u00e9preuve difficile telle qu&rsquo;un deuil, un divorce, une maladie ou toute autre souffrance.\u00a0Il est \u00e9galement envisageable de consulter afin de mieux se comprendre, mieux se rep\u00e9rer dans son parcours de &hellip; Lire la suite\" \/>\n<meta property=\"og:url\" content=\"https:\/\/psychologue-larochelle-rochefort.fr\/?page_id=62\" \/>\n<meta property=\"article:modified_time\" content=\"2026-04-27T23:04:12+00:00\" \/>\n<meta property=\"og:image\" content=\"http:\/\/psychologue-larochelle-rochefort.fr\/wp-content\/uploads\/2020\/01\/consultations-adulte-PA-pour-site-1.png\" \/>\n<meta name=\"twitter:label1\" content=\"Dur\u00e9e de lecture estim\u00e9e\" \/>\n\t<meta name=\"twitter:data1\" content=\"3 minutes\" \/>\n<script type=\"application\/ld+json\" class=\"yoast-schema-graph\">{\"@context\":\"https:\/\/schema.org\",\"@graph\":[{\"@type\":\"WebPage\",\"@id\":\"https:\/\/psychologue-larochelle-rochefort.fr\/?page_id=62\",\"url\":\"https:\/\/psychologue-larochelle-rochefort.fr\/?page_id=62\",\"name\":\"CONSULTATIONS pour ADULTES * - au cabinet \/ en ligne -\",\"isPartOf\":{\"@id\":\"https:\/\/psychologue-larochelle-rochefort.fr\/#website\"},\"datePublished\":\"2016-08-24T21:45:57+00:00\",\"dateModified\":\"2026-04-27T23:04:12+00:00\",\"breadcrumb\":{\"@id\":\"https:\/\/psychologue-larochelle-rochefort.fr\/?page_id=62#breadcrumb\"},\"inLanguage\":\"fr-FR\",\"potentialAction\":[{\"@type\":\"ReadAction\",\"target\":[\"https:\/\/psychologue-larochelle-rochefort.fr\/?page_id=62\"]}]},{\"@type\":\"BreadcrumbList\",\"@id\":\"https:\/\/psychologue-larochelle-rochefort.fr\/?page_id=62#breadcrumb\",\"itemListElement\":[{\"@type\":\"ListItem\",\"position\":1,\"name\":\"Accueil\",\"item\":\"https:\/\/psychologue-larochelle-rochefort.fr\/\"},{\"@type\":\"ListItem\",\"position\":2,\"name\":\"CONSULTATIONS\",\"item\":\"https:\/\/psychologue-larochelle-rochefort.fr\/?page_id=682\"},{\"@type\":\"ListItem\",\"position\":3,\"name\":\"CONSULTATIONS pour ADULTES * &#8211; au cabinet \/ en ligne\"}]},{\"@type\":\"WebSite\",\"@id\":\"https:\/\/psychologue-larochelle-rochefort.fr\/#website\",\"url\":\"https:\/\/psychologue-larochelle-rochefort.fr\/\",\"name\":\"\",\"description\":\"Cabinet de Psychologie\",\"potentialAction\":[{\"@type\":\"SearchAction\",\"target\":{\"@type\":\"EntryPoint\",\"urlTemplate\":\"https:\/\/psychologue-larochelle-rochefort.fr\/?s={search_term_string}\"},\"query-input\":\"required name=search_term_string\"}],\"inLanguage\":\"fr-FR\"}]}<\/script>\n<!-- \/ Yoast SEO plugin. -->","yoast_head_json":{"title":"CONSULTATIONS pour ADULTES * - au cabinet \/ en ligne -","robots":{"index":"index","follow":"follow","max-snippet":"max-snippet:-1","max-image-preview":"max-image-preview:large","max-video-preview":"max-video-preview:-1"},"canonical":"https:\/\/psychologue-larochelle-rochefort.fr\/?page_id=62","og_locale":"fr_FR","og_type":"article","og_title":"CONSULTATIONS pour ADULTES * - au cabinet \/ en ligne -","og_description":"\u00a0 Les consultations ont lieu AU CABINET \u00a0\/ \u00a0en VISIO \u00a0(EN ATTENTE D&rsquo;UN\/E PSYCHOLOGUE EN COLLABORATION)\u00a0 Une aide psychologique s&rsquo;av\u00e8re souvent n\u00e9cessaire pour surmonter une \u00e9preuve difficile telle qu&rsquo;un deuil, un divorce, une maladie ou toute autre souffrance.\u00a0Il est \u00e9galement envisageable de consulter afin de mieux se comprendre, mieux se rep\u00e9rer dans son parcours de &hellip; Lire la suite","og_url":"https:\/\/psychologue-larochelle-rochefort.fr\/?page_id=62","article_modified_time":"2026-04-27T23:04:12+00:00","og_image":[{"url":"http:\/\/psychologue-larochelle-rochefort.fr\/wp-content\/uploads\/2020\/01\/consultations-adulte-PA-pour-site-1.png"}],"twitter_misc":{"Dur\u00e9e de lecture estim\u00e9e":"3 minutes"},"schema":{"@context":"https:\/\/schema.org","@graph":[{"@type":"WebPage","@id":"https:\/\/psychologue-larochelle-rochefort.fr\/?page_id=62","url":"https:\/\/psychologue-larochelle-rochefort.fr\/?page_id=62","name":"CONSULTATIONS pour ADULTES * - au cabinet \/ en ligne -","isPartOf":{"@id":"https:\/\/psychologue-larochelle-rochefort.fr\/#website"},"datePublished":"2016-08-24T21:45:57+00:00","dateModified":"2026-04-27T23:04:12+00:00","breadcrumb":{"@id":"https:\/\/psychologue-larochelle-rochefort.fr\/?page_id=62#breadcrumb"},"inLanguage":"fr-FR","potentialAction":[{"@type":"ReadAction","target":["https:\/\/psychologue-larochelle-rochefort.fr\/?page_id=62"]}]},{"@type":"BreadcrumbList","@id":"https:\/\/psychologue-larochelle-rochefort.fr\/?page_id=62#breadcrumb","itemListElement":[{"@type":"ListItem","position":1,"name":"Accueil","item":"https:\/\/psychologue-larochelle-rochefort.fr\/"},{"@type":"ListItem","position":2,"name":"CONSULTATIONS","item":"https:\/\/psychologue-larochelle-rochefort.fr\/?page_id=682"},{"@type":"ListItem","position":3,"name":"CONSULTATIONS pour ADULTES * &#8211; au cabinet \/ en ligne"}]},{"@type":"WebSite","@id":"https:\/\/psychologue-larochelle-rochefort.fr\/#website","url":"https:\/\/psychologue-larochelle-rochefort.fr\/","name":"","description":"Cabinet de Psychologie","potentialAction":[{"@type":"SearchAction","target":{"@type":"EntryPoint","urlTemplate":"https:\/\/psychologue-larochelle-rochefort.fr\/?s={search_term_string}"},"query-input":"required name=search_term_string"}],"inLanguage":"fr-FR"}]}},"_links":{"self":[{"href":"https:\/\/psychologue-larochelle-rochefort.fr\/index.php?rest_route=\/wp\/v2\/pages\/62","targetHints":{"allow":["GET"]}}],"collection":[{"href":"https:\/\/psychologue-larochelle-rochefort.fr\/index.php?rest_route=\/wp\/v2\/pages"}],"about":[{"href":"https:\/\/psychologue-larochelle-rochefort.fr\/index.php?rest_route=\/wp\/v2\/types\/page"}],"author":[{"embeddable":true,"href":"https:\/\/psychologue-larochelle-rochefort.fr\/index.php?rest_route=\/wp\/v2\/users\/1"}],"replies":[{"embeddable":true,"href":"https:\/\/psychologue-larochelle-rochefort.fr\/index.php?rest_route=%2Fwp%2Fv2%2Fcomments&post=62"}],"version-history":[{"count":84,"href":"https:\/\/psychologue-larochelle-rochefort.fr\/index.php?rest_route=\/wp\/v2\/pages\/62\/revisions"}],"predecessor-version":[{"id":2055,"href":"https:\/\/psychologue-larochelle-rochefort.fr\/index.php?rest_route=\/wp\/v2\/pages\/62\/revisions\/2055"}],"up":[{"embeddable":true,"href":"https:\/\/psychologue-larochelle-rochefort.fr\/index.php?rest_route=\/wp\/v2\/pages\/682"}],"wp:attachment":[{"href":"https:\/\/psychologue-larochelle-rochefort.fr\/index.php?rest_route=%2Fwp%2Fv2%2Fmedia&parent=62"}],"curies":[{"name":"wp","href":"https:\/\/api.w.org\/{rel}","templated":true}]}}