{"id":659,"date":"2019-12-31T17:22:15","date_gmt":"2019-12-31T16:22:15","guid":{"rendered":"http:\/\/psychologue-larochelle-rochefort.fr\/?page_id=659"},"modified":"2020-05-18T02:47:58","modified_gmt":"2020-05-18T01:47:58","slug":"formations","status":"publish","type":"page","link":"https:\/\/psychologue-larochelle-rochefort.fr\/?page_id=659","title":{"rendered":"FORMATIONS en Psychologie, en Parentalit\u00e9, en Education Positive, Communication Bienveillante\u2026 ! EN LIGNE AU CABINET EN STRUCTURES !"},"content":{"rendered":"<p><a href=\"http:\/\/psychologue-larochelle-rochefort.fr\/wp-content\/uploads\/2020\/01\/site-formations.png\"><img loading=\"lazy\" decoding=\"async\" class=\"wp-image-758 alignleft\" src=\"http:\/\/psychologue-larochelle-rochefort.fr\/wp-content\/uploads\/2020\/01\/site-formations.png\" alt=\"\" width=\"197\" height=\"137\" srcset=\"https:\/\/psychologue-larochelle-rochefort.fr\/wp-content\/uploads\/2020\/01\/site-formations.png 322w, https:\/\/psychologue-larochelle-rochefort.fr\/wp-content\/uploads\/2020\/01\/site-formations-300x209.png 300w\" sizes=\"auto, (max-width: 197px) 100vw, 197px\" \/><\/a>En tant que Formatrice Agr\u00e9\u00e9e, j&rsquo;interviens aupr\u00e8s des Professionnel(le)s de Sant\u00e9, de la Petite Enfance, de l&rsquo;Enfance et Adolescence le plus souvent au sein des structures<br \/>(en tant que formatrice ind\u00e9pendante avec un num\u00e9ro d&rsquo;agr\u00e9ment ou via des organismes)<\/p>\n\n\n<h5 class=\"wp-block-heading\"><\/h5>\n\n\n\n<p>Voici des&nbsp;th\u00e9matiques que j&rsquo;ai pu d\u00e9velopper :<\/p>\n\n\n\n<ul class=\"wp-block-list\"><li> <a href=\"http:\/\/psychologue-larochelle-rochefort.fr\/?page_id=97\">Bien Porter un b\u00e9b\u00e9 et le peau \u00e0 peau *<\/a><\/li><li>Communication Positive &amp; Gestion des \u00e9motions (g\u00e9rer les conflits, mieux communiquer \u2026)<\/li><li><a href=\"http:\/\/psychologue-larochelle-rochefort.fr\/?page_id=101\"> Accompagner le langage des jeunes enfants de mani\u00e8re ludique par des chansons, comptines et jeux sign\u00e9s (LSF)*<\/a><\/li><li> Psychologie du jeune enfant : les pleurs, le sommeil, l&rsquo;alimentation (DME, allaitement, &#8230;) , les \u00e9tapes du d\u00e9veloppement, la s\u00e9paration \/ l&rsquo;attachement &#8230; <\/li><li> Psychopathologie P\u00e9rinatale : D\u00e9pression pr\u00e9 post natale, Deuil p\u00e9rinatal, Pr\u00e9maturit\u00e9, Interactions M\u00e8re B\u00e9b\u00e9 \u2026 <\/li><li>les p\u00e9dagogies alternatives<\/li><li>les enfants et adolescents \u00e0 besoins particuliers (HPI, DYS, TDAH, \u2026) <\/li><li> Mieux g\u00e9rer les conflits entre enfants dans une structure (Cr\u00e8che, Halte Garderie, Ecole, Centre de loisirs &#8230;) \/ la violence \/ le harc\u00e8lement &#8230; <\/li><\/ul>\n\n\n\n<p>* vous pouvez cliquer sur les th\u00e9matiques de couleurs bleue afin d&rsquo;acc\u00e9der \u00e0 plus d&rsquo;informations sur celles ci.<\/p>\n\n\n\n<h4 class=\"wp-block-heading\">Pour une formation, veuillez contacter Sabrina MAMOUN GAILLER afin de d\u00e9finir vos besoins et vous transmettre un DEVIS et pour r\u00e9aliser un dossier afin que la formation puisse \u00eatre prise en charge. (Les ateliers ne peuvent pas \u00eatre pris en charge)<br>06 26 68 61 78      <\/h4>\n\n\n\n<a href=\"https:\/\/www.doctolib.fr\/psychologue\/saint-vivien\/sabrina-mamoun-gailler?utm_campaign=website-button&amp;utm_source=sabrina-mamoun-gailler-website-button&amp;utm_medium=referral&amp;utm_content=option-5&amp;utm_term=sabrina-mamoun-gailler\" style=\"display:block;text-align:center;background-color:#0596DE;color:#ffffff;font-size:14px;overflow:hidden;width:257px;height:40px;border-bottom-right-radius:none;border-bottom-left-radius:none;position:fixed;bottom:0;right:5px;z-index:1000;border-top-left-radius:4px;border-top-right-radius:4px;line-height:40px\" target=\"_blank\" data-reactroot=\"\" rel=\"noopener noreferrer\"><span style=\"font-size:13px\">Prendre rendez-vous en ligne<\/span><img decoding=\"async\" style=\"height:15px;margin-bottom:3px;vertical-align:middle;width:auto\" src=\"https:\/\/pro.doctolib.fr\/external_button\/doctolib-white-transparent.png\" alt=\"Doctolib\"\/><\/a>\n","protected":false},"excerpt":{"rendered":"<p>En tant que Formatrice Agr\u00e9\u00e9e, j&rsquo;interviens aupr\u00e8s des Professionnel(le)s de Sant\u00e9, de la Petite Enfance, de l&rsquo;Enfance et Adolescence le plus souvent au sein des structures(en tant que formatrice ind\u00e9pendante avec un num\u00e9ro d&rsquo;agr\u00e9ment ou via des organismes) Voici des&nbsp;th\u00e9matiques que j&rsquo;ai pu d\u00e9velopper : Bien Porter un b\u00e9b\u00e9 et le peau \u00e0 peau * &hellip; <\/p>\n<p><a class=\"more-link btn\" href=\"https:\/\/psychologue-larochelle-rochefort.fr\/?page_id=659\">Lire la suite<\/a><\/p>\n","protected":false},"author":1,"featured_media":0,"parent":677,"menu_order":1,"comment_status":"closed","ping_status":"closed","template":"template-twocolumnsright.php","meta":{"footnotes":""},"class_list":["post-659","page","type-page","status-publish","hentry","nodate","item-wrap"],"yoast_head":"<!-- This site is optimized with the Yoast SEO plugin v20.1 - https:\/\/yoast.com\/wordpress\/plugins\/seo\/ -->\n<title>FORMATIONS en Psychologie, en Parentalit\u00e9, en Education Positive, Communication Bienveillante\u2026 ! EN LIGNE AU CABINET EN STRUCTURES ! -<\/title>\n<meta name=\"robots\" content=\"index, follow, max-snippet:-1, max-image-preview:large, max-video-preview:-1\" \/>\n<link rel=\"canonical\" href=\"https:\/\/psychologue-larochelle-rochefort.fr\/?page_id=659\" \/>\n<meta property=\"og:locale\" content=\"fr_FR\" \/>\n<meta property=\"og:type\" content=\"article\" \/>\n<meta property=\"og:title\" content=\"FORMATIONS en Psychologie, en Parentalit\u00e9, en Education Positive, Communication Bienveillante\u2026 ! EN LIGNE AU CABINET EN STRUCTURES ! -\" \/>\n<meta property=\"og:description\" content=\"En tant que Formatrice Agr\u00e9\u00e9e, j&rsquo;interviens aupr\u00e8s des Professionnel(le)s de Sant\u00e9, de la Petite Enfance, de l&rsquo;Enfance et Adolescence le plus souvent au sein des structures(en tant que formatrice ind\u00e9pendante avec un num\u00e9ro d&rsquo;agr\u00e9ment ou via des organismes) Voici des&nbsp;th\u00e9matiques que j&rsquo;ai pu d\u00e9velopper : Bien Porter un b\u00e9b\u00e9 et le peau \u00e0 peau * &hellip; Lire la suite\" \/>\n<meta property=\"og:url\" content=\"https:\/\/psychologue-larochelle-rochefort.fr\/?page_id=659\" \/>\n<meta property=\"article:modified_time\" content=\"2020-05-18T01:47:58+00:00\" \/>\n<meta property=\"og:image\" content=\"http:\/\/psychologue-larochelle-rochefort.fr\/wp-content\/uploads\/2020\/01\/site-formations.png\" \/>\n<meta name=\"twitter:label1\" content=\"Dur\u00e9e de lecture estim\u00e9e\" \/>\n\t<meta name=\"twitter:data1\" content=\"1 minute\" \/>\n<script type=\"application\/ld+json\" class=\"yoast-schema-graph\">{\"@context\":\"https:\/\/schema.org\",\"@graph\":[{\"@type\":\"WebPage\",\"@id\":\"https:\/\/psychologue-larochelle-rochefort.fr\/?page_id=659\",\"url\":\"https:\/\/psychologue-larochelle-rochefort.fr\/?page_id=659\",\"name\":\"FORMATIONS en Psychologie, en Parentalit\u00e9, en Education Positive, Communication Bienveillante\u2026 ! EN LIGNE AU CABINET EN STRUCTURES ! -\",\"isPartOf\":{\"@id\":\"https:\/\/psychologue-larochelle-rochefort.fr\/#website\"},\"datePublished\":\"2019-12-31T16:22:15+00:00\",\"dateModified\":\"2020-05-18T01:47:58+00:00\",\"breadcrumb\":{\"@id\":\"https:\/\/psychologue-larochelle-rochefort.fr\/?page_id=659#breadcrumb\"},\"inLanguage\":\"fr-FR\",\"potentialAction\":[{\"@type\":\"ReadAction\",\"target\":[\"https:\/\/psychologue-larochelle-rochefort.fr\/?page_id=659\"]}]},{\"@type\":\"BreadcrumbList\",\"@id\":\"https:\/\/psychologue-larochelle-rochefort.fr\/?page_id=659#breadcrumb\",\"itemListElement\":[{\"@type\":\"ListItem\",\"position\":1,\"name\":\"Accueil\",\"item\":\"https:\/\/psychologue-larochelle-rochefort.fr\/\"},{\"@type\":\"ListItem\",\"position\":2,\"name\":\"ATELIERS \/ FORMATIONS \/ GROUPES de PAROLE \u2026 AU CABINET &#8211; EN STRUCTURES &#8211; EN LIGNE\",\"item\":\"https:\/\/psychologue-larochelle-rochefort.fr\/?page_id=677\"},{\"@type\":\"ListItem\",\"position\":3,\"name\":\"FORMATIONS en Psychologie, en Parentalit\u00e9, en Education Positive, Communication Bienveillante\u2026 ! EN LIGNE AU CABINET EN STRUCTURES !\"}]},{\"@type\":\"WebSite\",\"@id\":\"https:\/\/psychologue-larochelle-rochefort.fr\/#website\",\"url\":\"https:\/\/psychologue-larochelle-rochefort.fr\/\",\"name\":\"\",\"description\":\"Cabinet de Psychologie\",\"potentialAction\":[{\"@type\":\"SearchAction\",\"target\":{\"@type\":\"EntryPoint\",\"urlTemplate\":\"https:\/\/psychologue-larochelle-rochefort.fr\/?s={search_term_string}\"},\"query-input\":\"required name=search_term_string\"}],\"inLanguage\":\"fr-FR\"}]}<\/script>\n<!-- \/ Yoast SEO plugin. -->","yoast_head_json":{"title":"FORMATIONS en Psychologie, en Parentalit\u00e9, en Education Positive, Communication Bienveillante\u2026 ! EN LIGNE AU CABINET EN STRUCTURES ! -","robots":{"index":"index","follow":"follow","max-snippet":"max-snippet:-1","max-image-preview":"max-image-preview:large","max-video-preview":"max-video-preview:-1"},"canonical":"https:\/\/psychologue-larochelle-rochefort.fr\/?page_id=659","og_locale":"fr_FR","og_type":"article","og_title":"FORMATIONS en Psychologie, en Parentalit\u00e9, en Education Positive, Communication Bienveillante\u2026 ! EN LIGNE AU CABINET EN STRUCTURES ! -","og_description":"En tant que Formatrice Agr\u00e9\u00e9e, j&rsquo;interviens aupr\u00e8s des Professionnel(le)s de Sant\u00e9, de la Petite Enfance, de l&rsquo;Enfance et Adolescence le plus souvent au sein des structures(en tant que formatrice ind\u00e9pendante avec un num\u00e9ro d&rsquo;agr\u00e9ment ou via des organismes) Voici des&nbsp;th\u00e9matiques que j&rsquo;ai pu d\u00e9velopper : Bien Porter un b\u00e9b\u00e9 et le peau \u00e0 peau * &hellip; Lire la suite","og_url":"https:\/\/psychologue-larochelle-rochefort.fr\/?page_id=659","article_modified_time":"2020-05-18T01:47:58+00:00","og_image":[{"url":"http:\/\/psychologue-larochelle-rochefort.fr\/wp-content\/uploads\/2020\/01\/site-formations.png"}],"twitter_misc":{"Dur\u00e9e de lecture estim\u00e9e":"1 minute"},"schema":{"@context":"https:\/\/schema.org","@graph":[{"@type":"WebPage","@id":"https:\/\/psychologue-larochelle-rochefort.fr\/?page_id=659","url":"https:\/\/psychologue-larochelle-rochefort.fr\/?page_id=659","name":"FORMATIONS en Psychologie, en Parentalit\u00e9, en Education Positive, Communication Bienveillante\u2026 ! EN LIGNE AU CABINET EN STRUCTURES ! -","isPartOf":{"@id":"https:\/\/psychologue-larochelle-rochefort.fr\/#website"},"datePublished":"2019-12-31T16:22:15+00:00","dateModified":"2020-05-18T01:47:58+00:00","breadcrumb":{"@id":"https:\/\/psychologue-larochelle-rochefort.fr\/?page_id=659#breadcrumb"},"inLanguage":"fr-FR","potentialAction":[{"@type":"ReadAction","target":["https:\/\/psychologue-larochelle-rochefort.fr\/?page_id=659"]}]},{"@type":"BreadcrumbList","@id":"https:\/\/psychologue-larochelle-rochefort.fr\/?page_id=659#breadcrumb","itemListElement":[{"@type":"ListItem","position":1,"name":"Accueil","item":"https:\/\/psychologue-larochelle-rochefort.fr\/"},{"@type":"ListItem","position":2,"name":"ATELIERS \/ FORMATIONS \/ GROUPES de PAROLE \u2026 AU CABINET &#8211; EN STRUCTURES &#8211; EN LIGNE","item":"https:\/\/psychologue-larochelle-rochefort.fr\/?page_id=677"},{"@type":"ListItem","position":3,"name":"FORMATIONS en Psychologie, en Parentalit\u00e9, en Education Positive, Communication Bienveillante\u2026 ! EN LIGNE AU CABINET EN STRUCTURES !"}]},{"@type":"WebSite","@id":"https:\/\/psychologue-larochelle-rochefort.fr\/#website","url":"https:\/\/psychologue-larochelle-rochefort.fr\/","name":"","description":"Cabinet de Psychologie","potentialAction":[{"@type":"SearchAction","target":{"@type":"EntryPoint","urlTemplate":"https:\/\/psychologue-larochelle-rochefort.fr\/?s={search_term_string}"},"query-input":"required name=search_term_string"}],"inLanguage":"fr-FR"}]}},"_links":{"self":[{"href":"https:\/\/psychologue-larochelle-rochefort.fr\/index.php?rest_route=\/wp\/v2\/pages\/659","targetHints":{"allow":["GET"]}}],"collection":[{"href":"https:\/\/psychologue-larochelle-rochefort.fr\/index.php?rest_route=\/wp\/v2\/pages"}],"about":[{"href":"https:\/\/psychologue-larochelle-rochefort.fr\/index.php?rest_route=\/wp\/v2\/types\/page"}],"author":[{"embeddable":true,"href":"https:\/\/psychologue-larochelle-rochefort.fr\/index.php?rest_route=\/wp\/v2\/users\/1"}],"replies":[{"embeddable":true,"href":"https:\/\/psychologue-larochelle-rochefort.fr\/index.php?rest_route=%2Fwp%2Fv2%2Fcomments&post=659"}],"version-history":[{"count":15,"href":"https:\/\/psychologue-larochelle-rochefort.fr\/index.php?rest_route=\/wp\/v2\/pages\/659\/revisions"}],"predecessor-version":[{"id":1209,"href":"https:\/\/psychologue-larochelle-rochefort.fr\/index.php?rest_route=\/wp\/v2\/pages\/659\/revisions\/1209"}],"up":[{"embeddable":true,"href":"https:\/\/psychologue-larochelle-rochefort.fr\/index.php?rest_route=\/wp\/v2\/pages\/677"}],"wp:attachment":[{"href":"https:\/\/psychologue-larochelle-rochefort.fr\/index.php?rest_route=%2Fwp%2Fv2%2Fmedia&parent=659"}],"curies":[{"name":"wp","href":"https:\/\/api.w.org\/{rel}","templated":true}]}}