{"id":90,"date":"2016-08-25T16:41:33","date_gmt":"2016-08-25T15:41:33","guid":{"rendered":"http:\/\/psychologue-larochelle-rochefort.fr\/?page_id=90"},"modified":"2025-01-10T23:44:15","modified_gmt":"2025-01-10T22:44:15","slug":"mon-parcours","status":"publish","type":"page","link":"https:\/\/psychologue-larochelle-rochefort.fr\/?page_id=90","title":{"rendered":"Mon parcours"},"content":{"rendered":"<p>Apr\u00e8s avoir exerc\u00e9 comme \u00e9ducatrice aupr\u00e8s d&rsquo;enfants et adolescents en situation de handicaps dont TSA, <br \/>j&rsquo;ai suivi cinq ann\u00e9es d&rsquo;\u00e9tudes universitaires afin d&rsquo;obtenir en 2004, un <span style=\"text-decoration: underline;\">DESS (MASTER 2) en PSYCHOLOGIE \u00e0 PARIS V Ren\u00e9 Descartes<\/span> (5 ann\u00e9es Universitaires en Psychologie) avec sp\u00e9cialisation Petite Enfance, Enfance, Adolescence et Parentalit\u00e9 &#8211; PSYCHOPATHOLOGIE CLINIQUE\u00a0 &#8211; \u00a0DEVELOPPEMENT psycho affectif et cognitif &#8211; neuropsychologie.<\/p>\n<p><strong>J&rsquo;ai le titre de Psychologue <\/strong>et je suis <strong>enregistr\u00e9e \u00e0 l&rsquo;ARS (RPPS) <\/strong>avec mon dipl\u00f4me de <span style=\"text-decoration: underline;\"><strong>DESS<\/strong>, <\/span>ainsi que les dipl\u00f4mes de <span style=\"text-decoration: underline;\">Licence<\/span> et de <span style=\"text-decoration: underline;\">Maitrise en PSYCHOPATHOLOGIE, PSYCHOLOGIE CLINIQUE et DEVELOPPEMENT.<\/span><\/p>\n<p>En 2014, j&rsquo;ai voulu approfondir le champ de la Maternit\u00e9 et Post partum, en obtenant un <span style=\"text-decoration: underline;\"><strong>Dipl\u00f4me Universitaire de<\/strong> <strong>Psychiatrie PERINATALE<\/strong><\/span> \u00e0 Bordeaux Universit\u00e9 de M\u00e9decine \/ Unit\u00e9 P\u00e9rinatalit\u00e9 Charles Perrens et me former \u00e0 l&rsquo; approche PTI : <strong>Psychoth\u00e9rapie Interpersonnelle.<\/strong><\/p>\n<p>Je participe r\u00e9guli\u00e8rement \u00e0 des <strong>formations, colloques :<br \/><\/strong><strong><br \/>Formations et R\u00e9actualisations :<br \/><\/strong>&#8211; Psychotraumatismes<br \/>&#8211; Accompagnement au deuil<br \/>&#8211; les troubles psychiques<br \/>&#8211; les TND, \u00a0Bilans et les accompagnements<br \/>&#8211; les techniques de yoga en classe<br \/>&#8211; les habilet\u00e9s psychosociales &#8230;<\/p>\n<p><strong>2021 :<br \/><\/strong>&#8211; EMDR avec certification France Europe\u00a0 avec sp\u00e9cialisation enfants<br \/>&#8211; le Bilan Neuropsychologique de l&rsquo;enfant et adolescent et diagnostics diff\u00e9rentiels<br \/>&#8211; Les fonctions ex\u00e9cutives : Bilan et accompagnement\u00a0<br \/>&#8211; l&rsquo;entretien d&rsquo;anamn\u00e8se pour des enfants avec TSA<br \/>&#8211; ADI-R<br \/>&#8211; PEHP Programme d&rsquo;entrainement aux habilet\u00e9s parentales &#8211; groupes BARKLEY<\/p>\n<p><strong>2019 \/ 2020 :<br \/><\/strong>&#8211; Formations en Neuropsychologie \/ Tests<br \/>&#8211; Conf\u00e9rences \/ Colloques \/ Formations HPI\/TDAH\/DYS : Jean Siaud Facchin. Olivier Revol. Alain Pouhet. Jean Fran\u00e7ois Laurent etc &#8230;<br \/>&#8211; le stress post traumatique <br \/>&#8211; les femmes victimes de violences conjugales<br \/>&#8211;\u00a0 LSF avec le Centre de formation de Poitiers<br \/>&#8211; R\u00e9actualisation : Sophrologie, TCC, <br \/>&#8211; Petits Bonhommes allumettes\u00a0<\/p>\n<p>2018 :<br \/>&#8211; formations sur <b>l\u2019\u00e9cole inclusive<br \/><\/b><b>&#8211; C<\/b>onf\u00e9rences \/ Colloques \/ Formations TSA, HPI, DYS, TDAH&#8230;<\/p>\n<p>2017 :<br \/>&#8211; formation sur les <b>HPI<br \/><\/b>&#8211; formation <b>WISC V<\/b> \u00e0 Paris puis Bordeaux.<br \/>&#8211; formations : tests &#8211; rem\u00e9diations cognitives<br \/>&#8211; Psychologie positive<\/p>\n<p>2016 :<br \/>&#8211; colloque \u00e0 Avignon \u00a0\u00ab\u00a0B\u00e9b\u00e9 attentif cherche adulte(s) attentionn\u00e9(s) &#8211; ARIP<br \/>&#8211; formations sur la <b>Gestion des \u00e9motions et sur la Communication\u00a0<br \/>&#8211; T<\/b>h\u00e9rapie avec les fleurs de bach<\/p>\n<p>formations ant\u00e9rieures :<br \/>&#8211; <strong>Psycho-g\u00e9n\u00e9alogie<br \/><\/strong>&#8211; P\u00e9dagogie <strong>Montessori<\/strong> Niveau 1, 2 et 3 (Maternelle \u00e9l\u00e9mentaire)<br \/>&#8211; <strong>Portage Physiologique et psychique<\/strong> &#8211; Peau \u00e0 peau : Comment bien porter son b\u00e9b\u00e9 avec IEFAP, PSETUA, Portage et Pr\u00e9maturit\u00e9<br \/>&#8211; <strong>Communication Positive et Gestion des \u00e9motions<\/strong> : Faber et Mazlish &#8211; I Filliozat &#8211; C Dumonteil &#8211; Kremer &#8230;<br \/>&#8211; <strong>Communiquer avec les signes : B\u00e9b\u00e9s Signeurs<br \/><\/strong>&#8211; <strong>Naitre O Monde<\/strong> : Bien \u00catre, Bien Na\u00eetre, Bien Vivre<br \/>&#8211; <strong>Relaxation, EFT<\/strong><\/p>\n<p><strong>Mes pratiques :<br \/><\/strong>&#8211; TCC, Psychologie Positive, EMDR, individuelles et en groupe : Jeunes enfants, Enfants \/ Adolescents \/ Jeunes Adultes pour des difficult\u00e9s relationnelles, psychiques, comportementales, d\u2019apprentissage &#8230;<br \/>&#8211; Groupes th\u00e9rapeutiques et groupes de parole : enfants, adolescents, futures mamans, parents &#8230;<br \/>&#8211; Accompagnement P\u00e9rinatal\/ Maternit\u00e9 et Parental (Guidance) individuellement \/ en groupe<br \/>&#8211; Psychoth\u00e9rapie Interpersonnelle (D\u00e9pression, Pertes, Transitions et \u00c9v\u00e8nements de vie difficiles &#8230;)<br \/>&#8211; \u00c9valuations, orientation et rem\u00e9diations : HPI, TDAH, DYS, TSA, TOP.. difficult\u00e9s scolaires &#8230;<br \/>&#8211; Expertises judiciaires infantiles<br \/>&#8211; Rencontres M\u00e9diatis\u00e9es<br \/>&#8211;\u00a0 Interventions \/ partenaires des Institutions M\u00e9dicales (Centres Hospitaliers : p\u00e9dopsychiatrie, Maternit\u00e9s &#8230; ), Sociales (MECS, Foyer de l&rsquo;enfance, &#8230;) et M\u00e9dico Sociales (DYS, TDC, TSA, &#8230; ), des Etablissements scolaires.\u00a0<br \/>&#8211; Analyse des pratiques<br \/>&#8211; Enseignement (Ecoles Maternelles, Ecoles El\u00e9mentaires, IFSI)<br \/>&#8211; Formations (n\u00b0 de Formatrice ind\u00e9pendante et formatrice au CNFPT)<\/p>\n\n\n<a href=\"https:\/\/www.doctolib.fr\/psychologue\/saint-vivien\/sabrina-mamoun-gailler?utm_campaign=website-button&amp;utm_source=sabrina-mamoun-gailler-website-button&amp;utm_medium=referral&amp;utm_content=option-5&amp;utm_term=sabrina-mamoun-gailler\" style=\"display:block;text-align:center;background-color:#0596DE;color:#ffffff;font-size:14px;overflow:hidden;width:257px;height:40px;border-bottom-right-radius:none;border-bottom-left-radius:none;position:fixed;bottom:0;right:5px;z-index:1000;border-top-left-radius:4px;border-top-right-radius:4px;line-height:40px\" target=\"_blank\" data-reactroot=\"\" rel=\"noopener noreferrer\"><span style=\"font-size:13px\">Prendre rendez-vous en ligne<\/span><img decoding=\"async\" style=\"height:15px;margin-bottom:3px;vertical-align:middle;width:auto\" src=\"https:\/\/pro.doctolib.fr\/external_button\/doctolib-white-transparent.png\" alt=\"Doctolib\"><\/a>\n","protected":false},"excerpt":{"rendered":"<p>Apr\u00e8s avoir exerc\u00e9 comme \u00e9ducatrice aupr\u00e8s d&rsquo;enfants et adolescents en situation de handicaps dont TSA, j&rsquo;ai suivi cinq ann\u00e9es d&rsquo;\u00e9tudes universitaires afin d&rsquo;obtenir en 2004, un DESS (MASTER 2) en PSYCHOLOGIE \u00e0 PARIS V Ren\u00e9 Descartes (5 ann\u00e9es Universitaires en Psychologie) avec sp\u00e9cialisation Petite Enfance, Enfance, Adolescence et Parentalit\u00e9 &#8211; PSYCHOPATHOLOGIE CLINIQUE\u00a0 &#8211; \u00a0DEVELOPPEMENT psycho &hellip; <\/p>\n<p><a class=\"more-link btn\" href=\"https:\/\/psychologue-larochelle-rochefort.fr\/?page_id=90\">Lire la suite<\/a><\/p>\n","protected":false},"author":1,"featured_media":0,"parent":82,"menu_order":2,"comment_status":"closed","ping_status":"closed","template":"template-twocolumnsright.php","meta":{"footnotes":""},"class_list":["post-90","page","type-page","status-publish","hentry","nodate","item-wrap"],"yoast_head":"<!-- This site is optimized with the Yoast SEO plugin v20.1 - https:\/\/yoast.com\/wordpress\/plugins\/seo\/ -->\n<title>Mon parcours -<\/title>\n<meta name=\"robots\" content=\"index, follow, max-snippet:-1, max-image-preview:large, max-video-preview:-1\" \/>\n<link rel=\"canonical\" href=\"http:\/\/psychologue-larochelle-rochefort.fr\/?page_id=90\" \/>\n<meta property=\"og:locale\" content=\"fr_FR\" \/>\n<meta property=\"og:type\" content=\"article\" \/>\n<meta property=\"og:title\" content=\"Mon parcours -\" \/>\n<meta property=\"og:description\" content=\"Apr\u00e8s avoir exerc\u00e9 comme \u00e9ducatrice aupr\u00e8s d&rsquo;enfants et adolescents en situation de handicaps dont TSA, j&rsquo;ai suivi cinq ann\u00e9es d&rsquo;\u00e9tudes universitaires afin d&rsquo;obtenir en 2004, un DESS (MASTER 2) en PSYCHOLOGIE \u00e0 PARIS V Ren\u00e9 Descartes (5 ann\u00e9es Universitaires en Psychologie) avec sp\u00e9cialisation Petite Enfance, Enfance, Adolescence et Parentalit\u00e9 &#8211; PSYCHOPATHOLOGIE CLINIQUE\u00a0 &#8211; \u00a0DEVELOPPEMENT psycho &hellip; Lire la suite\" \/>\n<meta property=\"og:url\" content=\"http:\/\/psychologue-larochelle-rochefort.fr\/?page_id=90\" \/>\n<meta property=\"article:modified_time\" content=\"2025-01-10T22:44:15+00:00\" \/>\n<meta property=\"og:image\" content=\"https:\/\/pro.doctolib.fr\/external_button\/doctolib-white-transparent.png\" \/>\n<meta name=\"twitter:label1\" content=\"Dur\u00e9e de lecture estim\u00e9e\" \/>\n\t<meta name=\"twitter:data1\" content=\"3 minutes\" \/>\n<script type=\"application\/ld+json\" class=\"yoast-schema-graph\">{\"@context\":\"https:\/\/schema.org\",\"@graph\":[{\"@type\":\"WebPage\",\"@id\":\"http:\/\/psychologue-larochelle-rochefort.fr\/?page_id=90\",\"url\":\"http:\/\/psychologue-larochelle-rochefort.fr\/?page_id=90\",\"name\":\"Mon parcours -\",\"isPartOf\":{\"@id\":\"https:\/\/psychologue-larochelle-rochefort.fr\/#website\"},\"datePublished\":\"2016-08-25T15:41:33+00:00\",\"dateModified\":\"2025-01-10T22:44:15+00:00\",\"breadcrumb\":{\"@id\":\"http:\/\/psychologue-larochelle-rochefort.fr\/?page_id=90#breadcrumb\"},\"inLanguage\":\"fr-FR\",\"potentialAction\":[{\"@type\":\"ReadAction\",\"target\":[\"http:\/\/psychologue-larochelle-rochefort.fr\/?page_id=90\"]}]},{\"@type\":\"BreadcrumbList\",\"@id\":\"http:\/\/psychologue-larochelle-rochefort.fr\/?page_id=90#breadcrumb\",\"itemListElement\":[{\"@type\":\"ListItem\",\"position\":1,\"name\":\"Accueil\",\"item\":\"https:\/\/psychologue-larochelle-rochefort.fr\/\"},{\"@type\":\"ListItem\",\"position\":2,\"name\":\"Etre Psychologue\",\"item\":\"http:\/\/psychologue-larochelle-rochefort.fr\/?page_id=82\"},{\"@type\":\"ListItem\",\"position\":3,\"name\":\"Mon parcours\"}]},{\"@type\":\"WebSite\",\"@id\":\"https:\/\/psychologue-larochelle-rochefort.fr\/#website\",\"url\":\"https:\/\/psychologue-larochelle-rochefort.fr\/\",\"name\":\"\",\"description\":\"Cabinet de Psychologie\",\"potentialAction\":[{\"@type\":\"SearchAction\",\"target\":{\"@type\":\"EntryPoint\",\"urlTemplate\":\"https:\/\/psychologue-larochelle-rochefort.fr\/?s={search_term_string}\"},\"query-input\":\"required name=search_term_string\"}],\"inLanguage\":\"fr-FR\"}]}<\/script>\n<!-- \/ Yoast SEO plugin. -->","yoast_head_json":{"title":"Mon parcours -","robots":{"index":"index","follow":"follow","max-snippet":"max-snippet:-1","max-image-preview":"max-image-preview:large","max-video-preview":"max-video-preview:-1"},"canonical":"http:\/\/psychologue-larochelle-rochefort.fr\/?page_id=90","og_locale":"fr_FR","og_type":"article","og_title":"Mon parcours -","og_description":"Apr\u00e8s avoir exerc\u00e9 comme \u00e9ducatrice aupr\u00e8s d&rsquo;enfants et adolescents en situation de handicaps dont TSA, j&rsquo;ai suivi cinq ann\u00e9es d&rsquo;\u00e9tudes universitaires afin d&rsquo;obtenir en 2004, un DESS (MASTER 2) en PSYCHOLOGIE \u00e0 PARIS V Ren\u00e9 Descartes (5 ann\u00e9es Universitaires en Psychologie) avec sp\u00e9cialisation Petite Enfance, Enfance, Adolescence et Parentalit\u00e9 &#8211; PSYCHOPATHOLOGIE CLINIQUE\u00a0 &#8211; \u00a0DEVELOPPEMENT psycho &hellip; Lire la suite","og_url":"http:\/\/psychologue-larochelle-rochefort.fr\/?page_id=90","article_modified_time":"2025-01-10T22:44:15+00:00","og_image":[{"url":"https:\/\/pro.doctolib.fr\/external_button\/doctolib-white-transparent.png"}],"twitter_misc":{"Dur\u00e9e de lecture estim\u00e9e":"3 minutes"},"schema":{"@context":"https:\/\/schema.org","@graph":[{"@type":"WebPage","@id":"http:\/\/psychologue-larochelle-rochefort.fr\/?page_id=90","url":"http:\/\/psychologue-larochelle-rochefort.fr\/?page_id=90","name":"Mon parcours -","isPartOf":{"@id":"https:\/\/psychologue-larochelle-rochefort.fr\/#website"},"datePublished":"2016-08-25T15:41:33+00:00","dateModified":"2025-01-10T22:44:15+00:00","breadcrumb":{"@id":"http:\/\/psychologue-larochelle-rochefort.fr\/?page_id=90#breadcrumb"},"inLanguage":"fr-FR","potentialAction":[{"@type":"ReadAction","target":["http:\/\/psychologue-larochelle-rochefort.fr\/?page_id=90"]}]},{"@type":"BreadcrumbList","@id":"http:\/\/psychologue-larochelle-rochefort.fr\/?page_id=90#breadcrumb","itemListElement":[{"@type":"ListItem","position":1,"name":"Accueil","item":"https:\/\/psychologue-larochelle-rochefort.fr\/"},{"@type":"ListItem","position":2,"name":"Etre Psychologue","item":"http:\/\/psychologue-larochelle-rochefort.fr\/?page_id=82"},{"@type":"ListItem","position":3,"name":"Mon parcours"}]},{"@type":"WebSite","@id":"https:\/\/psychologue-larochelle-rochefort.fr\/#website","url":"https:\/\/psychologue-larochelle-rochefort.fr\/","name":"","description":"Cabinet de Psychologie","potentialAction":[{"@type":"SearchAction","target":{"@type":"EntryPoint","urlTemplate":"https:\/\/psychologue-larochelle-rochefort.fr\/?s={search_term_string}"},"query-input":"required name=search_term_string"}],"inLanguage":"fr-FR"}]}},"_links":{"self":[{"href":"https:\/\/psychologue-larochelle-rochefort.fr\/index.php?rest_route=\/wp\/v2\/pages\/90","targetHints":{"allow":["GET"]}}],"collection":[{"href":"https:\/\/psychologue-larochelle-rochefort.fr\/index.php?rest_route=\/wp\/v2\/pages"}],"about":[{"href":"https:\/\/psychologue-larochelle-rochefort.fr\/index.php?rest_route=\/wp\/v2\/types\/page"}],"author":[{"embeddable":true,"href":"https:\/\/psychologue-larochelle-rochefort.fr\/index.php?rest_route=\/wp\/v2\/users\/1"}],"replies":[{"embeddable":true,"href":"https:\/\/psychologue-larochelle-rochefort.fr\/index.php?rest_route=%2Fwp%2Fv2%2Fcomments&post=90"}],"version-history":[{"count":68,"href":"https:\/\/psychologue-larochelle-rochefort.fr\/index.php?rest_route=\/wp\/v2\/pages\/90\/revisions"}],"predecessor-version":[{"id":1769,"href":"https:\/\/psychologue-larochelle-rochefort.fr\/index.php?rest_route=\/wp\/v2\/pages\/90\/revisions\/1769"}],"up":[{"embeddable":true,"href":"https:\/\/psychologue-larochelle-rochefort.fr\/index.php?rest_route=\/wp\/v2\/pages\/82"}],"wp:attachment":[{"href":"https:\/\/psychologue-larochelle-rochefort.fr\/index.php?rest_route=%2Fwp%2Fv2%2Fmedia&parent=90"}],"curies":[{"name":"wp","href":"https:\/\/api.w.org\/{rel}","templated":true}]}}